{"id":2813,"date":"2025-10-28T07:55:48","date_gmt":"2025-10-28T07:55:48","guid":{"rendered":"https:\/\/speedybaits.sk\/?post_type=product&#038;p=2813"},"modified":"2025-10-28T08:32:19","modified_gmt":"2025-10-28T08:32:19","slug":"extra-tube-pole-1-m-2","status":"publish","type":"product","link":"https:\/\/speedybaits.sk\/hu\/termek\/extra-tube-pole-1-m-2\/","title":{"rendered":"Extra tube pole 1 m"},"content":{"rendered":"<pre id=\"tw-target-text\" class=\"tw-data-text tw-text-large JgzqYd RES9jf tw-ta\" dir=\"ltr\" role=\"text\" data-placeholder=\"Preklad\" data-ved=\"2ahUKEwip0ezas8aQAxWJ9wIHHctAI30Q3ewLegQICRAY\" aria-label=\"Prelo\u017een\u00fd text: \u0160peci\u00e1lna v\u0155tan\u00e1 r\u00farka, ktor\u00e1 sl\u00fa\u017ei ako dodato\u010dn\u00e1 hmotnos\u0165 v zna\u010dkova\u010di. Origin\u00e1lne zna\u010dky v na\u0161ej ponuke maj\u00fa d\u013a\u017eku 6 m. Ak chcete pred\u013a\u017ei\u0165 d\u013a\u017eku v\u00e1\u0161ho zna\u010dkova\u010da, mus\u00edte pam\u00e4ta\u0165 na dodato\u010dn\u00fa vrtn\u00fa r\u00farku. Spr\u00e1vne pou\u017eitie r\u00farky je nasledovn\u00e9: H\u013abka 6-7 metrov 1 v\u0155tan\u00e1 r\u00farka H\u013abka 8-9 m 2-3 vrtn\u00e9 r\u00farky H\u013abky 10-12 metrov 5 vrtn\u00fdch r\u00farok H\u013abky v\u00e4\u010d\u0161ie ako 12 metrov 6 vrtn\u00fdch r\u00farok\"><span class=\"Y2IQFc\" lang=\"sk\">\u0160peci\u00e1lna v\u0155tan\u00e1 r\u00farka, ktor\u00e1 sl\u00fa\u017ei ako dodato\u010dn\u00e1 hmotnos\u0165 v zna\u010dkovani. Origin\u00e1lne zna\u010dky v na\u0161ej ponuke maj\u00fa d\u013a\u017eku 6 m. Ak chcete pred\u013a\u017ei\u0165 d\u013a\u017eku v\u00e1\u0161ho zna\u010dkova\u010da, mus\u00edte pam\u00e4ta\u0165 na dodato\u010dn\u00fa vrtn\u00fa r\u00farku.<\/span>\u2029<span class=\"Y2IQFc\" lang=\"sk\"><\/span>\u2029<span class=\"Y2IQFc\" lang=\"sk\">Spr\u00e1vne pou\u017eitie r\u00farky je nasledovn\u00e9:<\/span>\u2029<span class=\"Y2IQFc\" lang=\"sk\"><\/span>\u2029<span class=\"Y2IQFc\" lang=\"sk\">H\u013abka 6-7 metrov 1 v\u0155tan\u00e1 r\u00farka<\/span>\u2029<span class=\"Y2IQFc\" lang=\"sk\"><\/span>\u2029<span class=\"Y2IQFc\" lang=\"sk\">H\u013abka 8-9 m 2-3 vrtn\u00e9 r\u00farky<\/span>\u2029<span class=\"Y2IQFc\" lang=\"sk\"><\/span>\u2029<span class=\"Y2IQFc\" lang=\"sk\">H\u013abky 10-12 metrov 5 vrtn\u00fdch r\u00farok<\/span>\u2029<span class=\"Y2IQFc\" lang=\"sk\"><\/span>\u2029<span class=\"Y2IQFc\" lang=\"sk\">H\u013abky v\u00e4\u010d\u0161ie ako 12 metrov 6 vrtn\u00fdch r\u00farok<\/span><\/pre>","protected":false},"excerpt":{"rendered":"<p>\u0160peci\u00e1lna v\u0155tan\u00e1 r\u00farka, ktor\u00e1 sl\u00fa\u017ei ako dodato\u010dn\u00e1 hmotnos\u0165 v zna\u010dkovani. Origin\u00e1lne zna\u010dky v na\u0161ej ponuke maj\u00fa d\u013a\u017eku 6 m. Ak<\/p>","protected":false},"featured_media":2811,"template":"","meta":{"advanced_seo_description":"","jetpack_seo_html_title":"","jetpack_seo_noindex":false},"product_brand":[],"product_cat":[136],"product_tag":[],"class_list":{"0":"post-2813","1":"product","2":"type-product","3":"status-publish","4":"has-post-thumbnail","6":"product_cat-tycova-boja-so-stmievacim-senzorom-6-m","8":"first","9":"instock","10":"taxable","11":"shipping-taxable","12":"purchasable","13":"product-type-simple"},"jetpack_sharing_enabled":true,"_links":{"self":[{"href":"https:\/\/speedybaits.sk\/hu\/wp-json\/wp\/v2\/product\/2813","targetHints":{"allow":["GET"]}}],"collection":[{"href":"https:\/\/speedybaits.sk\/hu\/wp-json\/wp\/v2\/product"}],"about":[{"href":"https:\/\/speedybaits.sk\/hu\/wp-json\/wp\/v2\/types\/product"}],"version-history":[{"count":3,"href":"https:\/\/speedybaits.sk\/hu\/wp-json\/wp\/v2\/product\/2813\/revisions"}],"predecessor-version":[{"id":2820,"href":"https:\/\/speedybaits.sk\/hu\/wp-json\/wp\/v2\/product\/2813\/revisions\/2820"}],"wp:featuredmedia":[{"embeddable":true,"href":"https:\/\/speedybaits.sk\/hu\/wp-json\/wp\/v2\/media\/2811"}],"wp:attachment":[{"href":"https:\/\/speedybaits.sk\/hu\/wp-json\/wp\/v2\/media?parent=2813"}],"wp:term":[{"taxonomy":"product_brand","embeddable":true,"href":"https:\/\/speedybaits.sk\/hu\/wp-json\/wp\/v2\/product_brand?post=2813"},{"taxonomy":"product_cat","embeddable":true,"href":"https:\/\/speedybaits.sk\/hu\/wp-json\/wp\/v2\/product_cat?post=2813"},{"taxonomy":"product_tag","embeddable":true,"href":"https:\/\/speedybaits.sk\/hu\/wp-json\/wp\/v2\/product_tag?post=2813"}],"curies":[{"name":"wp","href":"https:\/\/api.w.org\/{rel}","templated":true}]}}