{"id":2364,"date":"2025-06-27T16:35:38","date_gmt":"2025-06-27T16:35:38","guid":{"rendered":"https:\/\/speedybaits.sk\/produkt\/katran-noznice-titanium-coated-12cm\/"},"modified":"2025-08-23T21:06:21","modified_gmt":"2025-08-23T21:06:21","slug":"katran-noznice-titanium-coated-12cm","status":"publish","type":"product","link":"https:\/\/speedybaits.sk\/hu\/termek\/katran-noznice-titanium-coated-12cm\/","title":{"rendered":"KATRAN No\u017enice Titanium coated 12cm"},"content":{"rendered":"<div align=\"justify\" style=\"font-family: Roboto, Helvetica, Arial, sans-serif;font-size: 14px;font-style: normal;font-weight: 400;letter-spacing: normal;text-indent: 0px;text-transform: none;text-decoration: none\">\n<p style=\"margin: 0px 0px 10px\">**Vysoko kvalitn\u00e9 no\u017enice, \u0161ikovn\u00e9, u\u017eito\u010dn\u00e9 a ur\u010dite stoja za to, aby boli v&nbsp;ka\u017edej \u0161katu\u013eke<\/p>\n<p style=\"margin: 0px 0px 10px\">Najvhodnej\u0161ie pre pr\u00e1cu s&nbsp;vlascami, n\u00e1v\u00e4zcami, h\u00e1\u010dikmi a n\u00e1v\u00e4zcov\u00fdmi \u0161n\u00farkami do 25&nbsp;lb.<\/p>\n<ul style=\"margin-top: 0px;margin-bottom: 10px\">\n<li>ostr\u00e9, ozuben\u00e9 \u010depele<\/li>\n<li>povrch potiahnut\u00fd uhl\u00edkom, ktor\u00fd zabra\u0148uje hrdzi<\/li>\n<li>no\u010dn\u00fd odraz svetla s&nbsp;\u010delovkou Katran W\/B 460&nbsp;PRO<\/li>\n<li>ekologick\u00e9 balenie<\/li>\n<li>pohodln\u00e9 gumen\u00e9 rukov\u00e4te<\/li>\n<li>\u013eahk\u00e9 a \u0161t\u00fdlov\u00e9.<\/li>\n<\/ul>\n<\/div>","protected":false},"excerpt":{"rendered":"<div align=\"justify\" style=\"font-family: Roboto, Helvetica, Arial, sans-serif;font-size: 14px;font-style: normal;font-weight: 400;letter-spacing: normal;text-indent: 0px;text-transform: none;text-decoration: none\">\n<p style=\"margin: 0px 0px 10px\">**Vysoko kvalitn\u00e9 no\u017enice, \u0161ikovn\u00e9, u\u017eito\u010dn\u00e9 a ur\u010dite stoja za to, aby boli v&nbsp;ka\u017edej \u0161katu\u013eke<\/p>\n<p style=\"margin: 0px 0px 10px\">Najvhodnej\u0161ie pre pr\u00e1cu s&nbsp;vlascami, n\u00e1v\u00e4zcami, h\u00e1\u010dikmi a n\u00e1v\u00e4zcov\u00fdmi \u0161n\u00farkami do 25&nbsp;lb.<\/p>\n<ul style=\"margin-top: 0px;margin-bottom: 10px\">\n<li>ostr\u00e9, ozuben\u00e9 \u010depele<\/li>\n<li>povrch potiahnut\u00fd uhl\u00edkom, ktor\u00fd zabra\u0148uje hrdzi<\/li>\n<li>no\u010dn\u00fd odraz svetla s&nbsp;\u010delovkou Katran W\/B 460&nbsp;PRO<\/li>\n<li>ekologick\u00e9 balenie<\/li>\n<li>pohodln\u00e9 gumen\u00e9 rukov\u00e4te<\/li>\n<li>\u013eahk\u00e9 a \u0161t\u00fdlov\u00e9.<\/li>\n<\/ul>\n<\/div>","protected":false},"featured_media":2359,"template":"","meta":{"advanced_seo_description":"","jetpack_seo_html_title":"","jetpack_seo_noindex":false},"product_brand":[],"product_cat":[80],"product_tag":[],"class_list":{"0":"post-2364","1":"product","2":"type-product","3":"status-publish","4":"has-post-thumbnail","6":"product_cat-noznicky-na-vlasec-a-snuru","8":"first","9":"instock","10":"taxable","11":"shipping-taxable","12":"purchasable","13":"product-type-simple"},"jetpack_sharing_enabled":true,"_links":{"self":[{"href":"https:\/\/speedybaits.sk\/hu\/wp-json\/wp\/v2\/product\/2364","targetHints":{"allow":["GET"]}}],"collection":[{"href":"https:\/\/speedybaits.sk\/hu\/wp-json\/wp\/v2\/product"}],"about":[{"href":"https:\/\/speedybaits.sk\/hu\/wp-json\/wp\/v2\/types\/product"}],"version-history":[{"count":0,"href":"https:\/\/speedybaits.sk\/hu\/wp-json\/wp\/v2\/product\/2364\/revisions"}],"wp:featuredmedia":[{"embeddable":true,"href":"https:\/\/speedybaits.sk\/hu\/wp-json\/wp\/v2\/media\/2359"}],"wp:attachment":[{"href":"https:\/\/speedybaits.sk\/hu\/wp-json\/wp\/v2\/media?parent=2364"}],"wp:term":[{"taxonomy":"product_brand","embeddable":true,"href":"https:\/\/speedybaits.sk\/hu\/wp-json\/wp\/v2\/product_brand?post=2364"},{"taxonomy":"product_cat","embeddable":true,"href":"https:\/\/speedybaits.sk\/hu\/wp-json\/wp\/v2\/product_cat?post=2364"},{"taxonomy":"product_tag","embeddable":true,"href":"https:\/\/speedybaits.sk\/hu\/wp-json\/wp\/v2\/product_tag?post=2364"}],"curies":[{"name":"wp","href":"https:\/\/api.w.org\/{rel}","templated":true}]}}