{"id":2075,"date":"2025-06-17T18:18:49","date_gmt":"2025-06-17T18:18:49","guid":{"rendered":"https:\/\/speedybaits.sk\/produkt\/cierne-tricko-panske\/"},"modified":"2025-08-23T21:07:35","modified_gmt":"2025-08-23T21:07:35","slug":"cierne-tricko-panske","status":"publish","type":"product","link":"https:\/\/speedybaits.sk\/hu\/termek\/cierne-tricko-panske\/","title":{"rendered":"\u010cierne tri\u010dko p\u00e1nske"},"content":{"rendered":"<p>Kvalitn\u00e9 bavlnen\u00e9 tri\u010dko s kr\u00e1tkym ruk\u00e1vom, ktor\u00e9 vy\u010dar\u00ed \u00fasmev ka\u017ed\u00e9mu, komu ho podaruje\u0161!<\/p>\n<p>&nbsp;<\/p>\n<p><strong style=\"font-weight: 700\">\u0160pecifik\u00e1cia produktu<\/strong><\/p>\n<ul>\n<li style=\"padding-bottom: 5px\"><span>100% bavlna<\/span><\/li>\n<li style=\"padding-bottom: 5px\"><span>hmotnos\u0165 tri\u010dka 190g\/m2<\/span><\/li>\n<li style=\"padding-bottom: 5px\"><span>2-vrstvov\u00fd 1&#215;1 rebrov\u00fd golier s elastanom<\/span><\/li>\n<li style=\"padding-bottom: 5px\"><span>ruk\u00e1vy a spodn\u00fd lem pre\u0161it\u00fd dvojit\u00fdm stehom<\/span><\/li>\n<li style=\"padding-bottom: 5px\"><span>bez bo\u010dn\u00fdch \u0161vov<\/span><\/li>\n<li style=\"padding-bottom: 5px\"><span>d\u00e1mske, p\u00e1nske, detsk\u00e9 tri\u010dk\u00e1<\/span><\/li>\n<\/ul>\n<p><span><\/span><\/p>\n<p><span>Pre dlh\u0161iu \u017eivotnos\u0165 potla\u010de odpor\u00fa\u010dame pra\u0165 pri 30\u00b0C, oto\u010den\u00e9 naruby.<\/span><\/p>\n<p><span>Pri \u017eehlen\u00ed odpor\u00fa\u010dame tri\u010dko tie\u017e oto\u010di\u0165 naruby.<\/span><\/p>","protected":false},"excerpt":{"rendered":"<p>Kvalitn\u00e9 bavlnen\u00e9 tri\u010dko s kr\u00e1tkym ruk\u00e1vom, ktor\u00e9 vy\u010dar\u00ed \u00fasmev ka\u017ed\u00e9mu, komu ho podaruje\u0161!<\/p>\n<p>&nbsp;<\/p>\n<p><strong style=\"font-weight: 700\">\u0160pecifik\u00e1cia produktu<\/strong><\/p>\n<ul>\n<li style=\"padding-bottom: 5px\"><span>100% bavlna<\/span><\/li>\n<li style=\"padding-bottom: 5px\"><span>hmotnos\u0165 tri\u010dka 190g\/m2<\/span><\/li>\n<li style=\"padding-bottom: 5px\"><span>2-vrstvov\u00fd 1&#215;1 rebrov\u00fd golier s elastanom<\/span><\/li>\n<li style=\"padding-bottom: 5px\"><span>ruk\u00e1vy a spodn\u00fd lem pre\u0161it\u00fd dvojit\u00fdm stehom<\/span><\/li>\n<li style=\"padding-bottom: 5px\"><span>bez bo\u010dn\u00fdch \u0161vov<\/span><\/li>\n<li style=\"padding-bottom: 5px\"><span>d\u00e1mske, p\u00e1nske, detsk\u00e9 tri\u010dk\u00e1<\/span><\/li>\n<\/ul>\n<p><span><\/span><\/p>\n<p><span>Pre dlh\u0161iu \u017eivotnos\u0165 potla\u010de odpor\u00fa\u010dame pra\u0165 pri 30\u00b0C, oto\u010den\u00e9 naruby.<\/span><\/p>\n<p><span>Pri \u017eehlen\u00ed odpor\u00fa\u010dame tri\u010dko tie\u017e oto\u010di\u0165 naruby.<\/span><\/p>","protected":false},"featured_media":2074,"template":"","meta":{"advanced_seo_description":"","jetpack_seo_html_title":"","jetpack_seo_noindex":false},"product_brand":[],"product_cat":[103],"product_tag":[],"class_list":{"0":"post-2075","1":"product","2":"type-product","3":"status-publish","4":"has-post-thumbnail","6":"product_cat-panske-tricka","8":"first","9":"instock","10":"taxable","11":"shipping-taxable","12":"purchasable","13":"product-type-variable"},"jetpack_sharing_enabled":true,"_links":{"self":[{"href":"https:\/\/speedybaits.sk\/hu\/wp-json\/wp\/v2\/product\/2075","targetHints":{"allow":["GET"]}}],"collection":[{"href":"https:\/\/speedybaits.sk\/hu\/wp-json\/wp\/v2\/product"}],"about":[{"href":"https:\/\/speedybaits.sk\/hu\/wp-json\/wp\/v2\/types\/product"}],"version-history":[{"count":0,"href":"https:\/\/speedybaits.sk\/hu\/wp-json\/wp\/v2\/product\/2075\/revisions"}],"wp:featuredmedia":[{"embeddable":true,"href":"https:\/\/speedybaits.sk\/hu\/wp-json\/wp\/v2\/media\/2074"}],"wp:attachment":[{"href":"https:\/\/speedybaits.sk\/hu\/wp-json\/wp\/v2\/media?parent=2075"}],"wp:term":[{"taxonomy":"product_brand","embeddable":true,"href":"https:\/\/speedybaits.sk\/hu\/wp-json\/wp\/v2\/product_brand?post=2075"},{"taxonomy":"product_cat","embeddable":true,"href":"https:\/\/speedybaits.sk\/hu\/wp-json\/wp\/v2\/product_cat?post=2075"},{"taxonomy":"product_tag","embeddable":true,"href":"https:\/\/speedybaits.sk\/hu\/wp-json\/wp\/v2\/product_tag?post=2075"}],"curies":[{"name":"wp","href":"https:\/\/api.w.org\/{rel}","templated":true}]}}