{"id":1880,"date":"2025-06-17T06:30:57","date_gmt":"2025-06-17T06:30:57","guid":{"rendered":"https:\/\/speedybaits.sk\/produkt\/red-tunakrill-1kg\/"},"modified":"2026-03-03T18:52:06","modified_gmt":"2026-03-03T18:52:06","slug":"red-tunakrill-1kg","status":"publish","type":"product","link":"https:\/\/speedybaits.sk\/hu\/termek\/red-tunakrill-1kg\/","title":{"rendered":"V\u00f6r\u00f6s tonhal \u00e9s krill 1 kg"},"content":{"rendered":"<p>Jemnej\u0161ie krmivo pln\u00e9 atraktorov ryb\u00edch m\u00fa\u010dok, pivovarsk\u00fdch kvasn\u00edc a\u00a0olejov. Univerz\u00e1lne pou\u017eitie odpor\u00fa\u010dame prelia\u0165 krmivo na\u0161im boostrom pre maxim\u00e1lnu atraktivitu.<\/p>","protected":false},"excerpt":{"rendered":"<p>Jemnej\u0161ie krmivo pln\u00e9 atraktorov ryb\u00edch m\u00fa\u010dok, pivovarsk\u00fdch kvasn\u00edc a\u00a0olejov. Univerz\u00e1lne pou\u017eitie odpor\u00fa\u010dame prelia\u0165 krmivo na\u0161im boostrom pre maxim\u00e1lnu atraktivitu.<\/p>","protected":false},"featured_media":1879,"template":"","meta":{"advanced_seo_description":"","jetpack_seo_html_title":"","jetpack_seo_noindex":false},"product_brand":[],"product_cat":[84],"product_tag":[],"class_list":{"0":"post-1880","1":"product","2":"type-product","3":"status-publish","4":"has-post-thumbnail","6":"product_cat-premium-mix","8":"first","9":"instock","10":"taxable","11":"shipping-taxable","12":"purchasable","13":"product-type-simple"},"jetpack_sharing_enabled":true,"_links":{"self":[{"href":"https:\/\/speedybaits.sk\/hu\/wp-json\/wp\/v2\/product\/1880","targetHints":{"allow":["GET"]}}],"collection":[{"href":"https:\/\/speedybaits.sk\/hu\/wp-json\/wp\/v2\/product"}],"about":[{"href":"https:\/\/speedybaits.sk\/hu\/wp-json\/wp\/v2\/types\/product"}],"version-history":[{"count":0,"href":"https:\/\/speedybaits.sk\/hu\/wp-json\/wp\/v2\/product\/1880\/revisions"}],"wp:featuredmedia":[{"embeddable":true,"href":"https:\/\/speedybaits.sk\/hu\/wp-json\/wp\/v2\/media\/1879"}],"wp:attachment":[{"href":"https:\/\/speedybaits.sk\/hu\/wp-json\/wp\/v2\/media?parent=1880"}],"wp:term":[{"taxonomy":"product_brand","embeddable":true,"href":"https:\/\/speedybaits.sk\/hu\/wp-json\/wp\/v2\/product_brand?post=1880"},{"taxonomy":"product_cat","embeddable":true,"href":"https:\/\/speedybaits.sk\/hu\/wp-json\/wp\/v2\/product_cat?post=1880"},{"taxonomy":"product_tag","embeddable":true,"href":"https:\/\/speedybaits.sk\/hu\/wp-json\/wp\/v2\/product_tag?post=1880"}],"curies":[{"name":"wp","href":"https:\/\/api.w.org\/{rel}","templated":true}]}}