{"id":1673,"date":"2025-06-16T17:56:24","date_gmt":"2025-06-16T17:56:24","guid":{"rendered":"https:\/\/speedybaits.sk\/produkt\/kaprovy-nadvazec-blow-back-rig\/"},"modified":"2026-03-26T17:27:14","modified_gmt":"2026-03-26T17:27:14","slug":"kaprovy-nadvazec-blow-back-rig","status":"publish","type":"product","link":"https:\/\/speedybaits.sk\/hu\/termek\/kaprovy-nadvazec-blow-back-rig\/","title":{"rendered":"Kaprov\u00fd nadv\u00e4zec Blow Back Rig"},"content":{"rendered":"<p class=\"\" data-start=\"31\" data-end=\"259\">N\u00e1v\u00e4zec s kr\u00fa\u017ekom je ur\u010den\u00fd na pot\u00e1pav\u00e9 boilies a \u201esnehuliaky\u201c (kombin\u00e1cia pot\u00e1pav\u00e9ho a pl\u00e1vaj\u00faceho boilies). Je vhodn\u00fd aj pri love na v\u00e4\u010d\u0161ie vzdialenosti. Vyroben\u00fd z extra m\u00e4kkej pletenej \u0161n\u00fary Ultra Soft s nosnos\u0165ou 25 lb.<\/p>\n<p class=\"\" data-start=\"261\" data-end=\"343\"><strong data-start=\"261\" data-end=\"274\" style=\"font-weight: 700\">Materi\u00e1l:<\/strong><span class=\"Apple-converted-space\">&nbsp;<\/span>Hook Link Ultra Soft 25 lb<br \/>\n<strong data-start=\"304\" data-end=\"314\" style=\"font-weight: 700\">H\u00e1\u010dik:<\/strong><span class=\"Apple-converted-space\">&nbsp;<\/span>Wide Gape<br \/>\n<strong data-start=\"327\" data-end=\"337\" style=\"font-weight: 700\">D\u013a\u017eka:<\/strong><span class=\"Apple-converted-space\">&nbsp;<\/span>25 cm<\/p>","protected":false},"excerpt":{"rendered":"<p class=\"\" data-start=\"31\" data-end=\"259\">N\u00e1v\u00e4zec s kr\u00fa\u017ekom je ur\u010den\u00fd na pot\u00e1pav\u00e9 boilies a \u201esnehuliaky\u201c (kombin\u00e1cia pot\u00e1pav\u00e9ho a pl\u00e1vaj\u00faceho boilies). Je vhodn\u00fd aj pri love na v\u00e4\u010d\u0161ie vzdialenosti. Vyroben\u00fd z extra m\u00e4kkej pletenej \u0161n\u00fary Ultra Soft s nosnos\u0165ou 25 lb.<\/p>\n<p class=\"\" data-start=\"261\" data-end=\"343\"><strong data-start=\"261\" data-end=\"274\" style=\"font-weight: 700\">Materi\u00e1l:<\/strong><span class=\"Apple-converted-space\">&nbsp;<\/span>Hook Link Ultra Soft 25 lb<br \/>\n<strong data-start=\"304\" data-end=\"314\" style=\"font-weight: 700\">H\u00e1\u010dik:<\/strong><span class=\"Apple-converted-space\">&nbsp;<\/span>Wide Gape<br \/>\n<strong data-start=\"327\" data-end=\"337\" style=\"font-weight: 700\">D\u013a\u017eka:<\/strong><span class=\"Apple-converted-space\">&nbsp;<\/span>25 cm<\/p>","protected":false},"featured_media":1670,"template":"","meta":{"advanced_seo_description":"","jetpack_seo_html_title":"","jetpack_seo_noindex":false},"product_brand":[],"product_cat":[75],"product_tag":[],"class_list":{"0":"post-1673","1":"product","2":"type-product","3":"status-publish","4":"has-post-thumbnail","6":"product_cat-hotove-nadvazce","8":"first","9":"instock","10":"taxable","11":"shipping-taxable","12":"purchasable","13":"product-type-variable"},"jetpack_sharing_enabled":true,"_links":{"self":[{"href":"https:\/\/speedybaits.sk\/hu\/wp-json\/wp\/v2\/product\/1673","targetHints":{"allow":["GET"]}}],"collection":[{"href":"https:\/\/speedybaits.sk\/hu\/wp-json\/wp\/v2\/product"}],"about":[{"href":"https:\/\/speedybaits.sk\/hu\/wp-json\/wp\/v2\/types\/product"}],"version-history":[{"count":0,"href":"https:\/\/speedybaits.sk\/hu\/wp-json\/wp\/v2\/product\/1673\/revisions"}],"wp:featuredmedia":[{"embeddable":true,"href":"https:\/\/speedybaits.sk\/hu\/wp-json\/wp\/v2\/media\/1670"}],"wp:attachment":[{"href":"https:\/\/speedybaits.sk\/hu\/wp-json\/wp\/v2\/media?parent=1673"}],"wp:term":[{"taxonomy":"product_brand","embeddable":true,"href":"https:\/\/speedybaits.sk\/hu\/wp-json\/wp\/v2\/product_brand?post=1673"},{"taxonomy":"product_cat","embeddable":true,"href":"https:\/\/speedybaits.sk\/hu\/wp-json\/wp\/v2\/product_cat?post=1673"},{"taxonomy":"product_tag","embeddable":true,"href":"https:\/\/speedybaits.sk\/hu\/wp-json\/wp\/v2\/product_tag?post=1673"}],"curies":[{"name":"wp","href":"https:\/\/api.w.org\/{rel}","templated":true}]}}