{"id":1663,"date":"2025-06-16T17:51:00","date_gmt":"2025-06-16T17:51:00","guid":{"rendered":"https:\/\/speedybaits.sk\/?post_type=product&#038;p=1663"},"modified":"2026-04-04T12:04:03","modified_gmt":"2026-04-04T12:04:03","slug":"kaprovy-nadvazec-combi-rig","status":"publish","type":"product","link":"https:\/\/speedybaits.sk\/hu\/termek\/kaprovy-nadvazec-combi-rig\/","title":{"rendered":"Kaprov\u00fd nadv\u00e4zec Combi Rig"},"content":{"rendered":"<p class=\"\" data-start=\"31\" data-end=\"224\">Tento n\u00e1v\u00e4zec je kombin\u00e1ciou tuh\u00e9ho a m\u00e4kk\u00e9ho materi\u00e1lu. Vyroben\u00fd z fluorokarb\u00f3nu s nosnos\u0165ou 25 lb a extra m\u00e4kkej pletenej \u0161n\u00fary Ultra Soft 25 lb. Ide o skvel\u00fd n\u00e1v\u00e4zec vhodn\u00fd na dlh\u00e9 hody.<\/p>\n<p class=\"\" data-start=\"226\" data-end=\"331\"><strong data-start=\"226\" data-end=\"239\" style=\"font-weight: 700\">Materi\u00e1l:<\/strong><span class=\"Apple-converted-space\">&nbsp;<\/span>Hook Link Ultra Soft 25 lb + Fluorocarbon 25 lb<br \/>\n<strong data-start=\"290\" data-end=\"300\" style=\"font-weight: 700\">H\u00e1\u010dik:<\/strong><span class=\"Apple-converted-space\">&nbsp;<\/span>Curve Shank<br \/>\n<strong data-start=\"315\" data-end=\"325\" style=\"font-weight: 700\">D\u013a\u017eka:<\/strong><span class=\"Apple-converted-space\">&nbsp;<\/span>25 cm<\/p>","protected":false},"excerpt":{"rendered":"<p class=\"\" data-start=\"31\" data-end=\"224\">Tento n\u00e1v\u00e4zec je kombin\u00e1ciou tuh\u00e9ho a m\u00e4kk\u00e9ho materi\u00e1lu. Vyroben\u00fd z fluorokarb\u00f3nu s nosnos\u0165ou 25 lb a extra m\u00e4kkej pletenej \u0161n\u00fary Ultra Soft 25 lb. Ide o skvel\u00fd n\u00e1v\u00e4zec vhodn\u00fd na dlh\u00e9 hody.<\/p>\n<p class=\"\" data-start=\"226\" data-end=\"331\"><strong data-start=\"226\" data-end=\"239\" style=\"font-weight: 700\">Materi\u00e1l:<\/strong><span class=\"Apple-converted-space\">&nbsp;<\/span>Hook Link Ultra Soft 25 lb + Fluorocarbon 25 lb<br \/>\n<strong data-start=\"290\" data-end=\"300\" style=\"font-weight: 700\">H\u00e1\u010dik:<\/strong><span class=\"Apple-converted-space\">&nbsp;<\/span>Curve Shank<br \/>\n<strong data-start=\"315\" data-end=\"325\" style=\"font-weight: 700\">D\u013a\u017eka:<\/strong><span class=\"Apple-converted-space\">&nbsp;<\/span>25 cm<\/p>","protected":false},"featured_media":1662,"template":"","meta":{"advanced_seo_description":"","jetpack_seo_html_title":"","jetpack_seo_noindex":false},"product_brand":[],"product_cat":[75],"product_tag":[],"class_list":{"0":"post-1663","1":"product","2":"type-product","3":"status-publish","4":"has-post-thumbnail","6":"product_cat-hotove-nadvazce","8":"first","9":"instock","10":"taxable","11":"shipping-taxable","12":"purchasable","13":"product-type-variable"},"jetpack_sharing_enabled":true,"_links":{"self":[{"href":"https:\/\/speedybaits.sk\/hu\/wp-json\/wp\/v2\/product\/1663","targetHints":{"allow":["GET"]}}],"collection":[{"href":"https:\/\/speedybaits.sk\/hu\/wp-json\/wp\/v2\/product"}],"about":[{"href":"https:\/\/speedybaits.sk\/hu\/wp-json\/wp\/v2\/types\/product"}],"version-history":[{"count":0,"href":"https:\/\/speedybaits.sk\/hu\/wp-json\/wp\/v2\/product\/1663\/revisions"}],"wp:featuredmedia":[{"embeddable":true,"href":"https:\/\/speedybaits.sk\/hu\/wp-json\/wp\/v2\/media\/1662"}],"wp:attachment":[{"href":"https:\/\/speedybaits.sk\/hu\/wp-json\/wp\/v2\/media?parent=1663"}],"wp:term":[{"taxonomy":"product_brand","embeddable":true,"href":"https:\/\/speedybaits.sk\/hu\/wp-json\/wp\/v2\/product_brand?post=1663"},{"taxonomy":"product_cat","embeddable":true,"href":"https:\/\/speedybaits.sk\/hu\/wp-json\/wp\/v2\/product_cat?post=1663"},{"taxonomy":"product_tag","embeddable":true,"href":"https:\/\/speedybaits.sk\/hu\/wp-json\/wp\/v2\/product_tag?post=1663"}],"curies":[{"name":"wp","href":"https:\/\/api.w.org\/{rel}","templated":true}]}}