{"id":1655,"date":"2025-06-16T17:46:38","date_gmt":"2025-06-16T17:46:38","guid":{"rendered":"https:\/\/speedybaits.sk\/?post_type=product&#038;p=1655"},"modified":"2025-08-24T12:11:27","modified_gmt":"2025-08-24T12:11:27","slug":"kaprovy-nadvazec-ronnie-rig","status":"publish","type":"product","link":"https:\/\/speedybaits.sk\/hu\/termek\/kaprovy-nadvazec-ronnie-rig\/","title":{"rendered":"Kaprov\u00fd nadv\u00e4zec Ronnie Rig"},"content":{"rendered":"<p class=\"\" data-start=\"31\" data-end=\"436\">Ve\u013emi \u010dasto pou\u017e\u00edvan\u00fd n\u00e1v\u00e4zec na bahnit\u00e9 dno pri pou\u017eit\u00ed pl\u00e1vaj\u00facich n\u00e1strah (pop-up). K kr\u00fa\u017eku pri n\u00e1v\u00e4zci je mo\u017en\u00e9 pripoji\u0165 m\u00e4kk\u00fa pleten\u00fa \u0161n\u00faru alebo tuh\u0161\u00ed materi\u00e1l, ako je fluorokarb\u00f3n. Ronnie rig je n\u00e1v\u00e4zec, ktor\u00fd skvele funguje aj pri love amura. N\u00e1v\u00e4zec ur\u010den\u00fd do n\u00e1nosov (siltu) je vybaven\u00fd obratl\u00edkom s kr\u00fa\u017ekom, v\u010faka \u010domu pl\u00e1vaj\u00faca gu\u013e\u00f4\u010dka na skrutke p\u00f4sob\u00ed e\u0161te prirodzenej\u0161ie na dne rev\u00edru.<\/p>\n<p class=\"\" data-start=\"438\" data-end=\"459\"><strong style=\"font-weight: 700\">V balen\u00ed:<\/strong><span class=\"Apple-converted-space\">&nbsp;<\/span>2 kusy!<\/p>","protected":false},"excerpt":{"rendered":"<p class=\"\" data-start=\"31\" data-end=\"436\">Ve\u013emi \u010dasto pou\u017e\u00edvan\u00fd n\u00e1v\u00e4zec na bahnit\u00e9 dno pri pou\u017eit\u00ed pl\u00e1vaj\u00facich n\u00e1strah (pop-up). K kr\u00fa\u017eku pri n\u00e1v\u00e4zci je mo\u017en\u00e9 pripoji\u0165 m\u00e4kk\u00fa pleten\u00fa \u0161n\u00faru alebo tuh\u0161\u00ed materi\u00e1l, ako je fluorokarb\u00f3n. Ronnie rig je n\u00e1v\u00e4zec, ktor\u00fd skvele funguje aj pri love amura. N\u00e1v\u00e4zec ur\u010den\u00fd do n\u00e1nosov (siltu) je vybaven\u00fd obratl\u00edkom s kr\u00fa\u017ekom, v\u010faka \u010domu pl\u00e1vaj\u00faca gu\u013e\u00f4\u010dka na skrutke p\u00f4sob\u00ed e\u0161te prirodzenej\u0161ie na dne rev\u00edru.<\/p>\n<p class=\"\" data-start=\"438\" data-end=\"459\"><strong style=\"font-weight: 700\">V balen\u00ed:<\/strong><span class=\"Apple-converted-space\">&nbsp;<\/span>2 kusy!<\/p>","protected":false},"featured_media":1654,"template":"","meta":{"advanced_seo_description":"","jetpack_seo_html_title":"","jetpack_seo_noindex":false},"product_brand":[],"product_cat":[75],"product_tag":[],"class_list":{"0":"post-1655","1":"product","2":"type-product","3":"status-publish","4":"has-post-thumbnail","6":"product_cat-hotove-nadvazce","8":"first","9":"instock","10":"taxable","11":"shipping-taxable","12":"purchasable","13":"product-type-variable"},"jetpack_sharing_enabled":true,"_links":{"self":[{"href":"https:\/\/speedybaits.sk\/hu\/wp-json\/wp\/v2\/product\/1655","targetHints":{"allow":["GET"]}}],"collection":[{"href":"https:\/\/speedybaits.sk\/hu\/wp-json\/wp\/v2\/product"}],"about":[{"href":"https:\/\/speedybaits.sk\/hu\/wp-json\/wp\/v2\/types\/product"}],"version-history":[{"count":0,"href":"https:\/\/speedybaits.sk\/hu\/wp-json\/wp\/v2\/product\/1655\/revisions"}],"wp:featuredmedia":[{"embeddable":true,"href":"https:\/\/speedybaits.sk\/hu\/wp-json\/wp\/v2\/media\/1654"}],"wp:attachment":[{"href":"https:\/\/speedybaits.sk\/hu\/wp-json\/wp\/v2\/media?parent=1655"}],"wp:term":[{"taxonomy":"product_brand","embeddable":true,"href":"https:\/\/speedybaits.sk\/hu\/wp-json\/wp\/v2\/product_brand?post=1655"},{"taxonomy":"product_cat","embeddable":true,"href":"https:\/\/speedybaits.sk\/hu\/wp-json\/wp\/v2\/product_cat?post=1655"},{"taxonomy":"product_tag","embeddable":true,"href":"https:\/\/speedybaits.sk\/hu\/wp-json\/wp\/v2\/product_tag?post=1655"}],"curies":[{"name":"wp","href":"https:\/\/api.w.org\/{rel}","templated":true}]}}