{"id":1646,"date":"2025-06-16T17:30:44","date_gmt":"2025-06-16T17:30:44","guid":{"rendered":"https:\/\/speedybaits.sk\/?post_type=product&#038;p=1646"},"modified":"2025-08-23T21:11:44","modified_gmt":"2025-08-23T21:11:44","slug":"haciky-wide-gape-pro","status":"publish","type":"product","link":"https:\/\/speedybaits.sk\/hu\/termek\/haciky-wide-gape-pro\/","title":{"rendered":"H\u00e1\u010diky Wide Gape PRO"},"content":{"rendered":"<p class=\"\" data-start=\"0\" data-end=\"419\"><strong data-start=\"0\" data-end=\"13\" style=\"font-weight: 700\">Wide Gape<\/strong><span class=\"Apple-converted-space\">&nbsp;<\/span>je klasick\u00fd klastrov\u00fd h\u00e1\u010dik so \u0161irok\u00fdm obl\u00fakom. Hrot h\u00e1\u010dika je zahnut\u00fd dovn\u00fatra, \u010do zvy\u0161uje jeho odolnos\u0165 proti otupeniu pri love na kamenistom alebo \u0161trkovom dne. \u0160irok\u00fd obl\u00fak zais\u0165uje pevn\u00e9 dr\u017eanie ryby po\u010das zdol\u00e1vania a minimalizuje mo\u017enos\u0165 jej straty.<span class=\"Apple-converted-space\">&nbsp;<\/span><strong data-start=\"271\" data-end=\"284\" data-is-only-node=\"\" style=\"font-weight: 700\">Pro Hooks<\/strong><span class=\"Apple-converted-space\">&nbsp;<\/span>predstavuj\u00fa s\u00e9riu japonsk\u00fdch h\u00e1\u010dikov vyroben\u00fdch z najkvalitnej\u0161\u00edch materi\u00e1lov, navrhnut\u00fdch pre maxim\u00e1lnu spo\u013eahlivos\u0165 pri love kaprov.<\/p>\n<p class=\"\" data-start=\"421\" data-end=\"439\"><strong data-start=\"421\" data-end=\"439\" data-is-last-node=\"\" style=\"font-weight: 700\">Balenie: 10 ks<\/strong><\/p>","protected":false},"excerpt":{"rendered":"<p class=\"\" data-start=\"0\" data-end=\"419\"><strong data-start=\"0\" data-end=\"13\" style=\"font-weight: 700\">Wide Gape<\/strong><span class=\"Apple-converted-space\">&nbsp;<\/span>je klasick\u00fd klastrov\u00fd h\u00e1\u010dik so \u0161irok\u00fdm obl\u00fakom. Hrot h\u00e1\u010dika je zahnut\u00fd dovn\u00fatra, \u010do zvy\u0161uje jeho odolnos\u0165 proti otupeniu pri love na kamenistom alebo \u0161trkovom dne. \u0160irok\u00fd obl\u00fak zais\u0165uje pevn\u00e9 dr\u017eanie ryby po\u010das zdol\u00e1vania a minimalizuje mo\u017enos\u0165 jej straty.<span class=\"Apple-converted-space\">&nbsp;<\/span><strong data-start=\"271\" data-end=\"284\" data-is-only-node=\"\" style=\"font-weight: 700\">Pro Hooks<\/strong><span class=\"Apple-converted-space\">&nbsp;<\/span>predstavuj\u00fa s\u00e9riu japonsk\u00fdch h\u00e1\u010dikov vyroben\u00fdch z najkvalitnej\u0161\u00edch materi\u00e1lov, navrhnut\u00fdch pre maxim\u00e1lnu spo\u013eahlivos\u0165 pri love kaprov.<\/p>\n<p class=\"\" data-start=\"421\" data-end=\"439\"><strong data-start=\"421\" data-end=\"439\" data-is-last-node=\"\" style=\"font-weight: 700\">Balenie: 10 ks<\/strong><\/p>","protected":false},"featured_media":1643,"template":"","meta":{"advanced_seo_description":"","jetpack_seo_html_title":"","jetpack_seo_noindex":false},"product_brand":[],"product_cat":[69],"product_tag":[],"class_list":{"0":"post-1646","1":"product","2":"type-product","3":"status-publish","4":"has-post-thumbnail","6":"product_cat-haciky","8":"first","9":"instock","10":"taxable","11":"shipping-taxable","12":"purchasable","13":"product-type-variable"},"jetpack_sharing_enabled":true,"_links":{"self":[{"href":"https:\/\/speedybaits.sk\/hu\/wp-json\/wp\/v2\/product\/1646","targetHints":{"allow":["GET"]}}],"collection":[{"href":"https:\/\/speedybaits.sk\/hu\/wp-json\/wp\/v2\/product"}],"about":[{"href":"https:\/\/speedybaits.sk\/hu\/wp-json\/wp\/v2\/types\/product"}],"version-history":[{"count":0,"href":"https:\/\/speedybaits.sk\/hu\/wp-json\/wp\/v2\/product\/1646\/revisions"}],"wp:featuredmedia":[{"embeddable":true,"href":"https:\/\/speedybaits.sk\/hu\/wp-json\/wp\/v2\/media\/1643"}],"wp:attachment":[{"href":"https:\/\/speedybaits.sk\/hu\/wp-json\/wp\/v2\/media?parent=1646"}],"wp:term":[{"taxonomy":"product_brand","embeddable":true,"href":"https:\/\/speedybaits.sk\/hu\/wp-json\/wp\/v2\/product_brand?post=1646"},{"taxonomy":"product_cat","embeddable":true,"href":"https:\/\/speedybaits.sk\/hu\/wp-json\/wp\/v2\/product_cat?post=1646"},{"taxonomy":"product_tag","embeddable":true,"href":"https:\/\/speedybaits.sk\/hu\/wp-json\/wp\/v2\/product_tag?post=1646"}],"curies":[{"name":"wp","href":"https:\/\/api.w.org\/{rel}","templated":true}]}}