{"id":1636,"date":"2025-06-16T17:25:12","date_gmt":"2025-06-16T17:25:12","guid":{"rendered":"https:\/\/speedybaits.sk\/?post_type=product&#038;p=1636"},"modified":"2025-08-23T21:11:56","modified_gmt":"2025-08-23T21:11:56","slug":"haciky-crank-pro","status":"publish","type":"product","link":"https:\/\/speedybaits.sk\/hu\/termek\/haciky-crank-pro\/","title":{"rendered":"H\u00e1\u010diky Crank PRO"},"content":{"rendered":"<p class=\"\" data-start=\"0\" data-end=\"415\"><strong data-start=\"0\" data-end=\"9\" style=\"font-weight: 700\">Crank<\/strong><span class=\"Apple-converted-space\">&nbsp;<\/span>je h\u00e1\u010dik s ve\u013emi \u0161irok\u00fdm obl\u00fakom a zahnut\u00fdm hrotom s mikroprotihrotom. Bol navrhnut\u00fd predov\u0161etk\u00fdm pre nadv\u00e4zce typu<span class=\"Apple-converted-space\">&nbsp;<\/span><strong data-start=\"126\" data-end=\"136\" data-is-only-node=\"\" style=\"font-weight: 700\">KD rig<\/strong>. Ide o mimoriadne \u201echyt\u013eav\u00fd\u201c h\u00e1\u010dik, ktor\u00fd po\u010das zdol\u00e1vania rybu spo\u013eahlivo dr\u017e\u00ed. Pri spr\u00e1vne uviazanom nadv\u00e4zci je prakticky nemo\u017en\u00e9, aby ryba h\u00e1\u010dik vyplivla.<span class=\"Apple-converted-space\">&nbsp;<\/span><strong data-start=\"296\" data-end=\"309\" style=\"font-weight: 700\">Pro Hooks<\/strong><span class=\"Apple-converted-space\">&nbsp;<\/span>s\u00fa s\u00e9ria japonsk\u00fdch h\u00e1\u010dikov vyroben\u00fdch z najkvalitnej\u0161\u00edch materi\u00e1lov, ur\u010den\u00e9 pre najn\u00e1ro\u010dnej\u0161\u00edch ryb\u00e1rov.<\/p>\n<p class=\"\" data-start=\"417\" data-end=\"435\"><strong data-start=\"417\" data-end=\"435\" data-is-last-node=\"\" style=\"font-weight: 700\">Balenie: 10 ks<\/strong><\/p>","protected":false},"excerpt":{"rendered":"<p class=\"\" data-start=\"0\" data-end=\"415\"><strong data-start=\"0\" data-end=\"9\" style=\"font-weight: 700\">Crank<\/strong><span class=\"Apple-converted-space\">&nbsp;<\/span>je h\u00e1\u010dik s ve\u013emi \u0161irok\u00fdm obl\u00fakom a zahnut\u00fdm hrotom s mikroprotihrotom. Bol navrhnut\u00fd predov\u0161etk\u00fdm pre nadv\u00e4zce typu<span class=\"Apple-converted-space\">&nbsp;<\/span><strong data-start=\"126\" data-end=\"136\" data-is-only-node=\"\" style=\"font-weight: 700\">KD rig<\/strong>. Ide o mimoriadne \u201echyt\u013eav\u00fd\u201c h\u00e1\u010dik, ktor\u00fd po\u010das zdol\u00e1vania rybu spo\u013eahlivo dr\u017e\u00ed. Pri spr\u00e1vne uviazanom nadv\u00e4zci je prakticky nemo\u017en\u00e9, aby ryba h\u00e1\u010dik vyplivla.<span class=\"Apple-converted-space\">&nbsp;<\/span><strong data-start=\"296\" data-end=\"309\" style=\"font-weight: 700\">Pro Hooks<\/strong><span class=\"Apple-converted-space\">&nbsp;<\/span>s\u00fa s\u00e9ria japonsk\u00fdch h\u00e1\u010dikov vyroben\u00fdch z najkvalitnej\u0161\u00edch materi\u00e1lov, ur\u010den\u00e9 pre najn\u00e1ro\u010dnej\u0161\u00edch ryb\u00e1rov.<\/p>\n<p class=\"\" data-start=\"417\" data-end=\"435\"><strong data-start=\"417\" data-end=\"435\" data-is-last-node=\"\" style=\"font-weight: 700\">Balenie: 10 ks<\/strong><\/p>","protected":false},"featured_media":1634,"template":"","meta":{"advanced_seo_description":"","jetpack_seo_html_title":"","jetpack_seo_noindex":false},"product_brand":[],"product_cat":[69],"product_tag":[],"class_list":{"0":"post-1636","1":"product","2":"type-product","3":"status-publish","4":"has-post-thumbnail","6":"product_cat-haciky","8":"first","9":"instock","10":"taxable","11":"shipping-taxable","12":"purchasable","13":"product-type-variable"},"jetpack_sharing_enabled":true,"_links":{"self":[{"href":"https:\/\/speedybaits.sk\/hu\/wp-json\/wp\/v2\/product\/1636","targetHints":{"allow":["GET"]}}],"collection":[{"href":"https:\/\/speedybaits.sk\/hu\/wp-json\/wp\/v2\/product"}],"about":[{"href":"https:\/\/speedybaits.sk\/hu\/wp-json\/wp\/v2\/types\/product"}],"version-history":[{"count":0,"href":"https:\/\/speedybaits.sk\/hu\/wp-json\/wp\/v2\/product\/1636\/revisions"}],"wp:featuredmedia":[{"embeddable":true,"href":"https:\/\/speedybaits.sk\/hu\/wp-json\/wp\/v2\/media\/1634"}],"wp:attachment":[{"href":"https:\/\/speedybaits.sk\/hu\/wp-json\/wp\/v2\/media?parent=1636"}],"wp:term":[{"taxonomy":"product_brand","embeddable":true,"href":"https:\/\/speedybaits.sk\/hu\/wp-json\/wp\/v2\/product_brand?post=1636"},{"taxonomy":"product_cat","embeddable":true,"href":"https:\/\/speedybaits.sk\/hu\/wp-json\/wp\/v2\/product_cat?post=1636"},{"taxonomy":"product_tag","embeddable":true,"href":"https:\/\/speedybaits.sk\/hu\/wp-json\/wp\/v2\/product_tag?post=1636"}],"curies":[{"name":"wp","href":"https:\/\/api.w.org\/{rel}","templated":true}]}}