{"id":1548,"date":"2025-06-16T15:01:34","date_gmt":"2025-06-16T15:01:34","guid":{"rendered":"https:\/\/speedybaits.sk\/produkt\/katran-stuzena-snurka-gurza-25lb-20m\/"},"modified":"2025-08-23T21:12:22","modified_gmt":"2025-08-23T21:12:22","slug":"katran-stuzena-snurka-gurza-25lb-20m","status":"publish","type":"product","link":"https:\/\/speedybaits.sk\/hu\/termek\/katran-stuzena-snurka-gurza-25lb-20m\/","title":{"rendered":"Stu\u017een\u00e1 \u0160n\u00farka Gurza 25lb\/20m KATRAN"},"content":{"rendered":"<p><strong style=\"font-weight: 700\">Gurza je r\u00fdchlo pot\u00e1pav\u00e1 zelen\u00e1 n\u00e1dv\u00e4zcov\u00e1 \u0161n\u00fara s&nbsp;odstr\u00e1nite\u013en\u00fdm po\u0165ahom!<\/strong><\/p>\n<p>Je jemn\u00e1, extr\u00e9mne pevn\u00e1 a ohybn\u00e1. Gurza je oderu odoln\u00e1 a m\u00f4\u017eme ju kombinova\u0165 na r\u00f4zne druhy mont\u00e1\u017ei. V\u010faka svoje farbe ju mo\u017eno pou\u017ei\u0165 do veget\u00e1ci\u00ed na zarasten\u00e9&nbsp;vody.<\/p>","protected":false},"excerpt":{"rendered":"<p><strong style=\"font-weight: 700\">Gurza je r\u00fdchlo pot\u00e1pav\u00e1 zelen\u00e1 n\u00e1dv\u00e4zcov\u00e1 \u0161n\u00fara s&nbsp;odstr\u00e1nite\u013en\u00fdm po\u0165ahom!<\/strong><\/p>\n<p>Je jemn\u00e1, extr\u00e9mne pevn\u00e1 a ohybn\u00e1. Gurza je oderu odoln\u00e1 a m\u00f4\u017eme ju kombinova\u0165 na r\u00f4zne druhy mont\u00e1\u017ei. V\u010faka svoje farbe ju mo\u017eno pou\u017ei\u0165 do veget\u00e1ci\u00ed na zarasten\u00e9&nbsp;vody.<\/p>","protected":false},"featured_media":1546,"template":"","meta":{"advanced_seo_description":"","jetpack_seo_html_title":"","jetpack_seo_noindex":false},"product_brand":[],"product_cat":[66],"product_tag":[],"class_list":{"0":"post-1548","1":"product","2":"type-product","3":"status-publish","4":"has-post-thumbnail","6":"product_cat-pletenky-potiahnute-stuzene","8":"first","9":"instock","10":"taxable","11":"shipping-taxable","12":"purchasable","13":"product-type-simple"},"jetpack_sharing_enabled":true,"_links":{"self":[{"href":"https:\/\/speedybaits.sk\/hu\/wp-json\/wp\/v2\/product\/1548","targetHints":{"allow":["GET"]}}],"collection":[{"href":"https:\/\/speedybaits.sk\/hu\/wp-json\/wp\/v2\/product"}],"about":[{"href":"https:\/\/speedybaits.sk\/hu\/wp-json\/wp\/v2\/types\/product"}],"version-history":[{"count":0,"href":"https:\/\/speedybaits.sk\/hu\/wp-json\/wp\/v2\/product\/1548\/revisions"}],"wp:featuredmedia":[{"embeddable":true,"href":"https:\/\/speedybaits.sk\/hu\/wp-json\/wp\/v2\/media\/1546"}],"wp:attachment":[{"href":"https:\/\/speedybaits.sk\/hu\/wp-json\/wp\/v2\/media?parent=1548"}],"wp:term":[{"taxonomy":"product_brand","embeddable":true,"href":"https:\/\/speedybaits.sk\/hu\/wp-json\/wp\/v2\/product_brand?post=1548"},{"taxonomy":"product_cat","embeddable":true,"href":"https:\/\/speedybaits.sk\/hu\/wp-json\/wp\/v2\/product_cat?post=1548"},{"taxonomy":"product_tag","embeddable":true,"href":"https:\/\/speedybaits.sk\/hu\/wp-json\/wp\/v2\/product_tag?post=1548"}],"curies":[{"name":"wp","href":"https:\/\/api.w.org\/{rel}","templated":true}]}}