{"id":1541,"date":"2025-06-16T14:58:25","date_gmt":"2025-06-16T14:58:25","guid":{"rendered":"https:\/\/speedybaits.sk\/produkt\/katran-stuzena-snurka-aspid-6-25lb-10m\/"},"modified":"2025-08-23T21:12:27","modified_gmt":"2025-08-23T21:12:27","slug":"katran-stuzena-snurka-aspid-6-25lb-10m","status":"publish","type":"product","link":"https:\/\/speedybaits.sk\/hu\/termek\/katran-stuzena-snurka-aspid-6-25lb-10m\/","title":{"rendered":"Stu\u017een\u00e1 \u0160n\u00farka Aspid 6,25lb\/10m KATRAN"},"content":{"rendered":"<p><strong style=\"font-weight: 700\">Aspid 6&nbsp;je r\u00fdchlo pot\u00e1pav\u00e1 n\u00e1dv\u00e4zcov\u00e1 \u0161n\u00fara s&nbsp;odstr\u00e1nite\u013en\u00fdm po\u0165ahom!<\/strong><\/p>\n<p>Dvojfarebn\u00e9 zeleno&nbsp;\u2013 hned\u00e9 prevedenie ju pod vodnou hladinou rob\u00ed len ve\u013emi \u0165a\u017eko vidite\u013en\u00fa. Jadro \u0161n\u00farky je vyroben\u00e9 z&nbsp;dvoch materi\u00e1lov \/fluoropolimer a dyneema vl\u00e1kna\/ pre zv\u00fd\u0161enie pevnosti a odolnosti vo\u010di oderu. Vhodn\u00e1 na r\u00f4zne druhy mont\u00e1\u017ei.<\/p>","protected":false},"excerpt":{"rendered":"<p><strong style=\"font-weight: 700\">Aspid 6&nbsp;je r\u00fdchlo pot\u00e1pav\u00e1 n\u00e1dv\u00e4zcov\u00e1 \u0161n\u00fara s&nbsp;odstr\u00e1nite\u013en\u00fdm po\u0165ahom!<\/strong><\/p>\n<p>Dvojfarebn\u00e9 zeleno&nbsp;\u2013 hned\u00e9 prevedenie ju pod vodnou hladinou rob\u00ed len ve\u013emi \u0165a\u017eko vidite\u013en\u00fa. Jadro \u0161n\u00farky je vyroben\u00e9 z&nbsp;dvoch materi\u00e1lov \/fluoropolimer a dyneema vl\u00e1kna\/ pre zv\u00fd\u0161enie pevnosti a odolnosti vo\u010di oderu. Vhodn\u00e1 na r\u00f4zne druhy mont\u00e1\u017ei.<\/p>","protected":false},"featured_media":1539,"template":"","meta":{"advanced_seo_description":"","jetpack_seo_html_title":"","jetpack_seo_noindex":false},"product_brand":[],"product_cat":[66],"product_tag":[],"class_list":{"0":"post-1541","1":"product","2":"type-product","3":"status-publish","4":"has-post-thumbnail","6":"product_cat-pletenky-potiahnute-stuzene","8":"first","9":"instock","10":"taxable","11":"shipping-taxable","12":"purchasable","13":"product-type-simple"},"jetpack_sharing_enabled":true,"_links":{"self":[{"href":"https:\/\/speedybaits.sk\/hu\/wp-json\/wp\/v2\/product\/1541","targetHints":{"allow":["GET"]}}],"collection":[{"href":"https:\/\/speedybaits.sk\/hu\/wp-json\/wp\/v2\/product"}],"about":[{"href":"https:\/\/speedybaits.sk\/hu\/wp-json\/wp\/v2\/types\/product"}],"version-history":[{"count":0,"href":"https:\/\/speedybaits.sk\/hu\/wp-json\/wp\/v2\/product\/1541\/revisions"}],"wp:featuredmedia":[{"embeddable":true,"href":"https:\/\/speedybaits.sk\/hu\/wp-json\/wp\/v2\/media\/1539"}],"wp:attachment":[{"href":"https:\/\/speedybaits.sk\/hu\/wp-json\/wp\/v2\/media?parent=1541"}],"wp:term":[{"taxonomy":"product_brand","embeddable":true,"href":"https:\/\/speedybaits.sk\/hu\/wp-json\/wp\/v2\/product_brand?post=1541"},{"taxonomy":"product_cat","embeddable":true,"href":"https:\/\/speedybaits.sk\/hu\/wp-json\/wp\/v2\/product_cat?post=1541"},{"taxonomy":"product_tag","embeddable":true,"href":"https:\/\/speedybaits.sk\/hu\/wp-json\/wp\/v2\/product_tag?post=1541"}],"curies":[{"name":"wp","href":"https:\/\/api.w.org\/{rel}","templated":true}]}}