{"id":1510,"date":"2025-06-16T14:14:35","date_gmt":"2025-06-16T14:14:35","guid":{"rendered":"https:\/\/speedybaits.sk\/produkt\/pva-organic-pva-nit-extra-pevna-string-20m\/"},"modified":"2025-08-23T21:12:39","modified_gmt":"2025-08-23T21:12:39","slug":"pva-organic-pva-nit-extra-pevna-string-20m","status":"publish","type":"product","link":"https:\/\/speedybaits.sk\/hu\/termek\/pva-organic-pva-nit-extra-pevna-string-20m\/","title":{"rendered":"PVA ORGANIC PVA ni\u0165 extra pevn\u00e1 String 20m"},"content":{"rendered":"<p><span><em>Rychle rozpustn\u00e1, spl\u00e9tan\u00e1 PVA ni\u0165.<\/em><\/span><\/p>\n<p>&nbsp;<span><strong style=\"font-weight: 700\">Vlastnosti produktu<\/strong><\/span><\/p>\n<ul>\n<li><span>r\u00fdchlo rozpustn\u00e1 PVA ni\u0165<\/span><\/li>\n<li><span>ide\u00e1lny na viazanie PVA s\u00e1\u010dkov, pri tvorbe stringerov alebo na samostatn\u00e9 uv\u00e4zovanie k\u0155menia k n\u00e1strahe<\/span><\/li>\n<li><span>po rozpusten\u00ed zost\u00e1va po PVA minim\u00e1lna stopa a prakticky neutr\u00e1lne pH<\/span><\/li>\n<\/ul>\n<p><span><strong style=\"font-weight: 700\">Technick\u00e9 \u0161pecifik\u00e1cie<\/strong><\/span><\/p>\n<ul>\n<li><span>D\u013a\u017eka: 20 m<\/span><\/li>\n<\/ul>","protected":false},"excerpt":{"rendered":"<p><span><em>Rychle rozpustn\u00e1, spl\u00e9tan\u00e1 PVA ni\u0165.<\/em><\/span><\/p>\n<p>&nbsp;<span><strong style=\"font-weight: 700\">Vlastnosti produktu<\/strong><\/span><\/p>\n<ul>\n<li><span>r\u00fdchlo rozpustn\u00e1 PVA ni\u0165<\/span><\/li>\n<li><span>ide\u00e1lny na viazanie PVA s\u00e1\u010dkov, pri tvorbe stringerov alebo na samostatn\u00e9 uv\u00e4zovanie k\u0155menia k n\u00e1strahe<\/span><\/li>\n<li><span>po rozpusten\u00ed zost\u00e1va po PVA minim\u00e1lna stopa a prakticky neutr\u00e1lne pH<\/span><\/li>\n<\/ul>\n<p><span><strong style=\"font-weight: 700\">Technick\u00e9 \u0161pecifik\u00e1cie<\/strong><\/span><\/p>\n<ul>\n<li><span>D\u013a\u017eka: 20 m<\/span><\/li>\n<\/ul>","protected":false},"featured_media":1507,"template":"","meta":{"advanced_seo_description":"","jetpack_seo_html_title":"","jetpack_seo_noindex":false},"product_brand":[],"product_cat":[63],"product_tag":[],"class_list":{"0":"post-1510","1":"product","2":"type-product","3":"status-publish","4":"has-post-thumbnail","6":"product_cat-pva-program","8":"first","9":"instock","10":"taxable","11":"shipping-taxable","12":"purchasable","13":"product-type-simple"},"jetpack_sharing_enabled":true,"_links":{"self":[{"href":"https:\/\/speedybaits.sk\/hu\/wp-json\/wp\/v2\/product\/1510","targetHints":{"allow":["GET"]}}],"collection":[{"href":"https:\/\/speedybaits.sk\/hu\/wp-json\/wp\/v2\/product"}],"about":[{"href":"https:\/\/speedybaits.sk\/hu\/wp-json\/wp\/v2\/types\/product"}],"version-history":[{"count":0,"href":"https:\/\/speedybaits.sk\/hu\/wp-json\/wp\/v2\/product\/1510\/revisions"}],"wp:featuredmedia":[{"embeddable":true,"href":"https:\/\/speedybaits.sk\/hu\/wp-json\/wp\/v2\/media\/1507"}],"wp:attachment":[{"href":"https:\/\/speedybaits.sk\/hu\/wp-json\/wp\/v2\/media?parent=1510"}],"wp:term":[{"taxonomy":"product_brand","embeddable":true,"href":"https:\/\/speedybaits.sk\/hu\/wp-json\/wp\/v2\/product_brand?post=1510"},{"taxonomy":"product_cat","embeddable":true,"href":"https:\/\/speedybaits.sk\/hu\/wp-json\/wp\/v2\/product_cat?post=1510"},{"taxonomy":"product_tag","embeddable":true,"href":"https:\/\/speedybaits.sk\/hu\/wp-json\/wp\/v2\/product_tag?post=1510"}],"curies":[{"name":"wp","href":"https:\/\/api.w.org\/{rel}","templated":true}]}}