{"id":1351,"date":"2025-06-15T16:42:56","date_gmt":"2025-06-15T16:42:56","guid":{"rendered":"https:\/\/speedybaits.sk\/?post_type=product&#038;p=1351"},"modified":"2026-04-28T05:08:01","modified_gmt":"2026-04-28T05:08:01","slug":"pop-up-boilies-squid","status":"publish","type":"product","link":"https:\/\/speedybaits.sk\/hu\/termek\/pop-up-boilies-squid\/","title":{"rendered":"Pop up boilies SQUID"},"content":{"rendered":"<div class=\"p-short-description\" data-testid=\"productCardShortDescr\">\n<p style=\"margin: 0px 0px 19px;\">Squid \u2013 V\u00fdrazn\u00e1 chobotnicov\u00e1 ar\u00f3ma, ktor\u00e1 funguje aj na sk\u00fasen\u00e9 a opatrn\u00e9 ryby. Skvel\u00e1 vo\u013eba do kaln\u00fdch v\u00f4d a n\u00e1ro\u010dn\u00fdch podmienok, kde je d\u00f4le\u017eit\u00e9 extra zv\u00fdraznenie. T\u00e1to n\u00e1straha zaujme aj vtedy, ke\u010f ostatn\u00e9 prestan\u00fa fungova\u0165.<\/p>\n<p style=\"margin: 0px 0px 19px;\">Ka\u017ed\u00e9 balenie obsahuje aj boostovac\u00ed sprej s rovnakou esenciou pre extra zv\u00fdraznenie!<\/p>\n<\/div>","protected":false},"excerpt":{"rendered":"<div class=\"p-short-description\" data-testid=\"productCardShortDescr\">\n<p style=\"margin: 0px 0px 19px;\">Squid \u2013 V\u00fdrazn\u00e1 chobotnicov\u00e1 ar\u00f3ma, ktor\u00e1 funguje aj na sk\u00fasen\u00e9 a opatrn\u00e9 ryby. Skvel\u00e1 vo\u013eba do kaln\u00fdch v\u00f4d a n\u00e1ro\u010dn\u00fdch podmienok, kde je d\u00f4le\u017eit\u00e9 extra zv\u00fdraznenie. T\u00e1to n\u00e1straha zaujme aj vtedy, ke\u010f ostatn\u00e9 prestan\u00fa fungova\u0165.<\/p>\n<p style=\"margin: 0px 0px 19px;\">Ka\u017ed\u00e9 balenie obsahuje aj boostovac\u00ed sprej s rovnakou esenciou pre extra zv\u00fdraznenie!<\/p>\n<\/div>","protected":false},"featured_media":1350,"template":"","meta":{"advanced_seo_description":"","jetpack_seo_html_title":"","jetpack_seo_noindex":false},"product_brand":[],"product_cat":[58],"product_tag":[],"class_list":{"0":"post-1351","1":"product","2":"type-product","3":"status-publish","4":"has-post-thumbnail","6":"product_cat-pop-up","7":"pa_priemer-14mm","9":"first","10":"instock","11":"taxable","12":"shipping-taxable","13":"purchasable","14":"product-type-variable"},"jetpack_sharing_enabled":true,"_links":{"self":[{"href":"https:\/\/speedybaits.sk\/hu\/wp-json\/wp\/v2\/product\/1351","targetHints":{"allow":["GET"]}}],"collection":[{"href":"https:\/\/speedybaits.sk\/hu\/wp-json\/wp\/v2\/product"}],"about":[{"href":"https:\/\/speedybaits.sk\/hu\/wp-json\/wp\/v2\/types\/product"}],"version-history":[{"count":1,"href":"https:\/\/speedybaits.sk\/hu\/wp-json\/wp\/v2\/product\/1351\/revisions"}],"predecessor-version":[{"id":2483,"href":"https:\/\/speedybaits.sk\/hu\/wp-json\/wp\/v2\/product\/1351\/revisions\/2483"}],"wp:featuredmedia":[{"embeddable":true,"href":"https:\/\/speedybaits.sk\/hu\/wp-json\/wp\/v2\/media\/1350"}],"wp:attachment":[{"href":"https:\/\/speedybaits.sk\/hu\/wp-json\/wp\/v2\/media?parent=1351"}],"wp:term":[{"taxonomy":"product_brand","embeddable":true,"href":"https:\/\/speedybaits.sk\/hu\/wp-json\/wp\/v2\/product_brand?post=1351"},{"taxonomy":"product_cat","embeddable":true,"href":"https:\/\/speedybaits.sk\/hu\/wp-json\/wp\/v2\/product_cat?post=1351"},{"taxonomy":"product_tag","embeddable":true,"href":"https:\/\/speedybaits.sk\/hu\/wp-json\/wp\/v2\/product_tag?post=1351"}],"curies":[{"name":"wp","href":"https:\/\/api.w.org\/{rel}","templated":true}]}}