{"id":1345,"date":"2025-06-15T16:38:31","date_gmt":"2025-06-15T16:38:31","guid":{"rendered":"https:\/\/speedybaits.sk\/?post_type=product&#038;p=1345"},"modified":"2025-11-29T18:31:34","modified_gmt":"2025-11-29T18:31:34","slug":"pop-up-boilies-krill","status":"publish","type":"product","link":"https:\/\/speedybaits.sk\/hu\/termek\/pop-up-boilies-krill\/","title":{"rendered":"Pop up boilies KRILL"},"content":{"rendered":"<p>Krill \u2013 Siln\u00e1, prirodzen\u00e1 v\u00f4\u0148a morsk\u00e9ho krillu, ktor\u00e1 spo\u013eahlivo pri\u0165ahuje kaprovit\u00e9 ryby. T\u00e1to n\u00e1straha je ide\u00e1lna na celoro\u010dn\u00fd rybolov, najm\u00e4 v chladnej\u0161ej vode. Vysok\u00fd obsah atrakt\u00edvnych l\u00e1tok zaru\u010duje r\u00fdchlu odozvu aj od opatrn\u00fdch r\u00fdb.<\/p>\n<p>Ka\u017ed\u00e9 balenie obsahuje aj boostovac\u00ed sprej s rovnakou esenciou pre extra zv\u00fdraznenie!<\/p>","protected":false},"excerpt":{"rendered":"<p>Krill \u2013 Siln\u00e1, prirodzen\u00e1 v\u00f4\u0148a morsk\u00e9ho krillu, ktor\u00e1 spo\u013eahlivo pri\u0165ahuje kaprovit\u00e9 ryby. T\u00e1to n\u00e1straha je ide\u00e1lna na celoro\u010dn\u00fd rybolov, najm\u00e4 v chladnej\u0161ej vode. Vysok\u00fd obsah atrakt\u00edvnych l\u00e1tok zaru\u010duje r\u00fdchlu odozvu aj od opatrn\u00fdch r\u00fdb.<\/p>\n<p>Ka\u017ed\u00e9 balenie obsahuje aj boostovac\u00ed sprej s rovnakou esenciou pre extra zv\u00fdraznenie!<\/p>","protected":false},"featured_media":1343,"template":"","meta":{"advanced_seo_description":"","jetpack_seo_html_title":"","jetpack_seo_noindex":false},"product_brand":[],"product_cat":[58],"product_tag":[],"class_list":{"0":"post-1345","1":"product","2":"type-product","3":"status-publish","4":"has-post-thumbnail","6":"product_cat-pop-up","7":"pa_priemer-14mm","9":"first","10":"instock","11":"taxable","12":"shipping-taxable","13":"purchasable","14":"product-type-variable"},"jetpack_sharing_enabled":true,"_links":{"self":[{"href":"https:\/\/speedybaits.sk\/hu\/wp-json\/wp\/v2\/product\/1345","targetHints":{"allow":["GET"]}}],"collection":[{"href":"https:\/\/speedybaits.sk\/hu\/wp-json\/wp\/v2\/product"}],"about":[{"href":"https:\/\/speedybaits.sk\/hu\/wp-json\/wp\/v2\/types\/product"}],"version-history":[{"count":1,"href":"https:\/\/speedybaits.sk\/hu\/wp-json\/wp\/v2\/product\/1345\/revisions"}],"predecessor-version":[{"id":2484,"href":"https:\/\/speedybaits.sk\/hu\/wp-json\/wp\/v2\/product\/1345\/revisions\/2484"}],"wp:featuredmedia":[{"embeddable":true,"href":"https:\/\/speedybaits.sk\/hu\/wp-json\/wp\/v2\/media\/1343"}],"wp:attachment":[{"href":"https:\/\/speedybaits.sk\/hu\/wp-json\/wp\/v2\/media?parent=1345"}],"wp:term":[{"taxonomy":"product_brand","embeddable":true,"href":"https:\/\/speedybaits.sk\/hu\/wp-json\/wp\/v2\/product_brand?post=1345"},{"taxonomy":"product_cat","embeddable":true,"href":"https:\/\/speedybaits.sk\/hu\/wp-json\/wp\/v2\/product_cat?post=1345"},{"taxonomy":"product_tag","embeddable":true,"href":"https:\/\/speedybaits.sk\/hu\/wp-json\/wp\/v2\/product_tag?post=1345"}],"curies":[{"name":"wp","href":"https:\/\/api.w.org\/{rel}","templated":true}]}}