{"id":1332,"date":"2025-06-15T16:10:14","date_gmt":"2025-06-15T16:10:14","guid":{"rendered":"https:\/\/speedybaits.sk\/?product=booster-krill-300ml"},"modified":"2026-04-01T13:52:10","modified_gmt":"2026-04-01T13:52:10","slug":"booster-krill-300ml","status":"publish","type":"product","link":"https:\/\/speedybaits.sk\/hu\/termek\/booster-krill-300ml\/","title":{"rendered":"Booster KRILL 300ml"},"content":{"rendered":"<p><span>Na\u0161e boostre s\u00fa zlo\u017een\u00e9 z&nbsp;t\u00fdch najkvalitnej\u0161\u00edch tekut\u00fdch potr\u00e1v, chu\u0165ov\u00fdch stimulantov,olejov a&nbsp;esenci\u00ed. Ocen\u00edte ich pri zatrakt\u00edvnen\u00ed Va\u0161ich n\u00e1vnad, \u010di u\u017e bolies, peliet,stick a&nbsp;zig mixov a&nbsp;partiklu. Funguj\u00fa pri akejko\u013evek teplote vody a&nbsp;uvo\u013e\u0148uj\u00fa siln\u00fa pachov\u00fa stopu na Va\u0161om k\u0155mnom mieste. Nerozp\u00fa\u0161\u0165aj\u00fa PVA. Doporu\u010dujeme pou\u017ei\u0165 30ml boostru na kilo n\u00e1vnady.<\/span><\/p>","protected":false},"excerpt":{"rendered":"<p><span>Na\u0161e boostre s\u00fa zlo\u017een\u00e9 z&nbsp;t\u00fdch najkvalitnej\u0161\u00edch tekut\u00fdch potr\u00e1v, chu\u0165ov\u00fdch stimulantov,olejov a&nbsp;esenci\u00ed. Ocen\u00edte ich pri zatrakt\u00edvnen\u00ed Va\u0161ich n\u00e1vnad, \u010di u\u017e bolies, peliet,stick a&nbsp;zig mixov a&nbsp;partiklu. Funguj\u00fa pri akejko\u013evek teplote vody a&nbsp;uvo\u013e\u0148uj\u00fa siln\u00fa pachov\u00fa stopu na Va\u0161om k\u0155mnom mieste. Nerozp\u00fa\u0161\u0165aj\u00fa PVA. Doporu\u010dujeme pou\u017ei\u0165 30ml boostru na kilo n\u00e1vnady.<\/span><\/p>","protected":false},"featured_media":1331,"template":"","meta":{"advanced_seo_description":"","jetpack_seo_html_title":"","jetpack_seo_noindex":false},"product_brand":[],"product_cat":[38],"product_tag":[],"class_list":{"0":"post-1332","1":"product","2":"type-product","3":"status-publish","4":"has-post-thumbnail","6":"product_cat-booster","8":"first","9":"instock","10":"taxable","11":"shipping-taxable","12":"purchasable","13":"product-type-simple"},"jetpack_sharing_enabled":true,"_links":{"self":[{"href":"https:\/\/speedybaits.sk\/hu\/wp-json\/wp\/v2\/product\/1332","targetHints":{"allow":["GET"]}}],"collection":[{"href":"https:\/\/speedybaits.sk\/hu\/wp-json\/wp\/v2\/product"}],"about":[{"href":"https:\/\/speedybaits.sk\/hu\/wp-json\/wp\/v2\/types\/product"}],"version-history":[{"count":0,"href":"https:\/\/speedybaits.sk\/hu\/wp-json\/wp\/v2\/product\/1332\/revisions"}],"wp:featuredmedia":[{"embeddable":true,"href":"https:\/\/speedybaits.sk\/hu\/wp-json\/wp\/v2\/media\/1331"}],"wp:attachment":[{"href":"https:\/\/speedybaits.sk\/hu\/wp-json\/wp\/v2\/media?parent=1332"}],"wp:term":[{"taxonomy":"product_brand","embeddable":true,"href":"https:\/\/speedybaits.sk\/hu\/wp-json\/wp\/v2\/product_brand?post=1332"},{"taxonomy":"product_cat","embeddable":true,"href":"https:\/\/speedybaits.sk\/hu\/wp-json\/wp\/v2\/product_cat?post=1332"},{"taxonomy":"product_tag","embeddable":true,"href":"https:\/\/speedybaits.sk\/hu\/wp-json\/wp\/v2\/product_tag?post=1332"}],"curies":[{"name":"wp","href":"https:\/\/api.w.org\/{rel}","templated":true}]}}