{"id":1200,"date":"2025-06-15T10:35:53","date_gmt":"2025-06-15T10:35:53","guid":{"rendered":"https:\/\/speedybaits.sk\/?product=drzkova-polievka-2-porcie-600g"},"modified":"2025-08-23T21:15:28","modified_gmt":"2025-08-23T21:15:28","slug":"drzkova-polievka-2-porcie-600g","status":"publish","type":"product","link":"https:\/\/speedybaits.sk\/hu\/termek\/drzkova-polievka-2-porcie-600g\/","title":{"rendered":"Dr\u017ekov\u00e1 polievka 2 porcie (600g)"},"content":{"rendered":"<p><span style=\"font-family: Verdana, sans-serif; font-size: 15px; font-style: normal; font-weight: 400; letter-spacing: normal; text-align: justify; text-indent: 0px; text-transform: none; text-decoration: none; float: none;\">Naozaj v\u00fddatn\u00e1 polievka z hov\u00e4dz\u00edch dr\u017eiek, dom\u00e4kka uvaren\u00fdch v hov\u00e4dzom v\u00fdvare na cibu\u013eovo-paprikovou z\u00e1kladu.<\/span><br \/>\n<span style=\"font-family: Verdana, sans-serif; font-size: 15px; font-style: normal; font-weight: 400; letter-spacing: normal; text-align: justify; text-indent: 0px; text-transform: none; text-decoration: none; float: none;\">N\u00c1\u0160 TIP! Dopl\u0148te t\u00fato tradi\u010dn\u00fa v\u00fddatn\u00fa polievku svojim ob\u013e\u00faben\u00fdm pe\u010divom. Skvele v\u00e1s tak zas\u00fdti na dlh\u00e9 hodiny ako hlavn\u00fd chod.<\/span>Zlozenie:<\/p>\n<p><span style=\"font-family: Verdana, sans-serif; font-size: 15px; font-style: normal; font-weight: 400; letter-spacing: normal; text-align: center; text-indent: 0px; text-transform: none; text-decoration: none; float: none;\">hov\u00e4dz\u00ed v\u00fdvar (voda, hov\u00e4dzie m\u00e4so a kosti), hov\u00e4dzie \u017eal\u00fadky (26 %), cibu\u013ea, ry\u017eov\u00e1 m\u00faka, kukuri\u010dn\u00e1 m\u00faka, repkov\u00fd olej, paprika, so\u013e kamenn\u00e1, cesnak, \u010dierne korenie, rasca, major\u00e1n.<\/span><\/p>\n<div class=\"shp-tabs-wrapper p-detail-tabs-wrapper\" style=\"border-top-style: none; border-top-width: 0px; clear: both; margin: 20px auto 0px; padding-top: 19px; position: relative; width: 360px; font-family: Verdana, sans-serif; font-size: 14px; font-style: normal; font-weight: 400; letter-spacing: normal; text-align: start; text-indent: 0px; text-transform: none; text-decoration: none;\">\n<div class=\"row\" style=\"margin-left: -20px; margin-right: -20px;\">\n<div class=\"col-sm-12\" style=\"min-height: 1px; padding-left: 20px; padding-right: 20px; position: relative;\">\n<div id=\"tab-content\" class=\"tab-content\" style=\"padding-left: 20px; padding-right: 20px; max-width: 710px; margin: 0px auto;\">\n<div id=\"tab-preparation\" class=\"tab-pane fade active in\" style=\"opacity: 1;\">\n<div style=\"line-height: 40px; font-size: 20px;\">\n<p style=\"margin: 0px 0px 10px; line-height: 40px; font-size: 20px; text-align: center;\"><strong style=\"font-weight: bold; line-height: 40px; font-size: 20px;\">Zohrieva\u0165 m\u00f4\u017eete nieko\u013ek\u00fdmi sp\u00f4sobmi:<\/strong><br \/>\n1. Vlo\u017ete uzatvoren\u00e9 vrec\u00fa\u0161ko<span class=\"Apple-converted-space\">\u00a0<\/span><strong style=\"font-weight: bold; line-height: 40px; font-size: 20px;\">do hrnca s hor\u00facou vodou<\/strong>(alebo do r\u00fdchlovarnej kanvice), nechajte cca 10 min prehria\u0165 a po otvoren\u00ed<br \/>\nserv\u00edrujte priamo na tanier.<\/p>\n<p style=\"margin: 0px 0px 10px; line-height: 40px; font-size: 20px; text-align: center;\"><img data-recalc-dims=\"1\" decoding=\"async\" style=\"border: 0px; vertical-align: middle; height: auto; max-width: 100%; line-height: 40px; font-size: 20px;\" src=\"https:\/\/i0.wp.com\/cdn.myshoptet.com\/usr\/www.expresmenu.sk\/user\/documents\/upload\/priprava1.png?ssl=1\" \/><\/p>\n<p style=\"margin: 0px 0px 10px; line-height: 40px; font-size: 20px; text-align: center;\">2. Vrec\u00fa\u0161ko vypr\u00e1zdnite<span class=\"Apple-converted-space\">\u00a0<\/span><strong style=\"font-weight: bold; line-height: 40px; font-size: 20px;\">priamo do hrnca<\/strong><span class=\"Apple-converted-space\">\u00a0<\/span>(alebo na panvi\u010dku) a zohrievajte cca 5 min.<\/p>\n<p style=\"margin: 0px 0px 10px; line-height: 40px; font-size: 20px; text-align: center;\"><img data-recalc-dims=\"1\" decoding=\"async\" style=\"border: 0px; vertical-align: middle; height: auto; max-width: 100%; line-height: 40px; font-size: 20px;\" src=\"https:\/\/i0.wp.com\/cdn.myshoptet.com\/usr\/www.expresmenu.sk\/user\/documents\/upload\/priprava2.png?ssl=1\" \/><\/p>\n<p style=\"margin: 0px 0px 10px; line-height: 40px; font-size: 20px; text-align: center;\">3. Prelo\u017ete jedlo z vrec\u00fa\u0161ka do vhodnej n\u00e1doby a zohrievajte cca 3 min v<span class=\"Apple-converted-space\">\u00a0<\/span><strong style=\"font-weight: bold; line-height: 40px; font-size: 20px;\">mikrovlnnej tr\u00fabe<\/strong>.<\/p>\n<p style=\"margin: 0px 0px 10px; line-height: 40px; font-size: 20px; text-align: center;\"><img data-recalc-dims=\"1\" decoding=\"async\" style=\"border: 0px; vertical-align: middle; height: auto; max-width: 100%; line-height: 40px; font-size: 20px;\" src=\"https:\/\/i0.wp.com\/cdn.myshoptet.com\/usr\/www.expresmenu.sk\/user\/documents\/upload\/priprava3.png?ssl=1\" \/><\/p>\n<div id=\"vtPopupMenu\" style=\"line-height: 40px; font-size: 20px;\"><\/div>\n<\/div>\n<\/div>\n<\/div>\n<\/div>\n<\/div>\n<\/div>\n<div class=\"mjs-detail-anchors-wrap container\" style=\"margin: 0px auto 60px; padding-left: 20px; padding-right: 20px; flex-flow: wrap; justify-content: center; align-items: center; width: 360px; font-family: Verdana, sans-serif; font-size: 14px; font-style: normal; font-weight: 400; letter-spacing: normal; text-align: start; text-indent: 0px; text-transform: none; text-decoration: none;\">\n<div class=\"mjs-detail-anchors-item\" style=\"flex-basis: 20%; margin-top: 0px; padding: 0px 5px;\"><a style=\"background-color: transparent; color: var(--color-primary); text-decoration: none;\" href=\"https:\/\/www.expresmenu.sk\/drzkova-polievka\/#block-without-additives\" data-target=\"block-without-additives\"><img decoding=\"async\" style=\"border: 0px; vertical-align: middle; height: 100px; max-width: 100%;\" src=\"https:\/\/www.expresmenu.sk\/user\/documents\/assets\/img\/detail\/sk\/icons\/without-additives.svg\" \/><\/a><\/div>\n<div class=\"mjs-detail-anchors-item\" style=\"flex-basis: 20%; margin-top: 0px; padding: 0px 5px;\"><a style=\"background-color: transparent; color: var(--color-primary); text-decoration: none;\" href=\"https:\/\/www.expresmenu.sk\/drzkova-polievka\/#block-heating\" data-target=\"block-heating\"><img decoding=\"async\" style=\"border: 0px; vertical-align: middle; height: 100px; max-width: 100%;\" src=\"https:\/\/www.expresmenu.sk\/user\/documents\/assets\/img\/detail\/sk\/icons\/heating.svg\" \/><\/a><\/div>\n<div class=\"mjs-detail-anchors-item\" style=\"flex-basis: 20%; margin-top: 0px; padding: 0px 5px;\"><img decoding=\"async\" style=\"border: 0px; vertical-align: middle; height: 100px; max-width: 100%;\" src=\"https:\/\/www.expresmenu.sk\/user\/documents\/assets\/img\/detail\/sk\/icons\/lion.svg\" \/><\/div>\n<div class=\"mjs-detail-anchors-item\" style=\"flex-basis: 20%; margin-top: 0px; padding: 0px 5px;\"><a style=\"background-color: transparent; color: var(--color-primary); text-decoration: none;\" href=\"https:\/\/www.expresmenu.sk\/drzkova-polievka\/#block-storage\" data-target=\"block-storage\"><img decoding=\"async\" style=\"border: 0px; vertical-align: middle; height: 100px; max-width: 100%;\" src=\"https:\/\/www.expresmenu.sk\/user\/documents\/assets\/img\/detail\/sk\/icons\/storage.svg\" \/><\/a><\/div>\n<div class=\"mjs-detail-anchors-item\" style=\"flex-basis: 20%; margin-top: 0px; padding: 0px 5px;\"><a style=\"background-color: transparent; color: var(--color-primary); text-decoration: none;\" href=\"https:\/\/www.expresmenu.sk\/drzkova-polievka\/#block-gluten-free\" data-target=\"block-gluten-free\"><img decoding=\"async\" style=\"border: 0px; vertical-align: middle; height: 100px; max-width: 100%;\" src=\"https:\/\/www.expresmenu.sk\/user\/documents\/assets\/img\/detail\/sk\/icons\/gluten-free.svg\" \/><\/a><\/div>\n<div class=\"mjs-detail-anchors-item\" style=\"flex-basis: 20%; margin-top: 0px; padding: 0px 5px;\"><a style=\"background-color: transparent; color: var(--color-primary); text-decoration: none;\" href=\"https:\/\/www.expresmenu.sk\/drzkova-polievka\/#block-quality\" data-target=\"block-quality\"><img decoding=\"async\" style=\"border: 0px; vertical-align: middle; height: 100px; max-width: 100%;\" src=\"https:\/\/www.expresmenu.sk\/user\/documents\/assets\/img\/detail\/sk\/icons\/quality.svg\" \/><\/a><\/div>\n<div class=\"mjs-detail-anchors-item\" style=\"flex-basis: 20%; margin-top: 0px; padding: 0px 5px;\"><a style=\"background-color: transparent; color: var(--color-primary); text-decoration: none;\" href=\"https:\/\/www.expresmenu.sk\/drzkova-polievka\/#block-production\" data-target=\"block-production\"><img decoding=\"async\" style=\"border: 0px; vertical-align: middle; height: 100px; max-width: 100%;\" src=\"https:\/\/www.expresmenu.sk\/user\/documents\/assets\/img\/detail\/sk\/icons\/production.svg\" \/><\/a><\/div>\n<div class=\"mjs-detail-anchors-item\" style=\"flex-basis: 20%; margin-top: 0px; padding: 0px 5px;\"><a style=\"background-color: transparent; color: var(--color-primary); text-decoration: none;\" href=\"https:\/\/www.expresmenu.sk\/drzkova-polievka\/#block-balance\" data-target=\"block-balance\"><img decoding=\"async\" style=\"border: 0px; vertical-align: middle; height: 100px; max-width: 100%;\" src=\"https:\/\/www.expresmenu.sk\/user\/documents\/assets\/img\/detail\/sk\/icons\/balance.svg\" \/><\/a><\/div>\n<div class=\"mjs-detail-anchors-item\" style=\"flex-basis: 20%; margin-top: 0px; padding: 0px 5px;\"><a style=\"background-color: transparent; color: var(--color-primary); text-decoration: none;\" href=\"https:\/\/www.expresmenu.sk\/drzkova-polievka\/#block-salt-content\" data-target=\"block-salt-content\"><img decoding=\"async\" style=\"border: 0px; vertical-align: middle; height: 100px; max-width: 100%;\" src=\"https:\/\/www.expresmenu.sk\/user\/documents\/assets\/img\/detail\/sk\/icons\/salt-content.svg\" \/><\/a><\/div>\n<\/div>","protected":false},"excerpt":{"rendered":"<p><span style=\"font-family: Verdana, sans-serif; font-size: 15px; font-style: normal; font-weight: 400; letter-spacing: normal; text-align: justify; text-indent: 0px; text-transform: none; text-decoration: none; float: none;\">Naozaj v\u00fddatn\u00e1 polievka z hov\u00e4dz\u00edch dr\u017eiek, dom\u00e4kka uvaren\u00fdch v hov\u00e4dzom v\u00fdvare na cibu\u013eovo-paprikovou z\u00e1kladu.<\/span><br \/>\n<span style=\"font-family: Verdana, sans-serif; font-size: 15px; font-style: normal; font-weight: 400; letter-spacing: normal; text-align: justify; text-indent: 0px; text-transform: none; text-decoration: none; float: none;\">N\u00c1\u0160 TIP! Dopl\u0148te t\u00fato tradi\u010dn\u00fa v\u00fddatn\u00fa polievku svojim ob\u013e\u00faben\u00fdm pe\u010divom. Skvele v\u00e1s tak zas\u00fdti na dlh\u00e9 hodiny ako hlavn\u00fd chod.<\/span>Zlozenie:<\/p>\n<p><span style=\"font-family: Verdana, sans-serif; font-size: 15px; font-style: normal; font-weight: 400; letter-spacing: normal; text-align: center; text-indent: 0px; text-transform: none; text-decoration: none; float: none;\">hov\u00e4dz\u00ed v\u00fdvar (voda, hov\u00e4dzie m\u00e4so a kosti), hov\u00e4dzie \u017eal\u00fadky (26 %), cibu\u013ea, ry\u017eov\u00e1 m\u00faka, kukuri\u010dn\u00e1 m\u00faka, repkov\u00fd olej, paprika, so\u013e kamenn\u00e1, cesnak, \u010dierne korenie, rasca, major\u00e1n.<\/span><\/p>\n<div class=\"shp-tabs-wrapper p-detail-tabs-wrapper\" style=\"border-top-style: none; border-top-width: 0px; clear: both; margin: 20px auto 0px; padding-top: 19px; position: relative; width: 360px; font-family: Verdana, sans-serif; font-size: 14px; font-style: normal; font-weight: 400; letter-spacing: normal; text-align: start; text-indent: 0px; text-transform: none; text-decoration: none;\">\n<div class=\"row\" style=\"margin-left: -20px; margin-right: -20px;\">\n<div class=\"col-sm-12\" style=\"min-height: 1px; padding-left: 20px; padding-right: 20px; position: relative;\">\n<div id=\"tab-content\" class=\"tab-content\" style=\"padding-left: 20px; padding-right: 20px; max-width: 710px; margin: 0px auto;\">\n<div id=\"tab-preparation\" class=\"tab-pane fade active in\" style=\"opacity: 1;\">\n<div style=\"line-height: 40px; font-size: 20px;\">\n<p style=\"margin: 0px 0px 10px; line-height: 40px; font-size: 20px; text-align: center;\"><strong style=\"font-weight: bold; line-height: 40px; font-size: 20px;\">Zohrieva\u0165 m\u00f4\u017eete nieko\u013ek\u00fdmi sp\u00f4sobmi:<\/strong><br \/>\n1. Vlo\u017ete uzatvoren\u00e9 vrec\u00fa\u0161ko<span class=\"Apple-converted-space\">\u00a0<\/span><strong style=\"font-weight: bold; line-height: 40px; font-size: 20px;\">do hrnca s hor\u00facou vodou<\/strong>(alebo do r\u00fdchlovarnej kanvice), nechajte cca 10 min prehria\u0165 a po otvoren\u00ed<br \/>\nserv\u00edrujte priamo na tanier.<\/p>\n<p style=\"margin: 0px 0px 10px; line-height: 40px; font-size: 20px; text-align: center;\"><img decoding=\"async\" style=\"border: 0px; vertical-align: middle; height: auto; max-width: 100%; line-height: 40px; font-size: 20px;\" src=\"https:\/\/cdn.myshoptet.com\/usr\/www.expresmenu.sk\/user\/documents\/upload\/priprava1.png?1713970806\" \/><\/p>\n<p style=\"margin: 0px 0px 10px; line-height: 40px; font-size: 20px; text-align: center;\">2. Vrec\u00fa\u0161ko vypr\u00e1zdnite<span class=\"Apple-converted-space\">\u00a0<\/span><strong style=\"font-weight: bold; line-height: 40px; font-size: 20px;\">priamo do hrnca<\/strong><span class=\"Apple-converted-space\">\u00a0<\/span>(alebo na panvi\u010dku) a zohrievajte cca 5 min.<\/p>\n<p style=\"margin: 0px 0px 10px; line-height: 40px; font-size: 20px; text-align: center;\"><img decoding=\"async\" style=\"border: 0px; vertical-align: middle; height: auto; max-width: 100%; line-height: 40px; font-size: 20px;\" src=\"https:\/\/cdn.myshoptet.com\/usr\/www.expresmenu.sk\/user\/documents\/upload\/priprava2.png?1713970813\" \/><\/p>\n<p style=\"margin: 0px 0px 10px; line-height: 40px; font-size: 20px; text-align: center;\">3. Prelo\u017ete jedlo z vrec\u00fa\u0161ka do vhodnej n\u00e1doby a zohrievajte cca 3 min v<span class=\"Apple-converted-space\">\u00a0<\/span><strong style=\"font-weight: bold; line-height: 40px; font-size: 20px;\">mikrovlnnej tr\u00fabe<\/strong>.<\/p>\n<p style=\"margin: 0px 0px 10px; line-height: 40px; font-size: 20px; text-align: center;\"><img decoding=\"async\" style=\"border: 0px; vertical-align: middle; height: auto; max-width: 100%; line-height: 40px; font-size: 20px;\" src=\"https:\/\/cdn.myshoptet.com\/usr\/www.expresmenu.sk\/user\/documents\/upload\/priprava3.png?1713970813\" \/><\/p>\n<div id=\"vtPopupMenu\" style=\"line-height: 40px; font-size: 20px;\"><\/div>\n<\/div>\n<\/div>\n<\/div>\n<\/div>\n<\/div>\n<\/div>\n<div class=\"mjs-detail-anchors-wrap container\" style=\"margin: 0px auto 60px; padding-left: 20px; padding-right: 20px; flex-flow: wrap; justify-content: center; align-items: center; width: 360px; font-family: Verdana, sans-serif; font-size: 14px; font-style: normal; font-weight: 400; letter-spacing: normal; text-align: start; text-indent: 0px; text-transform: none; text-decoration: none;\">\n<div class=\"mjs-detail-anchors-item\" style=\"flex-basis: 20%; margin-top: 0px; padding: 0px 5px;\"><a style=\"background-color: transparent; color: var(--color-primary); text-decoration: none;\" href=\"https:\/\/www.expresmenu.sk\/drzkova-polievka\/#block-without-additives\" data-target=\"block-without-additives\"><img decoding=\"async\" style=\"border: 0px; vertical-align: middle; height: 100px; max-width: 100%;\" src=\"https:\/\/www.expresmenu.sk\/user\/documents\/assets\/img\/detail\/sk\/icons\/without-additives.svg\" \/><\/a><\/div>\n<div class=\"mjs-detail-anchors-item\" style=\"flex-basis: 20%; margin-top: 0px; padding: 0px 5px;\"><a style=\"background-color: transparent; color: var(--color-primary); text-decoration: none;\" href=\"https:\/\/www.expresmenu.sk\/drzkova-polievka\/#block-heating\" data-target=\"block-heating\"><img decoding=\"async\" style=\"border: 0px; vertical-align: middle; height: 100px; max-width: 100%;\" src=\"https:\/\/www.expresmenu.sk\/user\/documents\/assets\/img\/detail\/sk\/icons\/heating.svg\" \/><\/a><\/div>\n<div class=\"mjs-detail-anchors-item\" style=\"flex-basis: 20%; margin-top: 0px; padding: 0px 5px;\"><img decoding=\"async\" style=\"border: 0px; vertical-align: middle; height: 100px; max-width: 100%;\" src=\"https:\/\/www.expresmenu.sk\/user\/documents\/assets\/img\/detail\/sk\/icons\/lion.svg\" \/><\/div>\n<div class=\"mjs-detail-anchors-item\" style=\"flex-basis: 20%; margin-top: 0px; padding: 0px 5px;\"><a style=\"background-color: transparent; color: var(--color-primary); text-decoration: none;\" href=\"https:\/\/www.expresmenu.sk\/drzkova-polievka\/#block-storage\" data-target=\"block-storage\"><img decoding=\"async\" style=\"border: 0px; vertical-align: middle; height: 100px; max-width: 100%;\" src=\"https:\/\/www.expresmenu.sk\/user\/documents\/assets\/img\/detail\/sk\/icons\/storage.svg\" \/><\/a><\/div>\n<div class=\"mjs-detail-anchors-item\" style=\"flex-basis: 20%; margin-top: 0px; padding: 0px 5px;\"><a style=\"background-color: transparent; color: var(--color-primary); text-decoration: none;\" href=\"https:\/\/www.expresmenu.sk\/drzkova-polievka\/#block-gluten-free\" data-target=\"block-gluten-free\"><img decoding=\"async\" style=\"border: 0px; vertical-align: middle; height: 100px; max-width: 100%;\" src=\"https:\/\/www.expresmenu.sk\/user\/documents\/assets\/img\/detail\/sk\/icons\/gluten-free.svg\" \/><\/a><\/div>\n<div class=\"mjs-detail-anchors-item\" style=\"flex-basis: 20%; margin-top: 0px; padding: 0px 5px;\"><a style=\"background-color: transparent; color: var(--color-primary); text-decoration: none;\" href=\"https:\/\/www.expresmenu.sk\/drzkova-polievka\/#block-quality\" data-target=\"block-quality\"><img decoding=\"async\" style=\"border: 0px; vertical-align: middle; height: 100px; max-width: 100%;\" src=\"https:\/\/www.expresmenu.sk\/user\/documents\/assets\/img\/detail\/sk\/icons\/quality.svg\" \/><\/a><\/div>\n<div class=\"mjs-detail-anchors-item\" style=\"flex-basis: 20%; margin-top: 0px; padding: 0px 5px;\"><a style=\"background-color: transparent; color: var(--color-primary); text-decoration: none;\" href=\"https:\/\/www.expresmenu.sk\/drzkova-polievka\/#block-production\" data-target=\"block-production\"><img decoding=\"async\" style=\"border: 0px; vertical-align: middle; height: 100px; max-width: 100%;\" src=\"https:\/\/www.expresmenu.sk\/user\/documents\/assets\/img\/detail\/sk\/icons\/production.svg\" \/><\/a><\/div>\n<div class=\"mjs-detail-anchors-item\" style=\"flex-basis: 20%; margin-top: 0px; padding: 0px 5px;\"><a style=\"background-color: transparent; color: var(--color-primary); text-decoration: none;\" href=\"https:\/\/www.expresmenu.sk\/drzkova-polievka\/#block-balance\" data-target=\"block-balance\"><img decoding=\"async\" style=\"border: 0px; vertical-align: middle; height: 100px; max-width: 100%;\" src=\"https:\/\/www.expresmenu.sk\/user\/documents\/assets\/img\/detail\/sk\/icons\/balance.svg\" \/><\/a><\/div>\n<div class=\"mjs-detail-anchors-item\" style=\"flex-basis: 20%; margin-top: 0px; padding: 0px 5px;\"><a style=\"background-color: transparent; color: var(--color-primary); text-decoration: none;\" href=\"https:\/\/www.expresmenu.sk\/drzkova-polievka\/#block-salt-content\" data-target=\"block-salt-content\"><img decoding=\"async\" style=\"border: 0px; vertical-align: middle; height: 100px; max-width: 100%;\" src=\"https:\/\/www.expresmenu.sk\/user\/documents\/assets\/img\/detail\/sk\/icons\/salt-content.svg\" \/><\/a><\/div>\n<\/div>","protected":false},"featured_media":1198,"template":"","meta":{"advanced_seo_description":"","jetpack_seo_html_title":"","jetpack_seo_noindex":false},"product_brand":[],"product_cat":[90],"product_tag":[],"class_list":{"0":"post-1200","1":"product","2":"type-product","3":"status-publish","4":"has-post-thumbnail","6":"product_cat-polievky","8":"first","9":"instock","10":"taxable","11":"shipping-taxable","12":"purchasable","13":"product-type-simple"},"jetpack_sharing_enabled":true,"_links":{"self":[{"href":"https:\/\/speedybaits.sk\/hu\/wp-json\/wp\/v2\/product\/1200","targetHints":{"allow":["GET"]}}],"collection":[{"href":"https:\/\/speedybaits.sk\/hu\/wp-json\/wp\/v2\/product"}],"about":[{"href":"https:\/\/speedybaits.sk\/hu\/wp-json\/wp\/v2\/types\/product"}],"version-history":[{"count":1,"href":"https:\/\/speedybaits.sk\/hu\/wp-json\/wp\/v2\/product\/1200\/revisions"}],"predecessor-version":[{"id":2495,"href":"https:\/\/speedybaits.sk\/hu\/wp-json\/wp\/v2\/product\/1200\/revisions\/2495"}],"wp:featuredmedia":[{"embeddable":true,"href":"https:\/\/speedybaits.sk\/hu\/wp-json\/wp\/v2\/media\/1198"}],"wp:attachment":[{"href":"https:\/\/speedybaits.sk\/hu\/wp-json\/wp\/v2\/media?parent=1200"}],"wp:term":[{"taxonomy":"product_brand","embeddable":true,"href":"https:\/\/speedybaits.sk\/hu\/wp-json\/wp\/v2\/product_brand?post=1200"},{"taxonomy":"product_cat","embeddable":true,"href":"https:\/\/speedybaits.sk\/hu\/wp-json\/wp\/v2\/product_cat?post=1200"},{"taxonomy":"product_tag","embeddable":true,"href":"https:\/\/speedybaits.sk\/hu\/wp-json\/wp\/v2\/product_tag?post=1200"}],"curies":[{"name":"wp","href":"https:\/\/api.w.org\/{rel}","templated":true}]}}