{"id":1194,"date":"2025-06-15T10:28:13","date_gmt":"2025-06-15T10:28:13","guid":{"rendered":"https:\/\/speedybaits.sk\/?product=husacia-pasteta-1-porcia-120g"},"modified":"2025-08-23T21:15:34","modified_gmt":"2025-08-23T21:15:34","slug":"husacia-pasteta-1-porcia-120g","status":"publish","type":"product","link":"https:\/\/speedybaits.sk\/hu\/termek\/husacia-pasteta-1-porcia-120g\/","title":{"rendered":"Husacia pa\u0161t\u00e9ta 1 porcia (120g)"},"content":{"rendered":"<p style=\"margin: 0px 0px 10px; line-height: 2em; text-align: center; font-family: Verdana, sans-serif; font-size: 15px; font-style: normal; font-weight: 400; letter-spacing: normal; text-indent: 0px; text-transform: none; text-decoration: none;\">Lahodn\u00e1 desiata z husacej pe\u010dene s ke\u0161u orie\u0161kami a cibu\u013ekou. Mo\u017eno jes\u0165 samostatne alebo natrie\u0165 na pe\u010divo.<\/p>\n<p style=\"margin: 0px 0px 10px; line-height: 2em; text-align: center; font-family: Verdana, sans-serif; font-size: 15px; font-style: normal; font-weight: 400; letter-spacing: normal; text-indent: 0px; text-transform: none; text-decoration: none;\">Nemus\u00edte skladova\u0165 v chladni\u010dke a hravo sa zmest\u00ed aj do vrecka.<\/p>\n<p>Zlozenie:<span style=\"font-family: Verdana, sans-serif; font-size: 15px; font-style: normal; font-weight: 400; letter-spacing: normal; text-align: center; text-indent: 0px; text-transform: none; text-decoration: none; float: none;\">hov\u00e4dzie m\u00e4so (30 %), husacie pe\u010de\u0148 (20 %), kore\u0148ov\u00e1 zelenina (mrkva,<\/span><span style=\"font-family: Verdana, sans-serif; font-size: 15px; font-style: normal; font-weight: 400; letter-spacing: normal; text-align: center; text-indent: 0px; text-transform: none; text-decoration: none; float: none;\"><span class=\"Apple-converted-space\">\u00a0<\/span><\/span><strong style=\"font-weight: bold; line-height: 2em; text-align: center; font-family: Verdana, sans-serif; font-size: 15px; font-style: normal; letter-spacing: normal; text-indent: 0px; text-transform: none; text-decoration: none;\">zeler<\/strong><span style=\"font-family: Verdana, sans-serif; font-size: 15px; font-style: normal; font-weight: 400; letter-spacing: normal; text-align: center; text-indent: 0px; text-transform: none; text-decoration: none; float: none;\">, petr\u017elen), voda, cibu\u013ea,<\/span><span style=\"font-family: Verdana, sans-serif; font-size: 15px; font-style: normal; font-weight: 400; letter-spacing: normal; text-align: center; text-indent: 0px; text-transform: none; text-decoration: none; float: none;\"><span class=\"Apple-converted-space\">\u00a0<\/span><\/span><strong style=\"font-weight: bold; line-height: 2em; text-align: center; font-family: Verdana, sans-serif; font-size: 15px; font-style: normal; letter-spacing: normal; text-indent: 0px; text-transform: none; text-decoration: none;\">ke\u0161u orechy<\/strong><span style=\"font-family: Verdana, sans-serif; font-size: 15px; font-style: normal; font-weight: 400; letter-spacing: normal; text-align: center; text-indent: 0px; text-transform: none; text-decoration: none; float: none;\"><span class=\"Apple-converted-space\">\u00a0<\/span><\/span><span style=\"font-family: Verdana, sans-serif; font-size: 15px; font-style: normal; font-weight: 400; letter-spacing: normal; text-align: center; text-indent: 0px; text-transform: none; text-decoration: none; float: none;\">(5 %), cesnak, so\u013e, bobkov\u00fd list, korenie cel\u00e9, nov\u00e9 korenie.<\/span><\/p>","protected":false},"excerpt":{"rendered":"<p style=\"margin: 0px 0px 10px; line-height: 2em; text-align: center; font-family: Verdana, sans-serif; font-size: 15px; font-style: normal; font-weight: 400; letter-spacing: normal; text-indent: 0px; text-transform: none; text-decoration: none;\">Lahodn\u00e1 desiata z husacej pe\u010dene s ke\u0161u orie\u0161kami a cibu\u013ekou. Mo\u017eno jes\u0165 samostatne alebo natrie\u0165 na pe\u010divo.<\/p>\n<p style=\"margin: 0px 0px 10px; line-height: 2em; text-align: center; font-family: Verdana, sans-serif; font-size: 15px; font-style: normal; font-weight: 400; letter-spacing: normal; text-indent: 0px; text-transform: none; text-decoration: none;\">Nemus\u00edte skladova\u0165 v chladni\u010dke a hravo sa zmest\u00ed aj do vrecka.<\/p>\n<p>Zlozenie:<span style=\"font-family: Verdana, sans-serif; font-size: 15px; font-style: normal; font-weight: 400; letter-spacing: normal; text-align: center; text-indent: 0px; text-transform: none; text-decoration: none; float: none;\">hov\u00e4dzie m\u00e4so (30 %), husacie pe\u010de\u0148 (20 %), kore\u0148ov\u00e1 zelenina (mrkva,<\/span><span style=\"font-family: Verdana, sans-serif; font-size: 15px; font-style: normal; font-weight: 400; letter-spacing: normal; text-align: center; text-indent: 0px; text-transform: none; text-decoration: none; float: none;\"><span class=\"Apple-converted-space\">\u00a0<\/span><\/span><strong style=\"font-weight: bold; line-height: 2em; text-align: center; font-family: Verdana, sans-serif; font-size: 15px; font-style: normal; letter-spacing: normal; text-indent: 0px; text-transform: none; text-decoration: none;\">zeler<\/strong><span style=\"font-family: Verdana, sans-serif; font-size: 15px; font-style: normal; font-weight: 400; letter-spacing: normal; text-align: center; text-indent: 0px; text-transform: none; text-decoration: none; float: none;\">, petr\u017elen), voda, cibu\u013ea,<\/span><span style=\"font-family: Verdana, sans-serif; font-size: 15px; font-style: normal; font-weight: 400; letter-spacing: normal; text-align: center; text-indent: 0px; text-transform: none; text-decoration: none; float: none;\"><span class=\"Apple-converted-space\">\u00a0<\/span><\/span><strong style=\"font-weight: bold; line-height: 2em; text-align: center; font-family: Verdana, sans-serif; font-size: 15px; font-style: normal; letter-spacing: normal; text-indent: 0px; text-transform: none; text-decoration: none;\">ke\u0161u orechy<\/strong><span style=\"font-family: Verdana, sans-serif; font-size: 15px; font-style: normal; font-weight: 400; letter-spacing: normal; text-align: center; text-indent: 0px; text-transform: none; text-decoration: none; float: none;\"><span class=\"Apple-converted-space\">\u00a0<\/span><\/span><span style=\"font-family: Verdana, sans-serif; font-size: 15px; font-style: normal; font-weight: 400; letter-spacing: normal; text-align: center; text-indent: 0px; text-transform: none; text-decoration: none; float: none;\">(5 %), cesnak, so\u013e, bobkov\u00fd list, korenie cel\u00e9, nov\u00e9 korenie.<\/span><\/p>","protected":false},"featured_media":1192,"template":"","meta":{"advanced_seo_description":"","jetpack_seo_html_title":"","jetpack_seo_noindex":false},"product_brand":[],"product_cat":[87],"product_tag":[],"class_list":{"0":"post-1194","1":"product","2":"type-product","3":"status-publish","4":"has-post-thumbnail","6":"product_cat-desiata","8":"first","9":"instock","10":"taxable","11":"shipping-taxable","12":"purchasable","13":"product-type-simple"},"jetpack_sharing_enabled":true,"_links":{"self":[{"href":"https:\/\/speedybaits.sk\/hu\/wp-json\/wp\/v2\/product\/1194","targetHints":{"allow":["GET"]}}],"collection":[{"href":"https:\/\/speedybaits.sk\/hu\/wp-json\/wp\/v2\/product"}],"about":[{"href":"https:\/\/speedybaits.sk\/hu\/wp-json\/wp\/v2\/types\/product"}],"version-history":[{"count":1,"href":"https:\/\/speedybaits.sk\/hu\/wp-json\/wp\/v2\/product\/1194\/revisions"}],"predecessor-version":[{"id":2497,"href":"https:\/\/speedybaits.sk\/hu\/wp-json\/wp\/v2\/product\/1194\/revisions\/2497"}],"wp:featuredmedia":[{"embeddable":true,"href":"https:\/\/speedybaits.sk\/hu\/wp-json\/wp\/v2\/media\/1192"}],"wp:attachment":[{"href":"https:\/\/speedybaits.sk\/hu\/wp-json\/wp\/v2\/media?parent=1194"}],"wp:term":[{"taxonomy":"product_brand","embeddable":true,"href":"https:\/\/speedybaits.sk\/hu\/wp-json\/wp\/v2\/product_brand?post=1194"},{"taxonomy":"product_cat","embeddable":true,"href":"https:\/\/speedybaits.sk\/hu\/wp-json\/wp\/v2\/product_cat?post=1194"},{"taxonomy":"product_tag","embeddable":true,"href":"https:\/\/speedybaits.sk\/hu\/wp-json\/wp\/v2\/product_tag?post=1194"}],"curies":[{"name":"wp","href":"https:\/\/api.w.org\/{rel}","templated":true}]}}