{"id":1096,"date":"2025-06-14T18:04:23","date_gmt":"2025-06-14T18:04:23","guid":{"rendered":"https:\/\/speedybaits.sk\/?product=boilies-squid"},"modified":"2025-08-23T21:16:32","modified_gmt":"2025-08-23T21:16:32","slug":"boilies-squid","status":"publish","type":"product","link":"https:\/\/speedybaits.sk\/hu\/termek\/boilies-squid\/","title":{"rendered":"Boilies SQUID 1kg"},"content":{"rendered":"<p>Legend\u00e1rna esencia Olihe\u0148 \u2013 Squid podporen\u00e1 decentnou d\u00e1vkou \u010dierneho korenia. V\u00a0kombin\u00e1cii s\u00a0mixom prvotriednych ryb\u00edch m\u00fa\u010dok, kde dominuje squid m\u00fa\u010dka, mlie\u010dnych prote\u00ednov, kvasn\u00edc a\u00a0tekut\u00fdch potr\u00e1v, rob\u00ed z\u00a0toho boilies zbra\u0148 na opatrn\u00e9 ryby aj na silno prech\u00fdtan\u00fdch vod\u00e1ch.<\/p>\n<p>The legendary Squid essence supported by a decent dose of black pepper. In combination with a mix of different fishmeal\u2019s, dominated by squid meal, milk proteins, yeast and liquid food, makes boilies a weapon for careful fish even in heavily fishe<\/p>","protected":false},"excerpt":{"rendered":"<p>Legend\u00e1rna esencia Olihe\u0148 \u2013 Squid podporen\u00e1 decentnou d\u00e1vkou \u010dierneho korenia. V\u00a0kombin\u00e1cii s\u00a0mixom prvotriednych ryb\u00edch m\u00fa\u010dok, kde dominuje squid m\u00fa\u010dka, mlie\u010dnych prote\u00ednov, kvasn\u00edc a\u00a0tekut\u00fdch potr\u00e1v, rob\u00ed z\u00a0toho boilies zbra\u0148 na opatrn\u00e9 ryby aj na silno prech\u00fdtan\u00fdch vod\u00e1ch.<\/p>\n<p>The legendary Squid essence supported by a decent dose of black pepper. In combination with a mix of different fishmeal\u2019s, dominated by squid meal, milk proteins, yeast and liquid food, makes boilies a weapon for careful fish even in heavily fishe<\/p>","protected":false},"featured_media":1094,"template":"","meta":{"advanced_seo_description":"","jetpack_seo_html_title":"","jetpack_seo_noindex":false},"product_brand":[],"product_cat":[55],"product_tag":[],"class_list":{"0":"post-1096","1":"product","2":"type-product","3":"status-publish","4":"has-post-thumbnail","6":"product_cat-excelent-boilies","7":"pa_priemer-20mm","8":"pa_priemer-24mm","10":"first","11":"instock","12":"taxable","13":"shipping-taxable","14":"purchasable","15":"product-type-variable"},"jetpack_sharing_enabled":true,"_links":{"self":[{"href":"https:\/\/speedybaits.sk\/hu\/wp-json\/wp\/v2\/product\/1096","targetHints":{"allow":["GET"]}}],"collection":[{"href":"https:\/\/speedybaits.sk\/hu\/wp-json\/wp\/v2\/product"}],"about":[{"href":"https:\/\/speedybaits.sk\/hu\/wp-json\/wp\/v2\/types\/product"}],"version-history":[{"count":1,"href":"https:\/\/speedybaits.sk\/hu\/wp-json\/wp\/v2\/product\/1096\/revisions"}],"predecessor-version":[{"id":2515,"href":"https:\/\/speedybaits.sk\/hu\/wp-json\/wp\/v2\/product\/1096\/revisions\/2515"}],"wp:featuredmedia":[{"embeddable":true,"href":"https:\/\/speedybaits.sk\/hu\/wp-json\/wp\/v2\/media\/1094"}],"wp:attachment":[{"href":"https:\/\/speedybaits.sk\/hu\/wp-json\/wp\/v2\/media?parent=1096"}],"wp:term":[{"taxonomy":"product_brand","embeddable":true,"href":"https:\/\/speedybaits.sk\/hu\/wp-json\/wp\/v2\/product_brand?post=1096"},{"taxonomy":"product_cat","embeddable":true,"href":"https:\/\/speedybaits.sk\/hu\/wp-json\/wp\/v2\/product_cat?post=1096"},{"taxonomy":"product_tag","embeddable":true,"href":"https:\/\/speedybaits.sk\/hu\/wp-json\/wp\/v2\/product_tag?post=1096"}],"curies":[{"name":"wp","href":"https:\/\/api.w.org\/{rel}","templated":true}]}}