{"id":1092,"date":"2025-06-14T17:24:08","date_gmt":"2025-06-14T17:24:08","guid":{"rendered":"https:\/\/speedybaits.sk\/?product=boilies-losos-broskyna"},"modified":"2025-11-05T15:34:09","modified_gmt":"2025-11-05T15:34:09","slug":"boilies-losos-broskyna","status":"publish","type":"product","link":"https:\/\/speedybaits.sk\/hu\/termek\/boilies-losos-broskyna\/","title":{"rendered":"Boilies LOSOS BROSKY\u0147A 1kg"},"content":{"rendered":"<p>Univerz\u00e1lne boilies s\u00a0\u00fa\u010dinnos\u0165ou po cel\u00fd rok. 6 druhov kvalitn\u00fdch ryb\u00edch m\u00fa\u010dok, rozpustn\u00e9 rybie prote\u00edny, tekut\u00e9 potravy a\u00a0esencia brosky\u0148a, robia z\u00a0tohto boilies \u00fa\u010dinn\u00fa n\u00e1strahu na v\u0161etky typy v\u00f4d. Skvele funguje aj na kr\u00e1tkych v\u00fdprav\u00e1ch, kde V\u00e1s prekvap\u00ed svojou \u00fa\u010dinnos\u0165ou.<\/p>\n<p>Universal boilies effective all year round. 6 types of high \u2013 quality fish meal, soluble fish proteins, liquid food and peach essence make this boilies an effective bait for all types of water. It Works great especially on short trips, where it will surprise you with high efficiency.<\/p>","protected":false},"excerpt":{"rendered":"<p>Univerz\u00e1lne boilies s\u00a0\u00fa\u010dinnos\u0165ou po cel\u00fd rok. 6 druhov kvalitn\u00fdch ryb\u00edch m\u00fa\u010dok, rozpustn\u00e9 rybie prote\u00edny, tekut\u00e9 potravy a\u00a0esencia brosky\u0148a, robia z\u00a0tohto boilies \u00fa\u010dinn\u00fa n\u00e1strahu na v\u0161etky typy v\u00f4d. Skvele funguje aj na kr\u00e1tkych v\u00fdprav\u00e1ch, kde V\u00e1s prekvap\u00ed svojou \u00fa\u010dinnos\u0165ou.<\/p>\n<p>Universal boilies effective all year round. 6 types of high \u2013 quality fish meal, soluble fish proteins, liquid food and peach essence make this boilies an effective bait for all types of water. It Works great especially on short trips, where it will surprise you with high efficiency.<\/p>","protected":false},"featured_media":1091,"template":"","meta":{"advanced_seo_description":"","jetpack_seo_html_title":"","jetpack_seo_noindex":false},"product_brand":[],"product_cat":[55],"product_tag":[],"class_list":{"0":"post-1092","1":"product","2":"type-product","3":"status-publish","4":"has-post-thumbnail","6":"product_cat-excelent-boilies","7":"pa_priemer-20mm","8":"pa_priemer-24mm","10":"first","11":"instock","12":"taxable","13":"shipping-taxable","14":"purchasable","15":"product-type-variable"},"jetpack_sharing_enabled":true,"_links":{"self":[{"href":"https:\/\/speedybaits.sk\/hu\/wp-json\/wp\/v2\/product\/1092","targetHints":{"allow":["GET"]}}],"collection":[{"href":"https:\/\/speedybaits.sk\/hu\/wp-json\/wp\/v2\/product"}],"about":[{"href":"https:\/\/speedybaits.sk\/hu\/wp-json\/wp\/v2\/types\/product"}],"version-history":[{"count":1,"href":"https:\/\/speedybaits.sk\/hu\/wp-json\/wp\/v2\/product\/1092\/revisions"}],"predecessor-version":[{"id":2516,"href":"https:\/\/speedybaits.sk\/hu\/wp-json\/wp\/v2\/product\/1092\/revisions\/2516"}],"wp:featuredmedia":[{"embeddable":true,"href":"https:\/\/speedybaits.sk\/hu\/wp-json\/wp\/v2\/media\/1091"}],"wp:attachment":[{"href":"https:\/\/speedybaits.sk\/hu\/wp-json\/wp\/v2\/media?parent=1092"}],"wp:term":[{"taxonomy":"product_brand","embeddable":true,"href":"https:\/\/speedybaits.sk\/hu\/wp-json\/wp\/v2\/product_brand?post=1092"},{"taxonomy":"product_cat","embeddable":true,"href":"https:\/\/speedybaits.sk\/hu\/wp-json\/wp\/v2\/product_cat?post=1092"},{"taxonomy":"product_tag","embeddable":true,"href":"https:\/\/speedybaits.sk\/hu\/wp-json\/wp\/v2\/product_tag?post=1092"}],"curies":[{"name":"wp","href":"https:\/\/api.w.org\/{rel}","templated":true}]}}