{"id":1053,"date":"2025-06-14T12:43:23","date_gmt":"2025-06-14T12:43:23","guid":{"rendered":"https:\/\/speedybaits.sk\/?product=hawai-chilli-2"},"modified":"2026-04-11T08:06:19","modified_gmt":"2026-04-11T08:06:19","slug":"hawai-chilli-2","status":"publish","type":"product","link":"https:\/\/speedybaits.sk\/hu\/termek\/hawai-chilli-2\/","title":{"rendered":"Boilies HAWAI CHILLI 1kg"},"content":{"rendered":"<p>Ostro pikantn\u00e9 &#8211; sladko neodolate\u013en\u00e9 s vyv\u00e1\u017eenou zmesou pre maxim\u00e1lny \u00fa\u010dinok.<\/p>\n<p>Na\u0161e Hawaii- chilli kombinuje silu pr\u00edrody s dokonalou chu\u0165ovou rovnov\u00e1hou.<br \/>\nZ\u00e1klad tvor\u00ed zmes kvalitn\u00fdch ryb\u00edch m\u00fa\u010dok, starostlivo vybran\u00fdch atraktorov s poriadnou d\u00e1vkou chilli a koncentrovan\u00fdch extraktov.<br \/>\nK tomu sme pridali kombin\u00e1ciu decentnej d\u00e1vky sladidla a exotick\u00fa v\u00f4\u0148u anan\u00e1su.<span class=\"Apple-converted-space\">\u00a0<\/span><br \/>\nT\u00e1to dr\u00e1\u017ediv\u00e1 kombin\u00e1cia prebud\u00ed zvedavos\u0165 aj u t\u00fdch najprest\u00ed\u017enej\u0161\u00edch kaprov.<br \/>\nV\u00fd\u017eivn\u00e9, atrakt\u00edvne a mimoriadne \u00fa\u010dinn\u00e9 boilies, vhodn\u00e9 na celoro\u010dn\u00e9 pou\u017eitie.<\/p>","protected":false},"excerpt":{"rendered":"<p>Ostro pikantn\u00e9 &#8211; sladko neodolate\u013en\u00e9 s vyv\u00e1\u017eenou zmesou pre maxim\u00e1lny \u00fa\u010dinok.<\/p>\n<p>Na\u0161e Hawaii- chilli kombinuje silu pr\u00edrody s dokonalou chu\u0165ovou rovnov\u00e1hou.<br \/>\nZ\u00e1klad tvor\u00ed zmes kvalitn\u00fdch ryb\u00edch m\u00fa\u010dok, starostlivo vybran\u00fdch atraktorov s poriadnou d\u00e1vkou chilli a koncentrovan\u00fdch extraktov.<br \/>\nK tomu sme pridali kombin\u00e1ciu decentnej d\u00e1vky sladidla a exotick\u00fa v\u00f4\u0148u anan\u00e1su.<span class=\"Apple-converted-space\">\u00a0<\/span><br \/>\nT\u00e1to dr\u00e1\u017ediv\u00e1 kombin\u00e1cia prebud\u00ed zvedavos\u0165 aj u t\u00fdch najprest\u00ed\u017enej\u0161\u00edch kaprov.<br \/>\nV\u00fd\u017eivn\u00e9, atrakt\u00edvne a mimoriadne \u00fa\u010dinn\u00e9 boilies, vhodn\u00e9 na celoro\u010dn\u00e9 pou\u017eitie.<\/p>","protected":false},"featured_media":1052,"template":"","meta":{"advanced_seo_description":"","jetpack_seo_html_title":"","jetpack_seo_noindex":false},"product_brand":[],"product_cat":[55],"product_tag":[],"class_list":{"0":"post-1053","1":"product","2":"type-product","3":"status-publish","4":"has-post-thumbnail","6":"product_cat-excelent-boilies","7":"pa_priemer-20mm","8":"pa_priemer-24mm","10":"first","11":"instock","12":"taxable","13":"shipping-taxable","14":"purchasable","15":"product-type-variable"},"jetpack_sharing_enabled":true,"_links":{"self":[{"href":"https:\/\/speedybaits.sk\/hu\/wp-json\/wp\/v2\/product\/1053","targetHints":{"allow":["GET"]}}],"collection":[{"href":"https:\/\/speedybaits.sk\/hu\/wp-json\/wp\/v2\/product"}],"about":[{"href":"https:\/\/speedybaits.sk\/hu\/wp-json\/wp\/v2\/types\/product"}],"version-history":[{"count":1,"href":"https:\/\/speedybaits.sk\/hu\/wp-json\/wp\/v2\/product\/1053\/revisions"}],"predecessor-version":[{"id":2519,"href":"https:\/\/speedybaits.sk\/hu\/wp-json\/wp\/v2\/product\/1053\/revisions\/2519"}],"wp:featuredmedia":[{"embeddable":true,"href":"https:\/\/speedybaits.sk\/hu\/wp-json\/wp\/v2\/media\/1052"}],"wp:attachment":[{"href":"https:\/\/speedybaits.sk\/hu\/wp-json\/wp\/v2\/media?parent=1053"}],"wp:term":[{"taxonomy":"product_brand","embeddable":true,"href":"https:\/\/speedybaits.sk\/hu\/wp-json\/wp\/v2\/product_brand?post=1053"},{"taxonomy":"product_cat","embeddable":true,"href":"https:\/\/speedybaits.sk\/hu\/wp-json\/wp\/v2\/product_cat?post=1053"},{"taxonomy":"product_tag","embeddable":true,"href":"https:\/\/speedybaits.sk\/hu\/wp-json\/wp\/v2\/product_tag?post=1053"}],"curies":[{"name":"wp","href":"https:\/\/api.w.org\/{rel}","templated":true}]}}