{"id":1008,"date":"2025-06-11T03:36:25","date_gmt":"2025-06-11T03:36:25","guid":{"rendered":"https:\/\/speedybaits.sk\/?product=glm-300-ml"},"modified":"2026-03-22T06:40:17","modified_gmt":"2026-03-22T06:40:17","slug":"glm-300-ml","status":"publish","type":"product","link":"https:\/\/speedybaits.sk\/hu\/termek\/glm-300-ml\/","title":{"rendered":"Booster GLM 300 ml"},"content":{"rendered":"<p>Na\u0161e boostre s\u00fa zlo\u017een\u00e9 z\u00a0t\u00fdch najkvalitnej\u0161\u00edch tekut\u00fdch potr\u00e1v, chu\u0165ov\u00fdch stimulantov,olejov a\u00a0esenci\u00ed. Ocen\u00edte ich pri zatrakt\u00edvnen\u00ed Va\u0161ich n\u00e1vnad, \u010di u\u017e bolies, peliet,stick a\u00a0zig mixov a\u00a0partiklu. Funguj\u00fa pri akejko\u013evek teplote vody a\u00a0uvo\u013e\u0148uj\u00fa siln\u00fa pachov\u00fa stopu na Va\u0161om k\u0155mnom mieste. Nerozp\u00fa\u0161\u0165aj\u00fa PVA. Doporu\u010dujeme pou\u017ei\u0165 30ml boostru na kilo n\u00e1vnady.<\/p>","protected":false},"excerpt":{"rendered":"<p>Na\u0161e boostre s\u00fa zlo\u017een\u00e9 z\u00a0t\u00fdch najkvalitnej\u0161\u00edch tekut\u00fdch potr\u00e1v, chu\u0165ov\u00fdch stimulantov,olejov a\u00a0esenci\u00ed. Ocen\u00edte ich pri zatrakt\u00edvnen\u00ed Va\u0161ich n\u00e1vnad, \u010di u\u017e bolies,<\/p>","protected":false},"featured_media":1007,"template":"","meta":{"advanced_seo_description":"","jetpack_seo_html_title":"","jetpack_seo_noindex":false},"product_brand":[],"product_cat":[38],"product_tag":[],"class_list":{"0":"post-1008","1":"product","2":"type-product","3":"status-publish","4":"has-post-thumbnail","6":"product_cat-booster","8":"first","9":"instock","10":"taxable","11":"shipping-taxable","12":"purchasable","13":"product-type-simple"},"jetpack_sharing_enabled":true,"_links":{"self":[{"href":"https:\/\/speedybaits.sk\/hu\/wp-json\/wp\/v2\/product\/1008","targetHints":{"allow":["GET"]}}],"collection":[{"href":"https:\/\/speedybaits.sk\/hu\/wp-json\/wp\/v2\/product"}],"about":[{"href":"https:\/\/speedybaits.sk\/hu\/wp-json\/wp\/v2\/types\/product"}],"version-history":[{"count":2,"href":"https:\/\/speedybaits.sk\/hu\/wp-json\/wp\/v2\/product\/1008\/revisions"}],"predecessor-version":[{"id":2890,"href":"https:\/\/speedybaits.sk\/hu\/wp-json\/wp\/v2\/product\/1008\/revisions\/2890"}],"wp:featuredmedia":[{"embeddable":true,"href":"https:\/\/speedybaits.sk\/hu\/wp-json\/wp\/v2\/media\/1007"}],"wp:attachment":[{"href":"https:\/\/speedybaits.sk\/hu\/wp-json\/wp\/v2\/media?parent=1008"}],"wp:term":[{"taxonomy":"product_brand","embeddable":true,"href":"https:\/\/speedybaits.sk\/hu\/wp-json\/wp\/v2\/product_brand?post=1008"},{"taxonomy":"product_cat","embeddable":true,"href":"https:\/\/speedybaits.sk\/hu\/wp-json\/wp\/v2\/product_cat?post=1008"},{"taxonomy":"product_tag","embeddable":true,"href":"https:\/\/speedybaits.sk\/hu\/wp-json\/wp\/v2\/product_tag?post=1008"}],"curies":[{"name":"wp","href":"https:\/\/api.w.org\/{rel}","templated":true}]}}