{"id":1564,"date":"2025-06-16T15:27:50","date_gmt":"2025-06-16T15:27:50","guid":{"rendered":"https:\/\/speedybaits.sk\/?page_id=1564"},"modified":"2025-08-16T07:29:05","modified_gmt":"2025-08-16T07:29:05","slug":"kontakt","status":"publish","type":"page","link":"https:\/\/speedybaits.sk\/hu\/kontakt\/","title":{"rendered":"\u00c9rintkez\u00e9s"},"content":{"rendered":"<div data-elementor-type=\"wp-page\" data-elementor-id=\"1564\" class=\"elementor elementor-1564\" data-elementor-post-type=\"page\">\n\t\t\t\t<div class=\"wd-negative-gap elementor-element elementor-element-9739467 e-flex e-con-boxed e-con e-parent\" data-id=\"9739467\" data-element_type=\"container\" data-e-type=\"container\">\n\t\t\t\t\t<div class=\"e-con-inner\">\n\t\t\t\t<div class=\"elementor-element elementor-element-313e2bb elementor-widget elementor-widget-wd_text_block\" data-id=\"313e2bb\" data-element_type=\"widget\" data-e-type=\"widget\" data-widget_type=\"wd_text_block.default\">\n\t\t\t\t<div class=\"elementor-widget-container\">\n\t\t\t\t\t\t\t<div class=\"wd-text-block reset-last-child text-center\">\n\t\t\t\n\t\t\t<p><strong>Van k\u00e9rd\u00e9se? \u00d6r\u00f6mmel seg\u00edt\u00fcnk!<br \/><\/strong><br data-start=\"271\" data-end=\"274\" \/>Minden horg\u00e1sz sz\u00e1m\u00e1ra el\u00e9rhet\u0151ek vagyunk \u2013 a kezd\u0151kt\u0151l a profikig. Ak\u00e1r csaliv\u00e1laszt\u00e1sr\u00f3l, rendel\u00e9s \u00e1llapot\u00e1r\u00f3l vagy nagykereskedelmi egy\u00fcttm\u0171k\u00f6d\u00e9sr\u0151l van sz\u00f3, ne habozzon kapcsolatba l\u00e9pni vel\u00fcnk.<\/p>\n\t\t\t\t\t<\/div>\n\t\t\t\t\t\t<\/div>\n\t\t\t\t<\/div>\n\t\t\t\t\t<\/div>\n\t\t\t\t<\/div>\n\t\t<div class=\"wd-negative-gap elementor-element elementor-element-6bb9a84 e-flex e-con-boxed e-con e-parent\" data-id=\"6bb9a84\" data-element_type=\"container\" data-e-type=\"container\">\n\t\t\t\t\t<div class=\"e-con-inner\">\n\t\t\t\t<div class=\"elementor-element elementor-element-0992eae elementor-widget elementor-widget-spacer\" data-id=\"0992eae\" data-element_type=\"widget\" data-e-type=\"widget\" data-widget_type=\"spacer.default\">\n\t\t\t\t<div class=\"elementor-widget-container\">\n\t\t\t\t\t\t\t<div class=\"elementor-spacer\">\n\t\t\t<div class=\"elementor-spacer-inner\"><\/div>\n\t\t<\/div>\n\t\t\t\t\t\t<\/div>\n\t\t\t\t<\/div>\n\t\t\t\t\t<\/div>\n\t\t\t\t<\/div>\n\t\t<div class=\"wd-negative-gap elementor-element elementor-element-1dc4fe6 e-flex e-con-boxed e-con e-parent\" data-id=\"1dc4fe6\" data-element_type=\"container\" data-e-type=\"container\">\n\t\t\t\t\t<div class=\"e-con-inner\">\n\t\t<div class=\"elementor-element elementor-element-62f22ba e-con-full e-flex e-con e-child\" data-id=\"62f22ba\" data-element_type=\"container\" data-e-type=\"container\">\n\t\t\t\t<div class=\"elementor-element elementor-element-a45fa79 elementor-widget elementor-widget-wd_text_block\" data-id=\"a45fa79\" data-element_type=\"widget\" data-e-type=\"widget\" data-widget_type=\"wd_text_block.default\">\n\t\t\t\t<div class=\"elementor-widget-container\">\n\t\t\t\t\t\t\t<div class=\"wd-text-block reset-last-child text-center\">\n\t\t\t\n\t\t\t<p data-start=\"616\" data-end=\"632\">\ud83d\udcde <strong>Telefon:<\/strong><\/p><p><strong data-start=\"633\" data-end=\"653\">+421 944 18 12 18<\/strong><br data-start=\"653\" data-end=\"656\" \/>(H-P: 9:00-17:00)<\/p><p data-start=\"685\" data-end=\"700\">\ud83d\udce7 <strong>E-mail:<\/strong><\/p><p><strong data-start=\"701\" data-end=\"724\"><a class=\"cursor-pointer\" rel=\"noopener\" data-start=\"703\" data-end=\"722\">info@speedybaits.sk<\/a><\/strong><\/p>\n\t\t\t\t\t<\/div>\n\t\t\t\t\t\t<\/div>\n\t\t\t\t<\/div>\n\t\t\t\t<\/div>\n\t\t<div class=\"elementor-element elementor-element-b375ff9 e-con-full e-flex e-con e-child\" data-id=\"b375ff9\" data-element_type=\"container\" data-e-type=\"container\">\n\t\t\t\t<div class=\"elementor-element elementor-element-1b64d5a elementor-widget elementor-widget-wd_text_block\" data-id=\"1b64d5a\" data-element_type=\"widget\" data-e-type=\"widget\" data-widget_type=\"wd_text_block.default\">\n\t\t\t\t<div class=\"elementor-widget-container\">\n\t\t\t\t\t\t\t<div class=\"wd-text-block reset-last-child text-center\">\n\t\t\t\n\t\t\t<h5 data-start=\"446\" data-end=\"462\"><strong>\ud83d\udccd Szem\u00e9lyes \u00e1tv\u00e9tel:<\/strong><\/h5><p><strong data-start=\"464\" data-end=\"487\">Speedy COMPANY s.r.o.<\/strong><br data-start=\"487\" data-end=\"490\" \/><strong>Pod Papier\u0148ou 33\/06, 08501 BARDEJOV<\/strong><br data-start=\"526\" data-end=\"529\" \/>Slovensko<\/p><p>I\u010cO: 55 345 336<br \/>DI\u010c: 2121962403<\/p>\n\t\t\t\t\t<\/div>\n\t\t\t\t\t\t<\/div>\n\t\t\t\t<\/div>\n\t\t\t\t<\/div>\n\t\t\t\t\t<\/div>\n\t\t\t\t<\/div>\n\t\t<div class=\"wd-negative-gap elementor-element elementor-element-e46effc e-flex e-con-boxed e-con e-parent\" data-id=\"e46effc\" data-element_type=\"container\" data-e-type=\"container\">\n\t\t\t\t\t<div class=\"e-con-inner\">\n\t\t\t\t<div class=\"elementor-element elementor-element-ab8803b elementor-widget elementor-widget-wd_text_block\" data-id=\"ab8803b\" data-element_type=\"widget\" data-e-type=\"widget\" data-widget_type=\"wd_text_block.default\">\n\t\t\t\t<div class=\"elementor-widget-container\">\n\t\t\t\t\t\t\t<div class=\"wd-text-block reset-last-child text-left\">\n\t\t\t\n\t\t\t\n\t\t\t\t\t<\/div>\n\t\t\t\t\t\t<\/div>\n\t\t\t\t<\/div>\n\t\t\t\t\t<\/div>\n\t\t\t\t<\/div>\n\t\t<div class=\"wd-negative-gap elementor-element elementor-element-f513283 e-flex e-con-boxed e-con e-parent\" data-id=\"f513283\" data-element_type=\"container\" data-e-type=\"container\">\n\t\t\t\t\t<div class=\"e-con-inner\">\n\t\t\t\t<div class=\"elementor-element elementor-element-2cd9742 elementor-widget-divider--view-line elementor-widget elementor-widget-divider\" data-id=\"2cd9742\" data-element_type=\"widget\" data-e-type=\"widget\" data-widget_type=\"divider.default\">\n\t\t\t\t<div class=\"elementor-widget-container\">\n\t\t\t\t\t\t\t<div class=\"elementor-divider\">\n\t\t\t<span class=\"elementor-divider-separator\">\n\t\t\t\t\t\t<\/span>\n\t\t<\/div>\n\t\t\t\t\t\t<\/div>\n\t\t\t\t<\/div>\n\t\t\t\t\t<\/div>\n\t\t\t\t<\/div>\n\t\t<div class=\"wd-negative-gap elementor-element elementor-element-cb4954e e-flex e-con-boxed e-con e-parent\" data-id=\"cb4954e\" data-element_type=\"container\" data-e-type=\"container\">\n\t\t\t\t\t<div class=\"e-con-inner\">\n\t\t\t\t<div class=\"elementor-element elementor-element-974a15c elementor-widget elementor-widget-wd_text_block\" data-id=\"974a15c\" data-element_type=\"widget\" data-e-type=\"widget\" data-widget_type=\"wd_text_block.default\">\n\t\t\t\t<div class=\"elementor-widget-container\">\n\t\t\t\t\t\t\t<div class=\"wd-text-block reset-last-child text-center\">\n\t\t\t\n\t\t\t<h3 data-start=\"1145\" data-end=\"1191\">\ud83d\udcec Vagy \u00edrjon nek\u00fcnk a kapcsolatfelv\u00e9teli \u0171rlapon kereszt\u00fcl:<\/h3>\n\t\t\t\t\t<\/div>\n\t\t\t\t\t\t<\/div>\n\t\t\t\t<\/div>\n\t\t\t\t<div class=\"elementor-element elementor-element-aeebc4f elementor-widget elementor-widget-wd_text_block\" data-id=\"aeebc4f\" data-element_type=\"widget\" data-e-type=\"widget\" data-widget_type=\"wd_text_block.default\">\n\t\t\t\t<div class=\"elementor-widget-container\">\n\t\t\t\t\t\t\t<div class=\"wd-text-block reset-last-child text-center\">\n\t\t\t\n\t\t\t<p data-start=\"1145\" data-end=\"1191\"><strong>*<\/strong> Az \u0171rlap bek\u00fcld\u00e9s\u00e9vel hozz\u00e1j\u00e1rul a szem\u00e9lyes adatok feldolgoz\u00e1s\u00e1hoz. Tov\u00e1bbi inform\u00e1ci\u00f3k\u00e9rt l\u00e1sd:<span style=\"text-decoration: underline;\"><a href=\"https:\/\/speedybaits.sk\/hu\/zasady-pouzivania-suborov-cookie-eu\/\"> adatv\u00e9delmi ir\u00e1nyelvek.<\/a><\/span><\/p>\n\t\t\t\t\t<\/div>\n\t\t\t\t\t\t<\/div>\n\t\t\t\t<\/div>\n\t\t\t\t<div class=\"elementor-element elementor-element-a4f28dc elementor-widget elementor-widget-wd_text_block\" data-id=\"a4f28dc\" data-element_type=\"widget\" data-e-type=\"widget\" data-widget_type=\"wd_text_block.default\">\n\t\t\t\t<div class=\"elementor-widget-container\">\n\t\t\t\t\t\t\t<div class=\"wd-text-block reset-last-child text-center\">\n\t\t\t\n\t\t\t\n\t\t\t\t\t<\/div>\n\t\t\t\t\t\t<\/div>\n\t\t\t\t<\/div>\n\t\t\t\t\t<\/div>\n\t\t\t\t<\/div>\n\t\t<div class=\"elementor-element elementor-element-f671d30 e-flex e-con-boxed e-con e-parent\" data-id=\"f671d30\" data-element_type=\"container\" data-e-type=\"container\">\n\t\t\t\t\t<div class=\"e-con-inner\">\n\t\t\t\t<div class=\"elementor-element elementor-element-3090466 wd-cf7 elementor-widget elementor-widget-wd_contact_form_7\" data-id=\"3090466\" data-element_type=\"widget\" data-e-type=\"widget\" data-widget_type=\"wd_contact_form_7.default\">\n\t\t\t\t<div class=\"elementor-widget-container\">\n\t\t\t\t\t\n<div class=\"wpcf7 no-js\" id=\"wpcf7-f7-o1\" lang=\"sk-SK\" dir=\"ltr\" data-wpcf7-id=\"7\">\n<div class=\"screen-reader-response\"><p role=\"status\" aria-live=\"polite\" aria-atomic=\"true\"><\/p> <ul><\/ul><\/div>\n<form action=\"\/hu\/wp-json\/wp\/v2\/pages\/1564#wpcf7-f7-o1\" method=\"post\" class=\"wpcf7-form init\" aria-label=\"Kontaktn\u00fd formul\u00e1r\" enctype=\"multipart\/form-data\" novalidate=\"novalidate\" data-status=\"init\" data-trp-original-action=\"\/hu\/wp-json\/wp\/v2\/pages\/1564#wpcf7-f7-o1\">\n<fieldset class=\"hidden-fields-container\"><input type=\"hidden\" name=\"_wpcf7\" value=\"7\" \/><input type=\"hidden\" name=\"_wpcf7_version\" value=\"6.1.5\" \/><input type=\"hidden\" name=\"_wpcf7_locale\" value=\"sk_SK\" \/><input type=\"hidden\" name=\"_wpcf7_unit_tag\" value=\"wpcf7-f7-o1\" \/><input type=\"hidden\" name=\"_wpcf7_container_post\" value=\"0\" \/><input type=\"hidden\" name=\"_wpcf7_posted_data_hash\" value=\"\" \/>\n<\/fieldset>\n<p><label>A neved *<\/label><br \/>\n<span class=\"wpcf7-form-control-wrap\" data-name=\"your-name\"><input size=\"40\" maxlength=\"400\" class=\"wpcf7-form-control wpcf7-text wpcf7-validates-as-required\" autocomplete=\"name\" aria-required=\"true\" aria-invalid=\"false\" value=\"\" type=\"text\" name=\"your-name\" \/><\/span>\n<\/p>\n<p><label>V\u00e1\u0161 e-mail *<\/label><br \/>\n<span class=\"wpcf7-form-control-wrap\" data-name=\"your-email\"><input size=\"40\" maxlength=\"400\" class=\"wpcf7-form-control wpcf7-email wpcf7-validates-as-required wpcf7-text wpcf7-validates-as-email\" autocomplete=\"email\" aria-required=\"true\" aria-invalid=\"false\" value=\"\" type=\"email\" name=\"your-email\" \/><\/span>\n<\/p>\n<p><label>Telef\u00f3nne \u010d\u00edslo (nepovinn\u00e9)<\/label><br \/>\n<span class=\"wpcf7-form-control-wrap\" data-name=\"your-phone\"><input size=\"40\" maxlength=\"400\" class=\"wpcf7-form-control wpcf7-tel wpcf7-text wpcf7-validates-as-tel\" autocomplete=\"tel\" aria-invalid=\"false\" value=\"\" type=\"tel\" name=\"your-phone\" \/><\/span>\n<\/p>\n<p><label>Predmet spr\u00e1vy *<\/label><br \/>\n<span class=\"wpcf7-form-control-wrap\" data-name=\"your-subject\"><input size=\"40\" maxlength=\"400\" class=\"wpcf7-form-control wpcf7-text wpcf7-validates-as-required\" aria-required=\"true\" aria-invalid=\"false\" value=\"\" type=\"text\" name=\"your-subject\" \/><\/span>\n<\/p>\n<p><label>Va\u0161a spr\u00e1va *<\/label><br \/>\n<span class=\"wpcf7-form-control-wrap\" data-name=\"your-message\"><textarea cols=\"40\" rows=\"10\" maxlength=\"2000\" class=\"wpcf7-form-control wpcf7-textarea wpcf7-validates-as-required\" aria-required=\"true\" aria-invalid=\"false\" name=\"your-message\"><\/textarea><\/span>\n<\/p>\n<p><label>Prilo\u017ei\u0165 s\u00fabor (napr. fotka \u00falovku)<\/label><br \/>\n<span class=\"wpcf7-form-control-wrap\" data-name=\"your-file\"><input size=\"40\" class=\"wpcf7-form-control wpcf7-file\" accept=\"audio\/*,video\/*,image\/*\" aria-invalid=\"false\" type=\"file\" name=\"your-file\" \/><\/span>\n<\/p>\n<p><label><br \/>\n<span class=\"wpcf7-form-control-wrap\" data-name=\"checkbox-597\"><span class=\"wpcf7-form-control wpcf7-checkbox wpcf7-validates-as-required KF1\"><span class=\"wpcf7-list-item first last\"><label><input type=\"checkbox\" name=\"checkbox-597[]\" value=\"S\u00fahlas\u00edm so spracovan\u00edm osobn\u00fdch \u00fadajov pod\u013ea z\u00e1sad ochrany osobn\u00fdch \u00fadajov. *\" \/><span class=\"wpcf7-list-item-label\">S\u00fahlas\u00edm so spracovan\u00edm osobn\u00fdch \u00fadajov pod\u013ea z\u00e1sad ochrany osobn\u00fdch \u00fadajov. *<\/span><\/label><\/span><\/span><\/span><br \/>\n<\/label>\n<\/p>\n<p><input class=\"wpcf7-form-control wpcf7-submit has-spinner\" type=\"submit\" value=\"Odosla\u0165 spr\u00e1vu\" \/>\n<\/p><div class=\"wpcf7-response-output\" aria-hidden=\"true\"><\/div>\n<input type=\"hidden\" name=\"trp-form-language\" value=\"hu\"\/><\/form>\n<\/div>\n\t\t\t\t<\/div>\n\t\t\t\t<\/div>\n\t\t\t\t\t<\/div>\n\t\t\t\t<\/div>\n\t\t\t\t<\/div>","protected":false},"excerpt":{"rendered":"<p>M\u00e1te ot\u00e1zku? Radi V\u00e1m porad\u00edme!Sme tu pre v\u0161etk\u00fdch ryb\u00e1rov \u2013 od za\u010diato\u010dn\u00edkov a\u017e po prof\u00edkov. \u010ci u\u017e ide o v\u00fdber<\/p>","protected":false},"author":2,"featured_media":0,"parent":0,"menu_order":0,"comment_status":"closed","ping_status":"closed","template":"","meta":{"advanced_seo_description":"","jetpack_seo_html_title":"","jetpack_seo_noindex":false,"footnotes":""},"class_list":["post-1564","page","type-page","status-publish","hentry"],"jetpack_sharing_enabled":true,"_links":{"self":[{"href":"https:\/\/speedybaits.sk\/hu\/wp-json\/wp\/v2\/pages\/1564","targetHints":{"allow":["GET"]}}],"collection":[{"href":"https:\/\/speedybaits.sk\/hu\/wp-json\/wp\/v2\/pages"}],"about":[{"href":"https:\/\/speedybaits.sk\/hu\/wp-json\/wp\/v2\/types\/page"}],"author":[{"embeddable":true,"href":"https:\/\/speedybaits.sk\/hu\/wp-json\/wp\/v2\/users\/2"}],"replies":[{"embeddable":true,"href":"https:\/\/speedybaits.sk\/hu\/wp-json\/wp\/v2\/comments?post=1564"}],"version-history":[{"count":3,"href":"https:\/\/speedybaits.sk\/hu\/wp-json\/wp\/v2\/pages\/1564\/revisions"}],"predecessor-version":[{"id":2662,"href":"https:\/\/speedybaits.sk\/hu\/wp-json\/wp\/v2\/pages\/1564\/revisions\/2662"}],"wp:attachment":[{"href":"https:\/\/speedybaits.sk\/hu\/wp-json\/wp\/v2\/media?parent=1564"}],"curies":[{"name":"wp","href":"https:\/\/api.w.org\/{rel}","templated":true}]}}