{"id":969,"date":"2025-06-09T14:26:55","date_gmt":"2025-06-09T14:26:55","guid":{"rendered":"https:\/\/speedybaits.sk\/?post_type=product&#038;p=969"},"modified":"2026-03-22T06:43:48","modified_gmt":"2026-03-22T06:43:48","slug":"ananas-boilies","status":"publish","type":"product","link":"https:\/\/speedybaits.sk\/en\/product\/ananas-boilies\/","title":{"rendered":"Pop up boilies ANAN\u00c1S"},"content":{"rendered":"<p>Anan\u00e1s \u2013 Sladk\u00e1 a svie\u017ea tropick\u00e1 v\u00f4\u0148a, ktor\u00e1 okam\u017eite vzbudzuje z\u00e1ujem r\u00fdb. Vysok\u00e1 rozpustnos\u0165 atraktorov zabezpe\u010duje r\u00fdchle \u0161\u00edrenie esencie vo vode. Ide\u00e1lna na teplej\u0161ie mesiace aj do studenej vody pri love na r\u00fdchle z\u00e1bery.<\/p>\n<p>Ka\u017ed\u00e9 balenie obsahuje aj boostovac\u00ed sprej s rovnakou esenciou pre extra zv\u00fdraznenie!<\/p>","protected":false},"excerpt":{"rendered":"<div class=\"p-short-description\" data-testid=\"productCardShortDescr\">\n<p style=\"margin: 0px 0px 19px;\">Anan\u00e1s \u2013 Sladk\u00e1 a svie\u017ea tropick\u00e1 v\u00f4\u0148a, ktor\u00e1 okam\u017eite vzbudzuje z\u00e1ujem r\u00fdb. Vysok\u00e1 rozpustnos\u0165 atraktorov zabezpe\u010duje r\u00fdchle \u0161\u00edrenie esencie vo vode. Ide\u00e1lna na teplej\u0161ie mesiace aj do studenej vody pri love na r\u00fdchle z\u00e1bery.<\/p>\n<p style=\"margin: 0px 0px 19px;\">Ka\u017ed\u00e9 balenie obsahuje aj boostovac\u00ed sprej s rovnakou esenciou pre extra zv\u00fdraznenie!<\/p>\n<\/div>","protected":false},"featured_media":1341,"template":"","meta":{"advanced_seo_description":"","jetpack_seo_html_title":"","jetpack_seo_noindex":false},"product_brand":[],"product_cat":[58],"product_tag":[],"class_list":{"0":"post-969","1":"product","2":"type-product","3":"status-publish","4":"has-post-thumbnail","6":"product_cat-pop-up","7":"pa_priemer-14mm","9":"first","10":"instock","11":"taxable","12":"shipping-taxable","13":"purchasable","14":"product-type-variable"},"jetpack_sharing_enabled":true,"_links":{"self":[{"href":"https:\/\/speedybaits.sk\/en\/wp-json\/wp\/v2\/product\/969","targetHints":{"allow":["GET"]}}],"collection":[{"href":"https:\/\/speedybaits.sk\/en\/wp-json\/wp\/v2\/product"}],"about":[{"href":"https:\/\/speedybaits.sk\/en\/wp-json\/wp\/v2\/types\/product"}],"version-history":[{"count":3,"href":"https:\/\/speedybaits.sk\/en\/wp-json\/wp\/v2\/product\/969\/revisions"}],"predecessor-version":[{"id":2895,"href":"https:\/\/speedybaits.sk\/en\/wp-json\/wp\/v2\/product\/969\/revisions\/2895"}],"wp:featuredmedia":[{"embeddable":true,"href":"https:\/\/speedybaits.sk\/en\/wp-json\/wp\/v2\/media\/1341"}],"wp:attachment":[{"href":"https:\/\/speedybaits.sk\/en\/wp-json\/wp\/v2\/media?parent=969"}],"wp:term":[{"taxonomy":"product_brand","embeddable":true,"href":"https:\/\/speedybaits.sk\/en\/wp-json\/wp\/v2\/product_brand?post=969"},{"taxonomy":"product_cat","embeddable":true,"href":"https:\/\/speedybaits.sk\/en\/wp-json\/wp\/v2\/product_cat?post=969"},{"taxonomy":"product_tag","embeddable":true,"href":"https:\/\/speedybaits.sk\/en\/wp-json\/wp\/v2\/product_tag?post=969"}],"curies":[{"name":"wp","href":"https:\/\/api.w.org\/{rel}","templated":true}]}}