{"id":2904,"date":"2026-03-31T18:49:22","date_gmt":"2026-03-31T18:49:22","guid":{"rendered":"https:\/\/speedybaits.sk\/produkt\/produkt-2\/"},"modified":"2026-03-31T18:55:51","modified_gmt":"2026-03-31T18:55:51","slug":"produkt-2","status":"publish","type":"product","link":"https:\/\/speedybaits.sk\/en\/product\/produkt-2\/","title":{"rendered":"Boilies v dipe HMYZ 250ml"},"content":{"rendered":"<p class=\"p1\" style=\"margin: 0px 0px 19px;padding: 0px;border: 0px;vertical-align: baseline;font-style: normal;font-weight: 400;line-height: inherit;font-family: Cabin, Arial, Helvetica, sans-serif;font-size: 15px;letter-spacing: normal;text-align: left;text-indent: 0px;text-transform: none;white-space: normal\">Na\u0161u&nbsp;Excellent radu roz\u0161irujeme o chytacie boilies v praktickom balen\u00ed.<\/p>\n<p class=\"p1\" style=\"margin: 0px 0px 19px;padding: 0px;border: 0px;vertical-align: baseline;font-style: normal;font-weight: 400;line-height: inherit;font-family: Cabin, Arial, Helvetica, sans-serif;font-size: 15px;letter-spacing: normal;text-align: left;text-indent: 0px;text-transform: none;white-space: normal\">Nie s\u00fa to v\u0161ak len boilies zaliate boostrom. S\u00fa nasiaknut\u00e9 najlep\u0161\u00edmi tekut\u00fdmi potravami, rozpustn\u00fdmi pr\u00e1\u0161kov\u00fdmi extraktmi, esenciami a chu\u0165ov\u00fdmi atraktormi.<\/p>\n<p class=\"p1\" style=\"margin: 0px 0px 19px;padding: 0px;border: 0px;vertical-align: baseline;font-style: normal;font-weight: 400;line-height: inherit;font-family: Cabin, Arial, Helvetica, sans-serif;font-size: 15px;letter-spacing: normal;text-align: left;text-indent: 0px;text-transform: none;white-space: normal\">Ide\u00e1lne v situ\u00e1ci\u00e1ch, ke\u010f potrebujete odl\u00ed\u0161i\u0165 n\u00e1strahu od n\u00e1vnady, na preteky, pri n\u00edzkej aktivite, alebo na kr\u00e1tke vych\u00e1dzky. Skvel\u00e9 aj na bahnit\u00e9 dno.<\/p>","protected":false},"excerpt":{"rendered":"<p class=\"p1\" style=\"margin: 0px 0px 19px;padding: 0px;border: 0px;vertical-align: baseline;font-style: normal;font-weight: 400;line-height: inherit;font-family: Cabin, Arial, Helvetica, sans-serif;font-size: 15px;letter-spacing: normal;text-align: left;text-indent: 0px;text-transform: none;white-space: normal\">Na\u0161u&nbsp;Excellent radu roz\u0161irujeme o chytacie boilies v praktickom balen\u00ed.<\/p>\n<p class=\"p1\" style=\"margin: 0px 0px 19px;padding: 0px;border: 0px;vertical-align: baseline;font-style: normal;font-weight: 400;line-height: inherit;font-family: Cabin, Arial, Helvetica, sans-serif;font-size: 15px;letter-spacing: normal;text-align: left;text-indent: 0px;text-transform: none;white-space: normal\">Nie s\u00fa to v\u0161ak len boilies zaliate boostrom. S\u00fa nasiaknut\u00e9 najlep\u0161\u00edmi tekut\u00fdmi potravami, rozpustn\u00fdmi pr\u00e1\u0161kov\u00fdmi extraktmi, esenciami a chu\u0165ov\u00fdmi atraktormi.<\/p>\n<p class=\"p1\" style=\"margin: 0px 0px 19px;padding: 0px;border: 0px;vertical-align: baseline;font-style: normal;font-weight: 400;line-height: inherit;font-family: Cabin, Arial, Helvetica, sans-serif;font-size: 15px;letter-spacing: normal;text-align: left;text-indent: 0px;text-transform: none;white-space: normal\">Ide\u00e1lne v situ\u00e1ci\u00e1ch, ke\u010f potrebujete odl\u00ed\u0161i\u0165 n\u00e1strahu od n\u00e1vnady, na preteky, pri n\u00edzkej aktivite, alebo na kr\u00e1tke vych\u00e1dzky. Skvel\u00e9 aj na bahnit\u00e9 dno.<\/p>","protected":false},"featured_media":2902,"template":"","meta":{"advanced_seo_description":"","jetpack_seo_html_title":"","jetpack_seo_noindex":false},"product_brand":[],"product_cat":[56],"product_tag":[],"class_list":{"0":"post-2904","1":"product","2":"type-product","3":"status-publish","4":"has-post-thumbnail","6":"product_cat-boilies-v-dipe","8":"first","9":"instock","10":"taxable","11":"shipping-taxable","12":"purchasable","13":"product-type-simple"},"jetpack_sharing_enabled":true,"_links":{"self":[{"href":"https:\/\/speedybaits.sk\/en\/wp-json\/wp\/v2\/product\/2904","targetHints":{"allow":["GET"]}}],"collection":[{"href":"https:\/\/speedybaits.sk\/en\/wp-json\/wp\/v2\/product"}],"about":[{"href":"https:\/\/speedybaits.sk\/en\/wp-json\/wp\/v2\/types\/product"}],"version-history":[{"count":2,"href":"https:\/\/speedybaits.sk\/en\/wp-json\/wp\/v2\/product\/2904\/revisions"}],"predecessor-version":[{"id":2906,"href":"https:\/\/speedybaits.sk\/en\/wp-json\/wp\/v2\/product\/2904\/revisions\/2906"}],"wp:featuredmedia":[{"embeddable":true,"href":"https:\/\/speedybaits.sk\/en\/wp-json\/wp\/v2\/media\/2902"}],"wp:attachment":[{"href":"https:\/\/speedybaits.sk\/en\/wp-json\/wp\/v2\/media?parent=2904"}],"wp:term":[{"taxonomy":"product_brand","embeddable":true,"href":"https:\/\/speedybaits.sk\/en\/wp-json\/wp\/v2\/product_brand?post=2904"},{"taxonomy":"product_cat","embeddable":true,"href":"https:\/\/speedybaits.sk\/en\/wp-json\/wp\/v2\/product_cat?post=2904"},{"taxonomy":"product_tag","embeddable":true,"href":"https:\/\/speedybaits.sk\/en\/wp-json\/wp\/v2\/product_tag?post=2904"}],"curies":[{"name":"wp","href":"https:\/\/api.w.org\/{rel}","templated":true}]}}