{"id":2473,"date":"2025-07-22T17:31:02","date_gmt":"2025-07-22T17:31:02","guid":{"rendered":"https:\/\/speedybaits.sk\/produkt\/katran-sokovy-vlasec-brutal-0-55mm-150m-48-60lb\/"},"modified":"2025-09-28T10:30:28","modified_gmt":"2025-09-28T10:30:28","slug":"katran-sokovy-vlasec-brutal-0-55mm-150m-48-60lb","status":"publish","type":"product","link":"https:\/\/speedybaits.sk\/en\/product\/katran-sokovy-vlasec-brutal-0-55mm-150m-48-60lb\/","title":{"rendered":"KATRAN \u0160okov\u00fd Vlasec BRUTAL 0.55mm\/150m\/48.60Lb"},"content":{"rendered":"<div align=\"justify\" style=\"font-family: Roboto, Helvetica, Arial, sans-serif;font-size: 14px;font-style: normal;font-weight: 400;letter-spacing: normal;text-indent: 0px;text-transform: none;text-decoration: none\">\n<p style=\"margin: 0px 0px 10px\"><strong style=\"font-weight: bold\">Extr\u00e9mne siln\u00fd a mimoriadne odoln\u00fd \u0161okov\u00fd vlasec!<\/strong><\/p>\n<p style=\"margin: 0px 0px 10px;text-align: justify\">Bol navrhnut\u00fd do extr\u00e9mnych podmienok rybolovu! Svoje meno BRUTAL dostal kv\u00f4li neskuto\u010dnej sile jeho mo\u017enosti vyu\u017eitia s\u00fa proste v\u0161ade tam, kde sa nach\u00e1dza obrovsk\u00e9 mno\u017estvo prek\u00e1\u017eok, vo vodnej veget\u00e1cii, \u010di v&nbsp;mu\u0161\u013eov\u00fdch poliach vo ve\u013ek\u00fdch vzdialenostiach. Tento \u0161okov\u00fd silon V\u00e1s ur\u010dite nesklame!!!<\/p>\n<\/div>","protected":false},"excerpt":{"rendered":"<div align=\"justify\" style=\"font-family: Roboto, Helvetica, Arial, sans-serif;font-size: 14px;font-style: normal;font-weight: 400;letter-spacing: normal;text-indent: 0px;text-transform: none;text-decoration: none\">\n<p style=\"margin: 0px 0px 10px\"><strong style=\"font-weight: bold\">Extr\u00e9mne siln\u00fd a mimoriadne odoln\u00fd \u0161okov\u00fd vlasec!<\/strong><\/p>\n<p style=\"margin: 0px 0px 10px;text-align: justify\">Bol navrhnut\u00fd do extr\u00e9mnych podmienok rybolovu! Svoje meno BRUTAL dostal kv\u00f4li neskuto\u010dnej sile jeho mo\u017enosti vyu\u017eitia s\u00fa proste v\u0161ade tam, kde sa nach\u00e1dza obrovsk\u00e9 mno\u017estvo prek\u00e1\u017eok, vo vodnej veget\u00e1cii, \u010di v&nbsp;mu\u0161\u013eov\u00fdch poliach vo ve\u013ek\u00fdch vzdialenostiach. Tento \u0161okov\u00fd silon V\u00e1s ur\u010dite nesklame!!!<\/p>\n<\/div>","protected":false},"featured_media":2472,"template":"","meta":{"advanced_seo_description":"","jetpack_seo_html_title":"","jetpack_seo_noindex":false},"product_brand":[],"product_cat":[68],"product_tag":[],"class_list":{"0":"post-2473","1":"product","2":"type-product","3":"status-publish","4":"has-post-thumbnail","6":"product_cat-sokove-vlascefluorocarbony","8":"first","9":"instock","10":"taxable","11":"shipping-taxable","12":"purchasable","13":"product-type-simple"},"jetpack_sharing_enabled":true,"_links":{"self":[{"href":"https:\/\/speedybaits.sk\/en\/wp-json\/wp\/v2\/product\/2473","targetHints":{"allow":["GET"]}}],"collection":[{"href":"https:\/\/speedybaits.sk\/en\/wp-json\/wp\/v2\/product"}],"about":[{"href":"https:\/\/speedybaits.sk\/en\/wp-json\/wp\/v2\/types\/product"}],"version-history":[{"count":0,"href":"https:\/\/speedybaits.sk\/en\/wp-json\/wp\/v2\/product\/2473\/revisions"}],"wp:featuredmedia":[{"embeddable":true,"href":"https:\/\/speedybaits.sk\/en\/wp-json\/wp\/v2\/media\/2472"}],"wp:attachment":[{"href":"https:\/\/speedybaits.sk\/en\/wp-json\/wp\/v2\/media?parent=2473"}],"wp:term":[{"taxonomy":"product_brand","embeddable":true,"href":"https:\/\/speedybaits.sk\/en\/wp-json\/wp\/v2\/product_brand?post=2473"},{"taxonomy":"product_cat","embeddable":true,"href":"https:\/\/speedybaits.sk\/en\/wp-json\/wp\/v2\/product_cat?post=2473"},{"taxonomy":"product_tag","embeddable":true,"href":"https:\/\/speedybaits.sk\/en\/wp-json\/wp\/v2\/product_tag?post=2473"}],"curies":[{"name":"wp","href":"https:\/\/api.w.org\/{rel}","templated":true}]}}