{"id":2373,"date":"2025-06-27T17:03:29","date_gmt":"2025-06-27T17:03:29","guid":{"rendered":"https:\/\/speedybaits.sk\/produkt\/katran-celovka-headlamp-w-b460-pro-plus-2-obal-2xbateria\/"},"modified":"2025-08-23T21:06:15","modified_gmt":"2025-08-23T21:06:15","slug":"katran-celovka-headlamp-w-b460-pro-plus-2-obal-2xbateria","status":"publish","type":"product","link":"https:\/\/speedybaits.sk\/en\/product\/katran-celovka-headlamp-w-b460-pro-plus-2-obal-2xbateria\/","title":{"rendered":"KATRAN \u010celovka Headlamp W\/B460 Pro Plus 2 (obal + 2xbat\u00e9ria)"},"content":{"rendered":"<p style=\"margin: 0px 0px 10px;font-family: Roboto, Helvetica, Arial, sans-serif;font-size: 14px;font-style: normal;font-weight: 400;letter-spacing: normal;text-align: justify;text-indent: 0px;text-transform: none;text-decoration: none\"><strong style=\"font-weight: bold\">\u010celovka je \u0161peci\u00e1lne navrhnut\u00e1 pre no\u010dn\u00fd rybolov! Teraz n\u00e1hradn\u00e1 bat\u00e9ria 3400mA\u00a0\u2013 Zadarmo!<\/strong><\/p>\n<p style=\"margin: 0px 0px 10px;font-family: Roboto, Helvetica, Arial, sans-serif;font-size: 14px;font-style: normal;font-weight: 400;letter-spacing: normal;text-align: justify;text-indent: 0px;text-transform: none;text-decoration: none\">Telo je vyroben\u00e9 z\u00a0\u013eahkej hlin\u00edkovej zliatiny s\u00a0dvomi nez\u00e1visl\u00fdmi bielymi a modr\u00fdmi LED di\u00f3dami. K\u013e\u00fa\u010dom k\u00a0tejto \u010delovke je \u0161peci\u00e1lna di\u00f3da modr\u00e9ho svetla, ktor\u00e1 vytv\u00e1ra jedine\u010dn\u00fd luminiscen\u010dn\u00fd efekt. Tento efekt zvy\u0161uje \u017eiaru vlasca, \u010d\u00edm sa poloprieh\u013eadn\u00fd vlasec napr\u00edklad Crypton st\u00e1va vysoko vidite\u013en\u00fd.<\/p>\n<p style=\"margin: 0px 0px 10px;font-family: Roboto, Helvetica, Arial, sans-serif;font-size: 14px;font-style: normal;font-weight: 400;letter-spacing: normal;text-align: justify;text-indent: 0px;text-transform: none;text-decoration: none\">Farba vlascov sa po\u010das no\u010dn\u00e9ho lovu st\u00e1va jasnej\u0161ou a pon\u00faka super jasn\u00fa vidite\u013enos\u0165 v\u00a0noci. Tak\u00fdto efekt vieme zaru\u010di\u0165 s\u00a0ak\u00fdmko\u013evek fluo vlascom. \u010celovka je vybaven\u00e1 siln\u00fdm magnetom, s\u00a0ktor\u00fdm \u013eahko pripevn\u00edte \u010delovku na mno\u017estvo povrchov. Baterka vyu\u017e\u00edva modr\u00fa di\u00f3du s\u00a0vlnovou d\u013a\u017ekou 460\u00a0nano metrov. Toto nie je ultrafialov\u00e9 svetlo, a preto je bezpe\u010dn\u00e9 pre \u013eudsk\u00e9 o\u010di a poko\u017eku.<\/p>\n<p style=\"margin: 0px 0px 10px;font-family: Roboto, Helvetica, Arial, sans-serif;font-size: 14px;font-style: normal;font-weight: 400;letter-spacing: normal;text-align: justify;text-indent: 0px;text-transform: none;text-decoration: none\"><em>Aktiv\u00e1cia a prep\u00ednanie re\u017eimov:<\/em><\/p>\n<ol style=\"margin-top: 0px;margin-bottom: 10px;font-family: Roboto, Helvetica, Arial, sans-serif;font-size: 14px;font-style: normal;font-weight: 400;letter-spacing: normal;text-align: justify;text-indent: 0px;text-transform: none;text-decoration: none\">\n<li>Tla\u010didlo nap\u00e1jania sa nach\u00e1dza na boku \u010delovky; m\u00f4\u017ee by\u0165 umiestnen\u00fd vpravo alebo v\u013eavo, ako chcete.<\/li>\n<li>Ka\u017ed\u00fd re\u017eim jasu m\u00e1 pam\u00e4\u0165ov\u00fa funkciu, ktor\u00e1 po vypnut\u00ed \u010delovky ulo\u017e\u00ed posledn\u00fd\u00a0re\u017eim.<\/li>\n<li>Po op\u00e4tovnom zapnut\u00ed \u010delovky pokra\u010duje v\u00a0pr\u00e1ci v\u00a0rovnakom re\u017eime.<\/li>\n<li>Zapnutie a zmena re\u017eimov sa vykon\u00e1va kr\u00e1tkym stla\u010den\u00edm vyp\u00edna\u010da.<\/li>\n<li>\u010celovku vypnete podr\u017ean\u00edm vyp\u00edna\u010da.<\/li>\n<li>Tla\u010didlo je zapusten\u00e9, aby sa zabr\u00e1nilo n\u00e1hodn\u00e9mu zapnutiu baterky pri preprave.<\/li>\n<\/ol>\n<p style=\"margin: 0px 0px 10px;font-family: Roboto, Helvetica, Arial, sans-serif;font-size: 14px;font-style: normal;font-weight: 400;letter-spacing: normal;text-align: justify;text-indent: 0px;text-transform: none;text-decoration: none\"><strong style=\"font-weight: bold\">Indik\u00e1tor stavu bat\u00e9rie a nab\u00edjania<\/strong><\/p>\n<p style=\"margin: 0px 0px 10px;font-family: Roboto, Helvetica, Arial, sans-serif;font-size: 14px;font-style: normal;font-weight: 400;letter-spacing: normal;text-align: justify;text-indent: 0px;text-transform: none;text-decoration: none\">Inovat\u00edvny indik\u00e1tor stavu bat\u00e9rie bude pri zapnutej \u010delovke v\u017edy svieti\u0165 a bude ukazova\u0165 pribli\u017en\u00e9 zost\u00e1vaj\u00face % nabitia.<span class=\"Apple-converted-space\">\u00a0<\/span>(100\u201360%)<span class=\"Apple-converted-space\">\u00a0<\/span>,(60\u201330%)<span class=\"Apple-converted-space\">\u00a0<\/span>,(30\u201310%)<\/p>\n<p style=\"margin: 0px 0px 10px;font-family: Roboto, Helvetica, Arial, sans-serif;font-size: 14px;font-style: normal;font-weight: 400;letter-spacing: normal;text-align: justify;text-indent: 0px;text-transform: none;text-decoration: none\">\u010celovka je vybaven\u00e1 bat\u00e9riou 18650\u00a0a vstavanou nab\u00edja\u010dkou. O\u00a0stave nab\u00edjania v\u00e1s bude informova\u0165 \u0161peci\u00e1lny indik\u00e1tor. Bat\u00e9riu nevyberajte: len odskrutkujte kryt (tla\u010didlo nap\u00e1jania) a pomocou k\u00e1bla USB TYPE-C pripojte nab\u00edjac\u00ed port k\u00a0ak\u00e9muko\u013evek zdroju nap\u00e1jania, vr\u00e1tane power\u00a0b\u00e1nk.<\/p>\n<p style=\"margin: 0px 0px 10px;font-family: Roboto, Helvetica, Arial, sans-serif;font-size: 14px;font-style: normal;font-weight: 400;letter-spacing: normal;text-align: justify;text-indent: 0px;text-transform: none;text-decoration: none\">\u010celovka bude fungova\u0165 pri nab\u00edjan\u00ed z\u00a0powerbanky. Ke\u010f je bat\u00e9ria \u00faplne nabit\u00e1, \u0161peci\u00e1lny indik\u00e1tor v\u00a0bl\u00edzkosti nab\u00edjacieho portu sa zmen\u00ed z\u00a0\u010dervenej na zelen\u00fa.<\/p>\n<p style=\"margin: 0px 0px 10px;font-family: Roboto, Helvetica, Arial, sans-serif;font-size: 14px;font-style: normal;font-weight: 400;letter-spacing: normal;text-align: justify;text-indent: 0px;text-transform: none;text-decoration: none\">10\u00a0vylep\u0161en\u00ed a funkci\u00ed \u010celovka Katran W\/B 460\u00a0PRO (2022) vs \u010delovka Katran W\/B 460\u00a0(2021)<\/p>\n<ol style=\"margin-top: 0px;margin-bottom: 10px;font-family: Roboto, Helvetica, Arial, sans-serif;font-size: 14px;font-style: normal;font-weight: 400;letter-spacing: normal;text-align: justify;text-indent: 0px;text-transform: none;text-decoration: none\">\n<li>Indik\u00e1tor stavu bat\u00e9rie<\/li>\n<li>\n<p style=\"margin: 0px 0px 10px\">Ke\u010f je \u010delovka zapnut\u00e1, bude v\u017edy svieti\u0165 a bude ukazova\u0165 pribli\u017en\u00e9 zost\u00e1vaj\u00face % nabitia.<\/p>\n<\/li>\n<li>USB typu C<\/li>\n<li>\n<p style=\"margin: 0px 0px 10px\">Nov\u00e1 \u010delovka sa pripojila k\u00a0najnov\u0161\u00edm norm\u00e1m nab\u00edjania E\u00da. Jednoducho zapojte a r\u00fdchlo nab\u00edjajte.<\/p>\n<\/li>\n<li>Nov\u00e9 re\u017eimy MODREJ a BIELEJ<\/li>\n<li>\n<p style=\"margin: 0px 0px 10px\">Pridan\u00e9 2\u00a0extra re\u017eimy. Biele svetlo pri 10\u00a0% od maxima a modr\u00e9 svetlo pri 25\u00a0% od\u00a0maxima<\/p>\n<\/li>\n<li>Luminiscen\u010dn\u00e1 \u010delenka<\/li>\n<li>\n<p style=\"margin: 0px 0px 10px\">Odr\u00e1\u017ea svetlo, tak\u017ee svojho spoluhr\u00e1\u010da v\u00a0noci \u013eahko uvid\u00edte, aj ke\u010f m\u00e1 vypnut\u00fa \u010delovku.<\/p>\n<\/li>\n<li>IP-67<\/li>\n<li>\n<p style=\"margin: 0px 0px 10px\">Vylep\u0161en\u00e1 vodotesn\u00e1 ochrana (IP\u00a0\u2013 67) a\u017e 30\u00a0min\u00fat pod vodou (maxim\u00e1lna h\u013abka je 1,5\u00a0m)<\/p>\n<\/li>\n<li>Bat\u00e9ria zna\u010dky Katran<\/li>\n<li>\n<p style=\"margin: 0px 0px 10px\">Najnov\u0161ia zna\u010dkov\u00e1 bat\u00e9ria vylep\u0161enej kvality 18650\u00a0s\u00a0kapacitou 3400\u00a0mAh s\u00a0v\u00fddr\u017eou a\u017e 56\u00a0hod\u00edn (2,5\u00a0d\u0148a) nepretr\u017eitej prev\u00e1dzky.<\/p>\n<\/li>\n<li>Vylep\u0161en\u00e9 zaostrovanie<\/li>\n<li>\n<p style=\"margin: 0px 0px 10px\">Vylep\u0161en\u00e9 zaostrovanie svetla (uhol 90\u2013100) na dosiahnutie e\u0161te v\u00e4\u010d\u0161\u00edch vzdialenost\u00ed<\/p>\n<\/li>\n<li>Extra gumov\u00e9 tesnenia<\/li>\n<li>\n<p style=\"margin: 0px 0px 10px\">Vr\u00e1tane pr\u00eddavn\u00fdch gumov\u00fdch tesnen\u00ed, vylep\u0161enej krabice a vn\u00fatorn\u00e9ho \u00falo\u017en\u00e9ho priestoru pr\u00edslu\u0161enstva pre bezpe\u010dnej\u0161iu prepravu.<\/p>\n<\/li>\n<li>Siln\u00fd magnet<\/li>\n<li>\n<p style=\"margin: 0px 0px 10px\">Magnetick\u00e1 funkcia, pripevnite \u010delovku na mno\u017estvo magnetick\u00fdch povrchov.<\/p>\n<\/li>\n<li>Energetick\u00e1 \u00fa\u010dinnos\u0165<\/li>\n<li>\n<p style=\"margin: 0px 0px 10px\">Inovat\u00edvne energeticky efekt\u00edvne LED di\u00f3dy, vstavan\u00e9 prepracovan\u00e9 telo svetlometu s\u00a0extra chladiacim povrchom.<\/p>\n<\/li>\n<\/ol>","protected":false},"excerpt":{"rendered":"<p style=\"margin: 0px 0px 10px;font-family: Roboto, Helvetica, Arial, sans-serif;font-size: 14px;font-style: normal;font-weight: 400;letter-spacing: normal;text-align: justify;text-indent: 0px;text-transform: none;text-decoration: none\"><strong style=\"font-weight: bold\">\u010celovka je \u0161peci\u00e1lne navrhnut\u00e1 pre no\u010dn\u00fd rybolov! Teraz n\u00e1hradn\u00e1 bat\u00e9ria 3400mA\u00a0\u2013 Zadarmo!<\/strong><\/p>\n<p style=\"margin: 0px 0px 10px;font-family: Roboto, Helvetica, Arial, sans-serif;font-size: 14px;font-style: normal;font-weight: 400;letter-spacing: normal;text-align: justify;text-indent: 0px;text-transform: none;text-decoration: none\">Telo je vyroben\u00e9 z\u00a0\u013eahkej hlin\u00edkovej zliatiny s\u00a0dvomi nez\u00e1visl\u00fdmi bielymi a modr\u00fdmi LED di\u00f3dami. K\u013e\u00fa\u010dom k\u00a0tejto \u010delovke je \u0161peci\u00e1lna di\u00f3da modr\u00e9ho svetla, ktor\u00e1 vytv\u00e1ra jedine\u010dn\u00fd luminiscen\u010dn\u00fd efekt. Tento efekt zvy\u0161uje \u017eiaru vlasca, \u010d\u00edm sa poloprieh\u013eadn\u00fd vlasec napr\u00edklad Crypton st\u00e1va vysoko vidite\u013en\u00fd.<\/p>\n<p style=\"margin: 0px 0px 10px;font-family: Roboto, Helvetica, Arial, sans-serif;font-size: 14px;font-style: normal;font-weight: 400;letter-spacing: normal;text-align: justify;text-indent: 0px;text-transform: none;text-decoration: none\">Farba vlascov sa po\u010das no\u010dn\u00e9ho lovu st\u00e1va jasnej\u0161ou a pon\u00faka super jasn\u00fa vidite\u013enos\u0165 v\u00a0noci. Tak\u00fdto efekt vieme zaru\u010di\u0165 s\u00a0ak\u00fdmko\u013evek fluo vlascom. \u010celovka je vybaven\u00e1 siln\u00fdm magnetom, s\u00a0ktor\u00fdm \u013eahko pripevn\u00edte \u010delovku na mno\u017estvo povrchov. Baterka vyu\u017e\u00edva modr\u00fa di\u00f3du s\u00a0vlnovou d\u013a\u017ekou 460\u00a0nano metrov. Toto nie je ultrafialov\u00e9 svetlo, a preto je bezpe\u010dn\u00e9 pre \u013eudsk\u00e9 o\u010di a poko\u017eku.<\/p>\n<p style=\"margin: 0px 0px 10px;font-family: Roboto, Helvetica, Arial, sans-serif;font-size: 14px;font-style: normal;font-weight: 400;letter-spacing: normal;text-align: justify;text-indent: 0px;text-transform: none;text-decoration: none\"><em>Aktiv\u00e1cia a prep\u00ednanie re\u017eimov:<\/em><\/p>\n<ol style=\"margin-top: 0px;margin-bottom: 10px;font-family: Roboto, Helvetica, Arial, sans-serif;font-size: 14px;font-style: normal;font-weight: 400;letter-spacing: normal;text-align: justify;text-indent: 0px;text-transform: none;text-decoration: none\">\n<li>Tla\u010didlo nap\u00e1jania sa nach\u00e1dza na boku \u010delovky; m\u00f4\u017ee by\u0165 umiestnen\u00fd vpravo alebo v\u013eavo, ako chcete.<\/li>\n<li>Ka\u017ed\u00fd re\u017eim jasu m\u00e1 pam\u00e4\u0165ov\u00fa funkciu, ktor\u00e1 po vypnut\u00ed \u010delovky ulo\u017e\u00ed posledn\u00fd\u00a0re\u017eim.<\/li>\n<li>Po op\u00e4tovnom zapnut\u00ed \u010delovky pokra\u010duje v\u00a0pr\u00e1ci v\u00a0rovnakom re\u017eime.<\/li>\n<li>Zapnutie a zmena re\u017eimov sa vykon\u00e1va kr\u00e1tkym stla\u010den\u00edm vyp\u00edna\u010da.<\/li>\n<li>\u010celovku vypnete podr\u017ean\u00edm vyp\u00edna\u010da.<\/li>\n<li>Tla\u010didlo je zapusten\u00e9, aby sa zabr\u00e1nilo n\u00e1hodn\u00e9mu zapnutiu baterky pri preprave.<\/li>\n<\/ol>\n<p style=\"margin: 0px 0px 10px;font-family: Roboto, Helvetica, Arial, sans-serif;font-size: 14px;font-style: normal;font-weight: 400;letter-spacing: normal;text-align: justify;text-indent: 0px;text-transform: none;text-decoration: none\"><strong style=\"font-weight: bold\">Indik\u00e1tor stavu bat\u00e9rie a nab\u00edjania<\/strong><\/p>\n<p style=\"margin: 0px 0px 10px;font-family: Roboto, Helvetica, Arial, sans-serif;font-size: 14px;font-style: normal;font-weight: 400;letter-spacing: normal;text-align: justify;text-indent: 0px;text-transform: none;text-decoration: none\">Inovat\u00edvny indik\u00e1tor stavu bat\u00e9rie bude pri zapnutej \u010delovke v\u017edy svieti\u0165 a bude ukazova\u0165 pribli\u017en\u00e9 zost\u00e1vaj\u00face % nabitia.<span class=\"Apple-converted-space\">\u00a0<\/span>(100\u201360%)<span class=\"Apple-converted-space\">\u00a0<\/span>,(60\u201330%)<span class=\"Apple-converted-space\">\u00a0<\/span>,(30\u201310%)<\/p>\n<p style=\"margin: 0px 0px 10px;font-family: Roboto, Helvetica, Arial, sans-serif;font-size: 14px;font-style: normal;font-weight: 400;letter-spacing: normal;text-align: justify;text-indent: 0px;text-transform: none;text-decoration: none\">\u010celovka je vybaven\u00e1 bat\u00e9riou 18650\u00a0a vstavanou nab\u00edja\u010dkou. O\u00a0stave nab\u00edjania v\u00e1s bude informova\u0165 \u0161peci\u00e1lny indik\u00e1tor. Bat\u00e9riu nevyberajte: len odskrutkujte kryt (tla\u010didlo nap\u00e1jania) a pomocou k\u00e1bla USB TYPE-C pripojte nab\u00edjac\u00ed port k\u00a0ak\u00e9muko\u013evek zdroju nap\u00e1jania, vr\u00e1tane power\u00a0b\u00e1nk.<\/p>\n<p style=\"margin: 0px 0px 10px;font-family: Roboto, Helvetica, Arial, sans-serif;font-size: 14px;font-style: normal;font-weight: 400;letter-spacing: normal;text-align: justify;text-indent: 0px;text-transform: none;text-decoration: none\">\u010celovka bude fungova\u0165 pri nab\u00edjan\u00ed z\u00a0powerbanky. Ke\u010f je bat\u00e9ria \u00faplne nabit\u00e1, \u0161peci\u00e1lny indik\u00e1tor v\u00a0bl\u00edzkosti nab\u00edjacieho portu sa zmen\u00ed z\u00a0\u010dervenej na zelen\u00fa.<\/p>\n<p style=\"margin: 0px 0px 10px;font-family: Roboto, Helvetica, Arial, sans-serif;font-size: 14px;font-style: normal;font-weight: 400;letter-spacing: normal;text-align: justify;text-indent: 0px;text-transform: none;text-decoration: none\">10\u00a0vylep\u0161en\u00ed a funkci\u00ed \u010celovka Katran W\/B 460\u00a0PRO (2022) vs \u010delovka Katran W\/B 460\u00a0(2021)<\/p>\n<ol style=\"margin-top: 0px;margin-bottom: 10px;font-family: Roboto, Helvetica, Arial, sans-serif;font-size: 14px;font-style: normal;font-weight: 400;letter-spacing: normal;text-align: justify;text-indent: 0px;text-transform: none;text-decoration: none\">\n<li>Indik\u00e1tor stavu bat\u00e9rie<\/li>\n<li>\n<p style=\"margin: 0px 0px 10px\">Ke\u010f je \u010delovka zapnut\u00e1, bude v\u017edy svieti\u0165 a bude ukazova\u0165 pribli\u017en\u00e9 zost\u00e1vaj\u00face % nabitia.<\/p>\n<\/li>\n<li>USB typu C<\/li>\n<li>\n<p style=\"margin: 0px 0px 10px\">Nov\u00e1 \u010delovka sa pripojila k\u00a0najnov\u0161\u00edm norm\u00e1m nab\u00edjania E\u00da. Jednoducho zapojte a r\u00fdchlo nab\u00edjajte.<\/p>\n<\/li>\n<li>Nov\u00e9 re\u017eimy MODREJ a BIELEJ<\/li>\n<li>\n<p style=\"margin: 0px 0px 10px\">Pridan\u00e9 2\u00a0extra re\u017eimy. Biele svetlo pri 10\u00a0% od maxima a modr\u00e9 svetlo pri 25\u00a0% od\u00a0maxima<\/p>\n<\/li>\n<li>Luminiscen\u010dn\u00e1 \u010delenka<\/li>\n<li>\n<p style=\"margin: 0px 0px 10px\">Odr\u00e1\u017ea svetlo, tak\u017ee svojho spoluhr\u00e1\u010da v\u00a0noci \u013eahko uvid\u00edte, aj ke\u010f m\u00e1 vypnut\u00fa \u010delovku.<\/p>\n<\/li>\n<li>IP-67<\/li>\n<li>\n<p style=\"margin: 0px 0px 10px\">Vylep\u0161en\u00e1 vodotesn\u00e1 ochrana (IP\u00a0\u2013 67) a\u017e 30\u00a0min\u00fat pod vodou (maxim\u00e1lna h\u013abka je 1,5\u00a0m)<\/p>\n<\/li>\n<li>Bat\u00e9ria zna\u010dky Katran<\/li>\n<li>\n<p style=\"margin: 0px 0px 10px\">Najnov\u0161ia zna\u010dkov\u00e1 bat\u00e9ria vylep\u0161enej kvality 18650\u00a0s\u00a0kapacitou 3400\u00a0mAh s\u00a0v\u00fddr\u017eou a\u017e 56\u00a0hod\u00edn (2,5\u00a0d\u0148a) nepretr\u017eitej prev\u00e1dzky.<\/p>\n<\/li>\n<li>Vylep\u0161en\u00e9 zaostrovanie<\/li>\n<li>\n<p style=\"margin: 0px 0px 10px\">Vylep\u0161en\u00e9 zaostrovanie svetla (uhol 90\u2013100) na dosiahnutie e\u0161te v\u00e4\u010d\u0161\u00edch vzdialenost\u00ed<\/p>\n<\/li>\n<li>Extra gumov\u00e9 tesnenia<\/li>\n<li>\n<p style=\"margin: 0px 0px 10px\">Vr\u00e1tane pr\u00eddavn\u00fdch gumov\u00fdch tesnen\u00ed, vylep\u0161enej krabice a vn\u00fatorn\u00e9ho \u00falo\u017en\u00e9ho priestoru pr\u00edslu\u0161enstva pre bezpe\u010dnej\u0161iu prepravu.<\/p>\n<\/li>\n<li>Siln\u00fd magnet<\/li>\n<li>\n<p style=\"margin: 0px 0px 10px\">Magnetick\u00e1 funkcia, pripevnite \u010delovku na mno\u017estvo magnetick\u00fdch povrchov.<\/p>\n<\/li>\n<li>Energetick\u00e1 \u00fa\u010dinnos\u0165<\/li>\n<li>\n<p style=\"margin: 0px 0px 10px\">Inovat\u00edvne energeticky efekt\u00edvne LED di\u00f3dy, vstavan\u00e9 prepracovan\u00e9 telo svetlometu s\u00a0extra chladiacim povrchom.<\/p>\n<\/li>\n<\/ol>","protected":false},"featured_media":2370,"template":"","meta":{"advanced_seo_description":"","jetpack_seo_html_title":"","jetpack_seo_noindex":false},"product_brand":[],"product_cat":[127],"product_tag":[],"class_list":{"0":"post-2373","1":"product","2":"type-product","3":"status-publish","4":"has-post-thumbnail","6":"product_cat-celovky","8":"first","9":"instock","10":"taxable","11":"shipping-taxable","12":"purchasable","13":"product-type-simple"},"jetpack_sharing_enabled":true,"_links":{"self":[{"href":"https:\/\/speedybaits.sk\/en\/wp-json\/wp\/v2\/product\/2373","targetHints":{"allow":["GET"]}}],"collection":[{"href":"https:\/\/speedybaits.sk\/en\/wp-json\/wp\/v2\/product"}],"about":[{"href":"https:\/\/speedybaits.sk\/en\/wp-json\/wp\/v2\/types\/product"}],"version-history":[{"count":2,"href":"https:\/\/speedybaits.sk\/en\/wp-json\/wp\/v2\/product\/2373\/revisions"}],"predecessor-version":[{"id":2463,"href":"https:\/\/speedybaits.sk\/en\/wp-json\/wp\/v2\/product\/2373\/revisions\/2463"}],"wp:featuredmedia":[{"embeddable":true,"href":"https:\/\/speedybaits.sk\/en\/wp-json\/wp\/v2\/media\/2370"}],"wp:attachment":[{"href":"https:\/\/speedybaits.sk\/en\/wp-json\/wp\/v2\/media?parent=2373"}],"wp:term":[{"taxonomy":"product_brand","embeddable":true,"href":"https:\/\/speedybaits.sk\/en\/wp-json\/wp\/v2\/product_brand?post=2373"},{"taxonomy":"product_cat","embeddable":true,"href":"https:\/\/speedybaits.sk\/en\/wp-json\/wp\/v2\/product_cat?post=2373"},{"taxonomy":"product_tag","embeddable":true,"href":"https:\/\/speedybaits.sk\/en\/wp-json\/wp\/v2\/product_tag?post=2373"}],"curies":[{"name":"wp","href":"https:\/\/api.w.org\/{rel}","templated":true}]}}