{"id":2368,"date":"2025-06-27T16:57:49","date_gmt":"2025-06-27T16:57:49","guid":{"rendered":"https:\/\/speedybaits.sk\/produkt\/pva-organic-pva-sietka-na-tubuse-s-drevenym-plnicom-24mm-7m\/"},"modified":"2026-03-26T17:27:11","modified_gmt":"2026-03-26T17:27:11","slug":"pva-organic-pva-sietka-na-tubuse-s-drevenym-plnicom-24mm-7m","status":"publish","type":"product","link":"https:\/\/speedybaits.sk\/en\/product\/pva-organic-pva-sietka-na-tubuse-s-drevenym-plnicom-24mm-7m\/","title":{"rendered":"PVA ORGANIC PVA sie\u0165ka na tubuse s dreven\u00fdm plni\u010dom 24mm, 7m"},"content":{"rendered":"<p style=\"margin: 0px 0px 10px;font-family: Roboto, Helvetica, Arial, sans-serif;font-size: 14px;font-style: normal;font-weight: 400;letter-spacing: normal;text-align: justify;text-indent: 0px;text-transform: none;text-decoration: none\">Inovat\u00edvne syst\u00e9my PVA rozpustn\u00fdch sie\u0165ok s&nbsp;dreven\u00fdm piestom!<\/p>\n<p style=\"margin: 0px 0px 10px;font-family: Roboto, Helvetica, Arial, sans-serif;font-size: 14px;font-style: normal;font-weight: 400;letter-spacing: normal;text-align: justify;text-indent: 0px;text-transform: none;text-decoration: none\">Zozn\u00e1mte sa s&nbsp;na\u0161\u00edm univerz\u00e1lnym radom sie\u0165ov\u00fdch syst\u00e9mov. Na zlo\u017eenie a upletenie PVA sie\u0165ok boli kladen\u00e9 vysok\u00e9 n\u00e1roky, a preto s\u00fa vyhovuj\u00face pre celoro\u010dn\u00fd rybolov v&nbsp;ak\u00fdchko\u013evek podmienkach. Doba rozpustnosti sie\u0165ok je z\u00e1visl\u00e1 na teplote vody, ale samozrejmos\u0165ou je rozpustnos\u0165 aj v&nbsp;najstuden\u0161ej vode, kde sa PVA sie\u0165ka \u00faplne rozpust\u00ed za 120&nbsp;sek\u00fand. Pevn\u00e9, ale jemn\u00e9 spletenie PVA sie\u0165oviny je ide\u00e1lne na pr\u00e1cu aj z&nbsp;jemne mlet\u00fdm k\u0155men\u00edm.<\/p>\n<p style=\"margin: 0px 0px 10px;font-family: Roboto, Helvetica, Arial, sans-serif;font-size: 14px;font-style: normal;font-weight: 400;letter-spacing: normal;text-align: justify;text-indent: 0px;text-transform: none;text-decoration: none\">Ka\u017ed\u00fd syst\u00e9m obsahuje vysoko kvalitn\u00fd dreven\u00fd piest.<\/p>\n<p style=\"margin: 0px 0px 10px;font-family: Roboto, Helvetica, Arial, sans-serif;font-size: 14px;font-style: normal;font-weight: 400;letter-spacing: normal;text-align: justify;text-indent: 0px;text-transform: none;text-decoration: none\">V\u0161etky obaly s\u00fa vyroben\u00e9 z&nbsp;papiera alebo biologicky odb\u00farate\u013en\u00e9ho plastu na b\u00e1ze \u0161krobu.<\/p>\n<p style=\"margin: 0px 0px 10px;font-family: Roboto, Helvetica, Arial, sans-serif;font-size: 14px;font-style: normal;font-weight: 400;letter-spacing: normal;text-align: justify;text-indent: 0px;text-transform: none;text-decoration: none\">Bu\u010fte \u0161etrn\u00ed k&nbsp;pr\u00edrode\u2026<\/p>\n<p style=\"margin: 0px 0px 10px;font-family: Roboto, Helvetica, Arial, sans-serif;font-size: 14px;font-style: normal;font-weight: 400;letter-spacing: normal;text-align: justify;text-indent: 0px;text-transform: none;text-decoration: none\">Priemer 24mm pre extra dlh\u00e9 hody<\/p>","protected":false},"excerpt":{"rendered":"<p style=\"margin: 0px 0px 10px;font-family: Roboto, Helvetica, Arial, sans-serif;font-size: 14px;font-style: normal;font-weight: 400;letter-spacing: normal;text-align: justify;text-indent: 0px;text-transform: none;text-decoration: none\">Inovat\u00edvne syst\u00e9my PVA rozpustn\u00fdch sie\u0165ok s&nbsp;dreven\u00fdm piestom!<\/p>\n<p style=\"margin: 0px 0px 10px;font-family: Roboto, Helvetica, Arial, sans-serif;font-size: 14px;font-style: normal;font-weight: 400;letter-spacing: normal;text-align: justify;text-indent: 0px;text-transform: none;text-decoration: none\">Zozn\u00e1mte sa s&nbsp;na\u0161\u00edm univerz\u00e1lnym radom sie\u0165ov\u00fdch syst\u00e9mov. Na zlo\u017eenie a upletenie PVA sie\u0165ok boli kladen\u00e9 vysok\u00e9 n\u00e1roky, a preto s\u00fa vyhovuj\u00face pre celoro\u010dn\u00fd rybolov v&nbsp;ak\u00fdchko\u013evek podmienkach. Doba rozpustnosti sie\u0165ok je z\u00e1visl\u00e1 na teplote vody, ale samozrejmos\u0165ou je rozpustnos\u0165 aj v&nbsp;najstuden\u0161ej vode, kde sa PVA sie\u0165ka \u00faplne rozpust\u00ed za 120&nbsp;sek\u00fand. Pevn\u00e9, ale jemn\u00e9 spletenie PVA sie\u0165oviny je ide\u00e1lne na pr\u00e1cu aj z&nbsp;jemne mlet\u00fdm k\u0155men\u00edm.<\/p>\n<p style=\"margin: 0px 0px 10px;font-family: Roboto, Helvetica, Arial, sans-serif;font-size: 14px;font-style: normal;font-weight: 400;letter-spacing: normal;text-align: justify;text-indent: 0px;text-transform: none;text-decoration: none\">Ka\u017ed\u00fd syst\u00e9m obsahuje vysoko kvalitn\u00fd dreven\u00fd piest.<\/p>\n<p style=\"margin: 0px 0px 10px;font-family: Roboto, Helvetica, Arial, sans-serif;font-size: 14px;font-style: normal;font-weight: 400;letter-spacing: normal;text-align: justify;text-indent: 0px;text-transform: none;text-decoration: none\">V\u0161etky obaly s\u00fa vyroben\u00e9 z&nbsp;papiera alebo biologicky odb\u00farate\u013en\u00e9ho plastu na b\u00e1ze \u0161krobu.<\/p>\n<p style=\"margin: 0px 0px 10px;font-family: Roboto, Helvetica, Arial, sans-serif;font-size: 14px;font-style: normal;font-weight: 400;letter-spacing: normal;text-align: justify;text-indent: 0px;text-transform: none;text-decoration: none\">Bu\u010fte \u0161etrn\u00ed k&nbsp;pr\u00edrode\u2026<\/p>\n<p style=\"margin: 0px 0px 10px;font-family: Roboto, Helvetica, Arial, sans-serif;font-size: 14px;font-style: normal;font-weight: 400;letter-spacing: normal;text-align: justify;text-indent: 0px;text-transform: none;text-decoration: none\">Priemer 24mm pre extra dlh\u00e9 hody<\/p>","protected":false},"featured_media":2367,"template":"","meta":{"advanced_seo_description":"","jetpack_seo_html_title":"","jetpack_seo_noindex":false},"product_brand":[],"product_cat":[63],"product_tag":[],"class_list":{"0":"post-2368","1":"product","2":"type-product","3":"status-publish","4":"has-post-thumbnail","6":"product_cat-pva-program","8":"first","9":"instock","10":"taxable","11":"shipping-taxable","12":"purchasable","13":"product-type-simple"},"jetpack_sharing_enabled":true,"_links":{"self":[{"href":"https:\/\/speedybaits.sk\/en\/wp-json\/wp\/v2\/product\/2368","targetHints":{"allow":["GET"]}}],"collection":[{"href":"https:\/\/speedybaits.sk\/en\/wp-json\/wp\/v2\/product"}],"about":[{"href":"https:\/\/speedybaits.sk\/en\/wp-json\/wp\/v2\/types\/product"}],"version-history":[{"count":0,"href":"https:\/\/speedybaits.sk\/en\/wp-json\/wp\/v2\/product\/2368\/revisions"}],"wp:featuredmedia":[{"embeddable":true,"href":"https:\/\/speedybaits.sk\/en\/wp-json\/wp\/v2\/media\/2367"}],"wp:attachment":[{"href":"https:\/\/speedybaits.sk\/en\/wp-json\/wp\/v2\/media?parent=2368"}],"wp:term":[{"taxonomy":"product_brand","embeddable":true,"href":"https:\/\/speedybaits.sk\/en\/wp-json\/wp\/v2\/product_brand?post=2368"},{"taxonomy":"product_cat","embeddable":true,"href":"https:\/\/speedybaits.sk\/en\/wp-json\/wp\/v2\/product_cat?post=2368"},{"taxonomy":"product_tag","embeddable":true,"href":"https:\/\/speedybaits.sk\/en\/wp-json\/wp\/v2\/product_tag?post=2368"}],"curies":[{"name":"wp","href":"https:\/\/api.w.org\/{rel}","templated":true}]}}