{"id":2046,"date":"2025-06-17T18:05:19","date_gmt":"2025-06-17T18:05:19","guid":{"rendered":"https:\/\/speedybaits.sk\/produkt\/cierne-tricko-damske\/"},"modified":"2025-08-23T21:08:24","modified_gmt":"2025-08-23T21:08:24","slug":"cierne-tricko-damske","status":"publish","type":"product","link":"https:\/\/speedybaits.sk\/en\/product\/cierne-tricko-damske\/","title":{"rendered":"\u010cierne tri\u010dko d\u00e1mske"},"content":{"rendered":"<p>Kvalitn\u00e9 bavlnen\u00e9 tri\u010dko s kr\u00e1tkym ruk\u00e1vom, ktor\u00e9 vy\u010dar\u00ed \u00fasmev ka\u017ed\u00e9mu, komu ho podaruje\u0161!<\/p>\n<p>&nbsp;<\/p>\n<p><strong style=\"font-weight: bold;\">\u0160pecifik\u00e1cia produktu<\/strong><\/p>\n<ul>\n<li style=\"padding-bottom: 5px;\">100% bavlna<\/li>\n<li style=\"padding-bottom: 5px;\">hmotnos\u0165 tri\u010dka 190g\/m2<\/li>\n<li style=\"padding-bottom: 5px;\">2-vrstvov\u00fd 1&#215;1 rebrov\u00fd golier s elastanom<\/li>\n<li style=\"padding-bottom: 5px;\">ruk\u00e1vy a spodn\u00fd lem pre\u0161it\u00fd dvojit\u00fdm stehom<\/li>\n<li style=\"padding-bottom: 5px;\">bez bo\u010dn\u00fdch \u0161vov<\/li>\n<li style=\"padding-bottom: 5px;\">d\u00e1mske, p\u00e1nske, detsk\u00e9 tri\u010dk\u00e1<\/li>\n<\/ul>\n<p>&nbsp;<\/p>\n<p>Pre dlh\u0161iu \u017eivotnos\u0165 potla\u010de odpor\u00fa\u010dame pra\u0165 pri 30\u00b0C, oto\u010den\u00e9 naruby.<\/p>\n<p>Pri \u017eehlen\u00ed odpor\u00fa\u010dame tri\u010dko tie\u017e oto\u010di\u0165 naruby.<\/p>","protected":false},"excerpt":{"rendered":"<p>Kvalitn\u00e9 bavlnen\u00e9 tri\u010dko s kr\u00e1tkym ruk\u00e1vom, ktor\u00e9 vy\u010dar\u00ed \u00fasmev ka\u017ed\u00e9mu, komu ho podaruje\u0161!<\/p>\n<p>&nbsp;<\/p>\n<p><strong style=\"font-weight: bold;\">\u0160pecifik\u00e1cia produktu<\/strong><\/p>\n<ul>\n<li style=\"padding-bottom: 5px;\">100% bavlna<\/li>\n<li style=\"padding-bottom: 5px;\">hmotnos\u0165 tri\u010dka 190g\/m2<\/li>\n<li style=\"padding-bottom: 5px;\">2-vrstvov\u00fd 1&#215;1 rebrov\u00fd golier s elastanom<\/li>\n<li style=\"padding-bottom: 5px;\">ruk\u00e1vy a spodn\u00fd lem pre\u0161it\u00fd dvojit\u00fdm stehom<\/li>\n<li style=\"padding-bottom: 5px;\">bez bo\u010dn\u00fdch \u0161vov<\/li>\n<li style=\"padding-bottom: 5px;\">d\u00e1mske, p\u00e1nske, detsk\u00e9 tri\u010dk\u00e1<\/li>\n<\/ul>\n<p>&nbsp;<\/p>\n<p>Pre dlh\u0161iu \u017eivotnos\u0165 potla\u010de odpor\u00fa\u010dame pra\u0165 pri 30\u00b0C, oto\u010den\u00e9 naruby.<\/p>\n<p>Pri \u017eehlen\u00ed odpor\u00fa\u010dame tri\u010dko tie\u017e oto\u010di\u0165 naruby.<\/p>","protected":false},"featured_media":2045,"template":"","meta":{"advanced_seo_description":"","jetpack_seo_html_title":"","jetpack_seo_noindex":false},"product_brand":[],"product_cat":[102],"product_tag":[],"class_list":{"0":"post-2046","1":"product","2":"type-product","3":"status-publish","4":"has-post-thumbnail","6":"product_cat-damske-tricka","8":"first","9":"instock","10":"taxable","11":"shipping-taxable","12":"purchasable","13":"product-type-variable"},"jetpack_sharing_enabled":true,"_links":{"self":[{"href":"https:\/\/speedybaits.sk\/en\/wp-json\/wp\/v2\/product\/2046","targetHints":{"allow":["GET"]}}],"collection":[{"href":"https:\/\/speedybaits.sk\/en\/wp-json\/wp\/v2\/product"}],"about":[{"href":"https:\/\/speedybaits.sk\/en\/wp-json\/wp\/v2\/types\/product"}],"version-history":[{"count":0,"href":"https:\/\/speedybaits.sk\/en\/wp-json\/wp\/v2\/product\/2046\/revisions"}],"wp:featuredmedia":[{"embeddable":true,"href":"https:\/\/speedybaits.sk\/en\/wp-json\/wp\/v2\/media\/2045"}],"wp:attachment":[{"href":"https:\/\/speedybaits.sk\/en\/wp-json\/wp\/v2\/media?parent=2046"}],"wp:term":[{"taxonomy":"product_brand","embeddable":true,"href":"https:\/\/speedybaits.sk\/en\/wp-json\/wp\/v2\/product_brand?post=2046"},{"taxonomy":"product_cat","embeddable":true,"href":"https:\/\/speedybaits.sk\/en\/wp-json\/wp\/v2\/product_cat?post=2046"},{"taxonomy":"product_tag","embeddable":true,"href":"https:\/\/speedybaits.sk\/en\/wp-json\/wp\/v2\/product_tag?post=2046"}],"curies":[{"name":"wp","href":"https:\/\/api.w.org\/{rel}","templated":true}]}}