{"id":1869,"date":"2025-06-17T06:16:38","date_gmt":"2025-06-17T06:16:38","guid":{"rendered":"https:\/\/speedybaits.sk\/produkt\/sweet-caramel-1kg\/"},"modified":"2026-04-11T08:06:15","modified_gmt":"2026-04-11T08:06:15","slug":"sweet-caramel-1kg","status":"publish","type":"product","link":"https:\/\/speedybaits.sk\/en\/product\/sweet-caramel-1kg\/","title":{"rendered":"Sweet karamel 1kg"},"content":{"rendered":"<p>Pr\u00e9miov\u00e9 krmivo v\u00a0atrakt\u00edvnych pr\u00edchutiach pre maxim\u00e1lnu efektivitu lovu kaprov. Po vhoden\u00ed do vody za\u010dne okam\u017eite pracova\u0165 a\u00a0uvo\u013e\u0148ova\u0165 \u010dastice a\u00a0ar\u00f3my do vodn\u00e9ho st\u013apca. Ide\u00e1lne na ZIG-RIG, kr\u00e1tke vych\u00e1dzky, alebo preteky.<\/p>","protected":false},"excerpt":{"rendered":"<p>Pr\u00e9miov\u00e9 krmivo v\u00a0atrakt\u00edvnych pr\u00edchutiach pre maxim\u00e1lnu efektivitu lovu kaprov. Po vhoden\u00ed do vody za\u010dne okam\u017eite pracova\u0165 a\u00a0uvo\u013e\u0148ova\u0165 \u010dastice a\u00a0ar\u00f3my do vodn\u00e9ho st\u013apca. Ide\u00e1lne na ZIG-RIG, kr\u00e1tke vych\u00e1dzky, alebo preteky.<\/p>","protected":false},"featured_media":1868,"template":"","meta":{"advanced_seo_description":"","jetpack_seo_html_title":"","jetpack_seo_noindex":false},"product_brand":[],"product_cat":[83],"product_tag":[],"class_list":{"0":"post-1869","1":"product","2":"type-product","3":"status-publish","4":"has-post-thumbnail","6":"product_cat-cloudy-stix-mix","8":"first","9":"instock","10":"taxable","11":"shipping-taxable","12":"purchasable","13":"product-type-simple"},"jetpack_sharing_enabled":true,"_links":{"self":[{"href":"https:\/\/speedybaits.sk\/en\/wp-json\/wp\/v2\/product\/1869","targetHints":{"allow":["GET"]}}],"collection":[{"href":"https:\/\/speedybaits.sk\/en\/wp-json\/wp\/v2\/product"}],"about":[{"href":"https:\/\/speedybaits.sk\/en\/wp-json\/wp\/v2\/types\/product"}],"version-history":[{"count":1,"href":"https:\/\/speedybaits.sk\/en\/wp-json\/wp\/v2\/product\/1869\/revisions"}],"predecessor-version":[{"id":2480,"href":"https:\/\/speedybaits.sk\/en\/wp-json\/wp\/v2\/product\/1869\/revisions\/2480"}],"wp:featuredmedia":[{"embeddable":true,"href":"https:\/\/speedybaits.sk\/en\/wp-json\/wp\/v2\/media\/1868"}],"wp:attachment":[{"href":"https:\/\/speedybaits.sk\/en\/wp-json\/wp\/v2\/media?parent=1869"}],"wp:term":[{"taxonomy":"product_brand","embeddable":true,"href":"https:\/\/speedybaits.sk\/en\/wp-json\/wp\/v2\/product_brand?post=1869"},{"taxonomy":"product_cat","embeddable":true,"href":"https:\/\/speedybaits.sk\/en\/wp-json\/wp\/v2\/product_cat?post=1869"},{"taxonomy":"product_tag","embeddable":true,"href":"https:\/\/speedybaits.sk\/en\/wp-json\/wp\/v2\/product_tag?post=1869"}],"curies":[{"name":"wp","href":"https:\/\/api.w.org\/{rel}","templated":true}]}}