{"id":1850,"date":"2025-06-17T05:48:05","date_gmt":"2025-06-17T05:48:05","guid":{"rendered":"https:\/\/speedybaits.sk\/produkt\/broskyna-30ml\/"},"modified":"2025-08-23T21:09:52","modified_gmt":"2025-08-23T21:09:52","slug":"broskyna-30ml","status":"publish","type":"product","link":"https:\/\/speedybaits.sk\/en\/product\/broskyna-30ml\/","title":{"rendered":"Brosky\u0148a 30ml"},"content":{"rendered":"<p><span>Skvel\u00fd pomocn\u00edk na zatrakt\u00edvnenie Va\u0161ej n\u00e1strahy. Na\u0161e esencie patria medzi najlep\u0161ie na trhu a&nbsp;dokonale o\u017eivia Va\u0161u n\u00e1strahu, \u010di u\u017e pop-up, zig-rig penu, partikel \u010di rohl\u00edkov\u00e9 boilies. Sta\u010d\u00ed jemn\u00fd n\u00e1strek na n\u00e1vnadu, necha\u0165 p\u00e1r min\u00fat zaschn\u00fa\u0165. O\u017eiv\u00ed aj star\u0161ie, preschnut\u00e9 boilies. Vynikaj\u00faca vo\u013eba v&nbsp;situ\u00e1ci\u00e1ch, ke\u010f je \u0165a\u017ek\u00e9 dosiahnu\u0165 z\u00e1ber, alebo na kr\u00e1tkych ryba\u010dk\u00e1ch.<\/span><\/p>","protected":false},"excerpt":{"rendered":"<p><span>Skvel\u00fd pomocn\u00edk na zatrakt\u00edvnenie Va\u0161ej n\u00e1strahy. Na\u0161e esencie patria medzi najlep\u0161ie na trhu a&nbsp;dokonale o\u017eivia Va\u0161u n\u00e1strahu, \u010di u\u017e pop-up, zig-rig penu, partikel \u010di rohl\u00edkov\u00e9 boilies. Sta\u010d\u00ed jemn\u00fd n\u00e1strek na n\u00e1vnadu, necha\u0165 p\u00e1r min\u00fat zaschn\u00fa\u0165. O\u017eiv\u00ed aj star\u0161ie, preschnut\u00e9 boilies. Vynikaj\u00faca vo\u013eba v&nbsp;situ\u00e1ci\u00e1ch, ke\u010f je \u0165a\u017ek\u00e9 dosiahnu\u0165 z\u00e1ber, alebo na kr\u00e1tkych ryba\u010dk\u00e1ch.<\/span><\/p>","protected":false},"featured_media":1849,"template":"","meta":{"advanced_seo_description":"","jetpack_seo_html_title":"","jetpack_seo_noindex":false},"product_brand":[],"product_cat":[44],"product_tag":[],"class_list":{"0":"post-1850","1":"product","2":"type-product","3":"status-publish","4":"has-post-thumbnail","6":"product_cat-esencia-sprej","8":"first","9":"instock","10":"taxable","11":"shipping-taxable","12":"purchasable","13":"product-type-simple"},"jetpack_sharing_enabled":true,"_links":{"self":[{"href":"https:\/\/speedybaits.sk\/en\/wp-json\/wp\/v2\/product\/1850","targetHints":{"allow":["GET"]}}],"collection":[{"href":"https:\/\/speedybaits.sk\/en\/wp-json\/wp\/v2\/product"}],"about":[{"href":"https:\/\/speedybaits.sk\/en\/wp-json\/wp\/v2\/types\/product"}],"version-history":[{"count":0,"href":"https:\/\/speedybaits.sk\/en\/wp-json\/wp\/v2\/product\/1850\/revisions"}],"wp:featuredmedia":[{"embeddable":true,"href":"https:\/\/speedybaits.sk\/en\/wp-json\/wp\/v2\/media\/1849"}],"wp:attachment":[{"href":"https:\/\/speedybaits.sk\/en\/wp-json\/wp\/v2\/media?parent=1850"}],"wp:term":[{"taxonomy":"product_brand","embeddable":true,"href":"https:\/\/speedybaits.sk\/en\/wp-json\/wp\/v2\/product_brand?post=1850"},{"taxonomy":"product_cat","embeddable":true,"href":"https:\/\/speedybaits.sk\/en\/wp-json\/wp\/v2\/product_cat?post=1850"},{"taxonomy":"product_tag","embeddable":true,"href":"https:\/\/speedybaits.sk\/en\/wp-json\/wp\/v2\/product_tag?post=1850"}],"curies":[{"name":"wp","href":"https:\/\/api.w.org\/{rel}","templated":true}]}}