{"id":1766,"date":"2025-06-16T21:05:28","date_gmt":"2025-06-16T21:05:28","guid":{"rendered":"https:\/\/speedybaits.sk\/produkt\/nadvazec-leadcore-lead-clip-45-lbs-100-cm-hneda\/"},"modified":"2025-08-23T21:10:05","modified_gmt":"2025-08-23T21:10:05","slug":"nadvazec-leadcore-lead-clip-45-lbs-100-cm-hneda","status":"publish","type":"product","link":"https:\/\/speedybaits.sk\/en\/product\/nadvazec-leadcore-lead-clip-45-lbs-100-cm-hneda\/","title":{"rendered":"N\u00e1dv\u00e4zec Leadcore Lead Clip 45 lbs 100 cm hned\u00e1"},"content":{"rendered":"<p class=\"\" data-start=\"35\" data-end=\"301\">Z\u00e1kladn\u00e1 kapr\u00e1rska zostava s bezpe\u010dnostn\u00fdm klipom vyroben\u00e1 z olovenky s nosnos\u0165ou 45 lb. \u00dasek s d\u013a\u017ekou 100 cm je na jednom konci zakon\u010den\u00fd slu\u010dkou na pripevnenie hlavn\u00e9ho vlasca, zatia\u013e \u010do druh\u00fd koniec je vybaven\u00fd r\u00fdchlov\u00fdmenn\u00fdm obratl\u00edkom pre jednoduch\u00fa mont\u00e1\u017e.<\/p>\n<p class=\"\" data-start=\"303\" data-end=\"362\"><strong data-start=\"303\" data-end=\"315\" style=\"font-weight: 700\">Nosnos\u0165:<\/strong><span class=\"Apple-converted-space\">&nbsp;<\/span>45 lb<br \/>\n<strong data-start=\"324\" data-end=\"334\" style=\"font-weight: 700\">D\u013a\u017eka:<\/strong><span class=\"Apple-converted-space\">&nbsp;<\/span>100 cm<br \/>\n<strong data-start=\"344\" data-end=\"354\" style=\"font-weight: 700\">Farba:<\/strong><span class=\"Apple-converted-space\">&nbsp;<\/span>Hned\u00e1<\/p>\n<p class=\"\" data-start=\"364\" data-end=\"388\"><strong data-start=\"364\" data-end=\"382\" style=\"font-weight: 700\">Obsah balenia:<\/strong><span class=\"Apple-converted-space\">&nbsp;<\/span>1 kus<\/p>","protected":false},"excerpt":{"rendered":"<p class=\"\" data-start=\"35\" data-end=\"301\">Z\u00e1kladn\u00e1 kapr\u00e1rska zostava s bezpe\u010dnostn\u00fdm klipom vyroben\u00e1 z olovenky s nosnos\u0165ou 45 lb. \u00dasek s d\u013a\u017ekou 100 cm je na jednom konci zakon\u010den\u00fd slu\u010dkou na pripevnenie hlavn\u00e9ho vlasca, zatia\u013e \u010do druh\u00fd koniec je vybaven\u00fd r\u00fdchlov\u00fdmenn\u00fdm obratl\u00edkom pre jednoduch\u00fa mont\u00e1\u017e.<\/p>\n<p class=\"\" data-start=\"303\" data-end=\"362\"><strong data-start=\"303\" data-end=\"315\" style=\"font-weight: 700\">Nosnos\u0165:<\/strong><span class=\"Apple-converted-space\">&nbsp;<\/span>45 lb<br \/>\n<strong data-start=\"324\" data-end=\"334\" style=\"font-weight: 700\">D\u013a\u017eka:<\/strong><span class=\"Apple-converted-space\">&nbsp;<\/span>100 cm<br \/>\n<strong data-start=\"344\" data-end=\"354\" style=\"font-weight: 700\">Farba:<\/strong><span class=\"Apple-converted-space\">&nbsp;<\/span>Hned\u00e1<\/p>\n<p class=\"\" data-start=\"364\" data-end=\"388\"><strong data-start=\"364\" data-end=\"382\" style=\"font-weight: 700\">Obsah balenia:<\/strong><span class=\"Apple-converted-space\">&nbsp;<\/span>1 kus<\/p>","protected":false},"featured_media":1765,"template":"","meta":{"advanced_seo_description":"","jetpack_seo_html_title":"","jetpack_seo_noindex":false},"product_brand":[],"product_cat":[81],"product_tag":[],"class_list":{"0":"post-1766","1":"product","2":"type-product","3":"status-publish","4":"has-post-thumbnail","6":"product_cat-montaze","8":"first","9":"instock","10":"taxable","11":"shipping-taxable","12":"purchasable","13":"product-type-simple"},"jetpack_sharing_enabled":true,"_links":{"self":[{"href":"https:\/\/speedybaits.sk\/en\/wp-json\/wp\/v2\/product\/1766","targetHints":{"allow":["GET"]}}],"collection":[{"href":"https:\/\/speedybaits.sk\/en\/wp-json\/wp\/v2\/product"}],"about":[{"href":"https:\/\/speedybaits.sk\/en\/wp-json\/wp\/v2\/types\/product"}],"version-history":[{"count":0,"href":"https:\/\/speedybaits.sk\/en\/wp-json\/wp\/v2\/product\/1766\/revisions"}],"wp:featuredmedia":[{"embeddable":true,"href":"https:\/\/speedybaits.sk\/en\/wp-json\/wp\/v2\/media\/1765"}],"wp:attachment":[{"href":"https:\/\/speedybaits.sk\/en\/wp-json\/wp\/v2\/media?parent=1766"}],"wp:term":[{"taxonomy":"product_brand","embeddable":true,"href":"https:\/\/speedybaits.sk\/en\/wp-json\/wp\/v2\/product_brand?post=1766"},{"taxonomy":"product_cat","embeddable":true,"href":"https:\/\/speedybaits.sk\/en\/wp-json\/wp\/v2\/product_cat?post=1766"},{"taxonomy":"product_tag","embeddable":true,"href":"https:\/\/speedybaits.sk\/en\/wp-json\/wp\/v2\/product_tag?post=1766"}],"curies":[{"name":"wp","href":"https:\/\/api.w.org\/{rel}","templated":true}]}}