{"id":1756,"date":"2025-06-16T20:50:19","date_gmt":"2025-06-16T20:50:19","guid":{"rendered":"https:\/\/speedybaits.sk\/produkt\/noznicky-na-vlasec-a-snuru\/"},"modified":"2025-08-23T21:10:15","modified_gmt":"2025-08-23T21:10:15","slug":"noznicky-na-vlasec-a-snuru","status":"publish","type":"product","link":"https:\/\/speedybaits.sk\/en\/product\/noznicky-na-vlasec-a-snuru\/","title":{"rendered":"Fishing line and cord scissors"},"content":{"rendered":"<p class=\"\" data-start=\"31\" data-end=\"177\"><strong data-start=\"31\" data-end=\"80\" style=\"font-weight: 700\">No\u017enice na strihanie vlasca a pletenej \u0161n\u00fary.<span class=\"Apple-converted-space\">&nbsp;<\/span><\/strong>Ve\u013emi ostr\u00e9 \u010depele z nehrdzavej\u00facej ocele si \u013eahko poradia s klasick\u00fdm vlascom aj s pletenkou.<\/p>\n<p class=\"\" data-start=\"179\" data-end=\"197\"><strong data-start=\"179\" data-end=\"191\" style=\"font-weight: 700\">Balenie:<\/strong><span class=\"Apple-converted-space\">&nbsp;<\/span>1 kus<\/p>","protected":false},"excerpt":{"rendered":"<p class=\"\" data-start=\"31\" data-end=\"177\"><strong data-start=\"31\" data-end=\"80\" style=\"font-weight: 700\">No\u017enice na strihanie vlasca a pletenej \u0161n\u00fary.<span class=\"Apple-converted-space\">&nbsp;<\/span><\/strong>Ve\u013emi ostr\u00e9 \u010depele z nehrdzavej\u00facej ocele si \u013eahko poradia s klasick\u00fdm vlascom aj s pletenkou.<\/p>\n<p class=\"\" data-start=\"179\" data-end=\"197\"><strong data-start=\"179\" data-end=\"191\" style=\"font-weight: 700\">Balenie:<\/strong><span class=\"Apple-converted-space\">&nbsp;<\/span>1 kus<\/p>","protected":false},"featured_media":1754,"template":"","meta":{"advanced_seo_description":"","jetpack_seo_html_title":"","jetpack_seo_noindex":false},"product_brand":[],"product_cat":[80],"product_tag":[],"class_list":{"0":"post-1756","1":"product","2":"type-product","3":"status-publish","4":"has-post-thumbnail","6":"product_cat-noznicky-na-vlasec-a-snuru","8":"first","9":"instock","10":"taxable","11":"shipping-taxable","12":"purchasable","13":"product-type-simple"},"jetpack_sharing_enabled":true,"_links":{"self":[{"href":"https:\/\/speedybaits.sk\/en\/wp-json\/wp\/v2\/product\/1756","targetHints":{"allow":["GET"]}}],"collection":[{"href":"https:\/\/speedybaits.sk\/en\/wp-json\/wp\/v2\/product"}],"about":[{"href":"https:\/\/speedybaits.sk\/en\/wp-json\/wp\/v2\/types\/product"}],"version-history":[{"count":0,"href":"https:\/\/speedybaits.sk\/en\/wp-json\/wp\/v2\/product\/1756\/revisions"}],"wp:featuredmedia":[{"embeddable":true,"href":"https:\/\/speedybaits.sk\/en\/wp-json\/wp\/v2\/media\/1754"}],"wp:attachment":[{"href":"https:\/\/speedybaits.sk\/en\/wp-json\/wp\/v2\/media?parent=1756"}],"wp:term":[{"taxonomy":"product_brand","embeddable":true,"href":"https:\/\/speedybaits.sk\/en\/wp-json\/wp\/v2\/product_brand?post=1756"},{"taxonomy":"product_cat","embeddable":true,"href":"https:\/\/speedybaits.sk\/en\/wp-json\/wp\/v2\/product_cat?post=1756"},{"taxonomy":"product_tag","embeddable":true,"href":"https:\/\/speedybaits.sk\/en\/wp-json\/wp\/v2\/product_tag?post=1756"}],"curies":[{"name":"wp","href":"https:\/\/api.w.org\/{rel}","templated":true}]}}