{"id":1736,"date":"2025-06-16T20:32:50","date_gmt":"2025-06-16T20:32:50","guid":{"rendered":"https:\/\/speedybaits.sk\/produkt\/zmrstovacia-hadicka-zelena-2-5mm\/"},"modified":"2025-08-23T21:10:30","modified_gmt":"2025-08-23T21:10:30","slug":"zmrstovacia-hadicka-zelena-2-5mm","status":"publish","type":"product","link":"https:\/\/speedybaits.sk\/en\/product\/zmrstovacia-hadicka-zelena-2-5mm\/","title":{"rendered":"Zmr\u0161\u0165ovacia hadi\u010dka \u2013 zelen\u00e1 2.5mm"},"content":{"rendered":"<p class=\"\" data-start=\"42\" data-end=\"459\">Zmr\u0161\u0165ovacia hadi\u010dka sa pou\u017e\u00edva predov\u0161etk\u00fdm pri kapr\u00e1rskych mont\u00e1\u017each. Jej vhodn\u00fd tvar funguje ako nadstavec na h\u00e1\u010dik, \u010d\u00edm v\u00fdrazne zlep\u0161uje funkciu mont\u00e1\u017ee, zvy\u0161uje \u00faspe\u0161nos\u0165 z\u00e1seku a z\u00e1rove\u0148 zabra\u0148uje rybe vyp\u013eu\u0165 n\u00e1strahu. Naj\u010dastej\u0161ie sa pou\u017e\u00edva pri mont\u00e1\u017each typu Sliding Rig alebo Line-Aligner. V\u00fdborne posl\u00fa\u017ei aj ako ochrana uzla \u2013 sta\u010d\u00ed ju prevliec\u0165 cez uzol a zahria\u0165 nad parou alebo oh\u0148om, aby sa stiahla.<\/p>\n<p class=\"\" data-start=\"461\" data-end=\"521\">Ve\u013ekos\u0165: 2,5 mm<br \/>\nFarba: zelen\u00e1<br \/>\nMno\u017estvo: 8 ks<\/p>","protected":false},"excerpt":{"rendered":"<p class=\"\" data-start=\"42\" data-end=\"459\">Zmr\u0161\u0165ovacia hadi\u010dka sa pou\u017e\u00edva predov\u0161etk\u00fdm pri kapr\u00e1rskych mont\u00e1\u017each. Jej vhodn\u00fd tvar funguje ako nadstavec na h\u00e1\u010dik, \u010d\u00edm v\u00fdrazne zlep\u0161uje funkciu mont\u00e1\u017ee, zvy\u0161uje \u00faspe\u0161nos\u0165 z\u00e1seku a z\u00e1rove\u0148 zabra\u0148uje rybe vyp\u013eu\u0165 n\u00e1strahu. Naj\u010dastej\u0161ie sa pou\u017e\u00edva pri mont\u00e1\u017each typu Sliding Rig alebo Line-Aligner. V\u00fdborne posl\u00fa\u017ei aj ako ochrana uzla \u2013 sta\u010d\u00ed ju prevliec\u0165 cez uzol a zahria\u0165 nad parou alebo oh\u0148om, aby sa stiahla.<\/p>\n<p class=\"\" data-start=\"461\" data-end=\"521\">Ve\u013ekos\u0165: 2,5 mm<br \/>\nFarba: zelen\u00e1<br \/>\nMno\u017estvo: 8 ks<\/p>","protected":false},"featured_media":1733,"template":"","meta":{"advanced_seo_description":"","jetpack_seo_html_title":"","jetpack_seo_noindex":false},"product_brand":[],"product_cat":[78],"product_tag":[],"class_list":{"0":"post-1736","1":"product","2":"type-product","3":"status-publish","4":"has-post-thumbnail","6":"product_cat-zmrstovacie-hadicky","8":"first","9":"instock","10":"taxable","11":"shipping-taxable","12":"purchasable","13":"product-type-simple"},"jetpack_sharing_enabled":true,"_links":{"self":[{"href":"https:\/\/speedybaits.sk\/en\/wp-json\/wp\/v2\/product\/1736","targetHints":{"allow":["GET"]}}],"collection":[{"href":"https:\/\/speedybaits.sk\/en\/wp-json\/wp\/v2\/product"}],"about":[{"href":"https:\/\/speedybaits.sk\/en\/wp-json\/wp\/v2\/types\/product"}],"version-history":[{"count":0,"href":"https:\/\/speedybaits.sk\/en\/wp-json\/wp\/v2\/product\/1736\/revisions"}],"wp:featuredmedia":[{"embeddable":true,"href":"https:\/\/speedybaits.sk\/en\/wp-json\/wp\/v2\/media\/1733"}],"wp:attachment":[{"href":"https:\/\/speedybaits.sk\/en\/wp-json\/wp\/v2\/media?parent=1736"}],"wp:term":[{"taxonomy":"product_brand","embeddable":true,"href":"https:\/\/speedybaits.sk\/en\/wp-json\/wp\/v2\/product_brand?post=1736"},{"taxonomy":"product_cat","embeddable":true,"href":"https:\/\/speedybaits.sk\/en\/wp-json\/wp\/v2\/product_cat?post=1736"},{"taxonomy":"product_tag","embeddable":true,"href":"https:\/\/speedybaits.sk\/en\/wp-json\/wp\/v2\/product_tag?post=1736"}],"curies":[{"name":"wp","href":"https:\/\/api.w.org\/{rel}","templated":true}]}}