{"id":1694,"date":"2025-06-16T19:05:43","date_gmt":"2025-06-16T19:05:43","guid":{"rendered":"https:\/\/speedybaits.sk\/produkt\/rovnatko-na-hacik-chrobak-zelena\/"},"modified":"2025-08-23T21:10:55","modified_gmt":"2025-08-23T21:10:55","slug":"rovnatko-na-hacik-chrobak-zelena","status":"publish","type":"product","link":"https:\/\/speedybaits.sk\/en\/product\/rovnatko-na-hacik-chrobak-zelena\/","title":{"rendered":"Rovn\u00e1tko na h\u00e1\u010dik chrob\u00e1k zelen\u00e1"},"content":{"rendered":"<p class=\"\" data-start=\"0\" data-end=\"319\">Pozicion\u00e9r h\u00e1\u010dika je neoddelite\u013enou s\u00fa\u010das\u0165ou kaprov\u00e9ho nadv\u00e4zca. Jeho \u0161peci\u00e1lny tvar v\u00fdrazne zvy\u0161uje \u00fa\u010dinnos\u0165 mont\u00e1\u017ee. Jeho \u00falohou je pri z\u00e1bere oto\u010di\u0165 h\u00e1\u010dik hrotom nadol, aby sa ryba spo\u013eahlivo zasekla do spodnej pery. Pozicion\u00e9r v tvare \u010derva pripom\u00edna ryb\u00e1m prirodzen\u00fa potravu, v\u010faka \u010domu sa dokonale maskuje na dne.<\/p>\n<p class=\"\" data-start=\"321\" data-end=\"402\"><strong data-start=\"321\" data-end=\"331\" style=\"font-weight: 700\">Farba:<\/strong><span class=\"Apple-converted-space\">&nbsp;<\/span>zelen\u00e1<br \/>\n<strong data-start=\"341\" data-end=\"354\" style=\"font-weight: 700\">Mno\u017estvo:<\/strong><span class=\"Apple-converted-space\">&nbsp;<\/span>10 kusov<br \/>\n<strong data-start=\"366\" data-end=\"398\" style=\"font-weight: 700\">Vhodn\u00e9 pre ve\u013ekosti h\u00e1\u010dikov:<\/strong><span class=\"Apple-converted-space\">&nbsp;<\/span>2\u20138<\/p>","protected":false},"excerpt":{"rendered":"<p class=\"\" data-start=\"0\" data-end=\"319\">Pozicion\u00e9r h\u00e1\u010dika je neoddelite\u013enou s\u00fa\u010das\u0165ou kaprov\u00e9ho nadv\u00e4zca. Jeho \u0161peci\u00e1lny tvar v\u00fdrazne zvy\u0161uje \u00fa\u010dinnos\u0165 mont\u00e1\u017ee. Jeho \u00falohou je pri z\u00e1bere oto\u010di\u0165 h\u00e1\u010dik hrotom nadol, aby sa ryba spo\u013eahlivo zasekla do spodnej pery. Pozicion\u00e9r v tvare \u010derva pripom\u00edna ryb\u00e1m prirodzen\u00fa potravu, v\u010faka \u010domu sa dokonale maskuje na dne.<\/p>\n<p class=\"\" data-start=\"321\" data-end=\"402\"><strong data-start=\"321\" data-end=\"331\" style=\"font-weight: 700\">Farba:<\/strong><span class=\"Apple-converted-space\">&nbsp;<\/span>zelen\u00e1<br \/>\n<strong data-start=\"341\" data-end=\"354\" style=\"font-weight: 700\">Mno\u017estvo:<\/strong><span class=\"Apple-converted-space\">&nbsp;<\/span>10 kusov<br \/>\n<strong data-start=\"366\" data-end=\"398\" style=\"font-weight: 700\">Vhodn\u00e9 pre ve\u013ekosti h\u00e1\u010dikov:<\/strong><span class=\"Apple-converted-space\">&nbsp;<\/span>2\u20138<\/p>","protected":false},"featured_media":1692,"template":"","meta":{"advanced_seo_description":"","jetpack_seo_html_title":"","jetpack_seo_noindex":false},"product_brand":[],"product_cat":[76],"product_tag":[],"class_list":{"0":"post-1694","1":"product","2":"type-product","3":"status-publish","4":"has-post-thumbnail","6":"product_cat-rovnatka-na-hacik","8":"first","9":"instock","10":"taxable","11":"shipping-taxable","12":"purchasable","13":"product-type-simple"},"jetpack_sharing_enabled":true,"_links":{"self":[{"href":"https:\/\/speedybaits.sk\/en\/wp-json\/wp\/v2\/product\/1694","targetHints":{"allow":["GET"]}}],"collection":[{"href":"https:\/\/speedybaits.sk\/en\/wp-json\/wp\/v2\/product"}],"about":[{"href":"https:\/\/speedybaits.sk\/en\/wp-json\/wp\/v2\/types\/product"}],"version-history":[{"count":0,"href":"https:\/\/speedybaits.sk\/en\/wp-json\/wp\/v2\/product\/1694\/revisions"}],"wp:featuredmedia":[{"embeddable":true,"href":"https:\/\/speedybaits.sk\/en\/wp-json\/wp\/v2\/media\/1692"}],"wp:attachment":[{"href":"https:\/\/speedybaits.sk\/en\/wp-json\/wp\/v2\/media?parent=1694"}],"wp:term":[{"taxonomy":"product_brand","embeddable":true,"href":"https:\/\/speedybaits.sk\/en\/wp-json\/wp\/v2\/product_brand?post=1694"},{"taxonomy":"product_cat","embeddable":true,"href":"https:\/\/speedybaits.sk\/en\/wp-json\/wp\/v2\/product_cat?post=1694"},{"taxonomy":"product_tag","embeddable":true,"href":"https:\/\/speedybaits.sk\/en\/wp-json\/wp\/v2\/product_tag?post=1694"}],"curies":[{"name":"wp","href":"https:\/\/api.w.org\/{rel}","templated":true}]}}