{"id":1553,"date":"2025-06-16T15:03:02","date_gmt":"2025-06-16T15:03:02","guid":{"rendered":"https:\/\/speedybaits.sk\/produkt\/katran-stuzena-snurka-tarantul-25lb-20m\/"},"modified":"2025-08-23T21:12:19","modified_gmt":"2025-08-23T21:12:19","slug":"katran-stuzena-snurka-tarantul-25lb-20m","status":"publish","type":"product","link":"https:\/\/speedybaits.sk\/en\/product\/katran-stuzena-snurka-tarantul-25lb-20m\/","title":{"rendered":"Stu\u017een\u00e1 \u0160n\u00farka Tarantul 25lb\/20m KATRAN"},"content":{"rendered":"<p><strong style=\"font-weight: 700\">Tarantul je r\u00fdchlo pot\u00e1pav\u00e1 n\u00e1v\u00e4zcov\u00e1 \u0161n\u00fara s&nbsp;odstr\u00e1nite\u013en\u00fdm po\u0165ahom v&nbsp;\u010diernom preveden\u00ed!<\/strong><\/p>\n<p>\u0160n\u00farka je prakticky nevidite\u013en\u00e1 a to najm\u00e4 na bahnitom dne. Jadro \u0161n\u00farky je vyroben\u00e9 z&nbsp;dvoch materi\u00e1lov \/fluoropolimer a dyneema vl\u00e1kna\/ pre zv\u00fd\u0161enie pevnosti a odolnosti vo\u010di oderu. Vhodn\u00e1 na r\u00f4zne druhy mont\u00e1\u017ei.<\/p>","protected":false},"excerpt":{"rendered":"<p><strong style=\"font-weight: 700\">Tarantul je r\u00fdchlo pot\u00e1pav\u00e1 n\u00e1v\u00e4zcov\u00e1 \u0161n\u00fara s&nbsp;odstr\u00e1nite\u013en\u00fdm po\u0165ahom v&nbsp;\u010diernom preveden\u00ed!<\/strong><\/p>\n<p>\u0160n\u00farka je prakticky nevidite\u013en\u00e1 a to najm\u00e4 na bahnitom dne. Jadro \u0161n\u00farky je vyroben\u00e9 z&nbsp;dvoch materi\u00e1lov \/fluoropolimer a dyneema vl\u00e1kna\/ pre zv\u00fd\u0161enie pevnosti a odolnosti vo\u010di oderu. Vhodn\u00e1 na r\u00f4zne druhy mont\u00e1\u017ei.<\/p>","protected":false},"featured_media":1549,"template":"","meta":{"advanced_seo_description":"","jetpack_seo_html_title":"","jetpack_seo_noindex":false},"product_brand":[],"product_cat":[66],"product_tag":[],"class_list":{"0":"post-1553","1":"product","2":"type-product","3":"status-publish","4":"has-post-thumbnail","6":"product_cat-pletenky-potiahnute-stuzene","8":"first","9":"instock","10":"taxable","11":"shipping-taxable","12":"purchasable","13":"product-type-simple"},"jetpack_sharing_enabled":true,"_links":{"self":[{"href":"https:\/\/speedybaits.sk\/en\/wp-json\/wp\/v2\/product\/1553","targetHints":{"allow":["GET"]}}],"collection":[{"href":"https:\/\/speedybaits.sk\/en\/wp-json\/wp\/v2\/product"}],"about":[{"href":"https:\/\/speedybaits.sk\/en\/wp-json\/wp\/v2\/types\/product"}],"version-history":[{"count":0,"href":"https:\/\/speedybaits.sk\/en\/wp-json\/wp\/v2\/product\/1553\/revisions"}],"wp:featuredmedia":[{"embeddable":true,"href":"https:\/\/speedybaits.sk\/en\/wp-json\/wp\/v2\/media\/1549"}],"wp:attachment":[{"href":"https:\/\/speedybaits.sk\/en\/wp-json\/wp\/v2\/media?parent=1553"}],"wp:term":[{"taxonomy":"product_brand","embeddable":true,"href":"https:\/\/speedybaits.sk\/en\/wp-json\/wp\/v2\/product_brand?post=1553"},{"taxonomy":"product_cat","embeddable":true,"href":"https:\/\/speedybaits.sk\/en\/wp-json\/wp\/v2\/product_cat?post=1553"},{"taxonomy":"product_tag","embeddable":true,"href":"https:\/\/speedybaits.sk\/en\/wp-json\/wp\/v2\/product_tag?post=1553"}],"curies":[{"name":"wp","href":"https:\/\/api.w.org\/{rel}","templated":true}]}}