{"id":1534,"date":"2025-06-16T14:53:57","date_gmt":"2025-06-16T14:53:57","guid":{"rendered":"https:\/\/speedybaits.sk\/produkt\/katran-pletenka-flora-25lb-20m\/"},"modified":"2025-08-23T21:12:36","modified_gmt":"2025-08-23T21:12:36","slug":"katran-pletenka-flora-25lb-20m","status":"publish","type":"product","link":"https:\/\/speedybaits.sk\/en\/product\/katran-pletenka-flora-25lb-20m\/","title":{"rendered":"Pletenka FLORA 25lb\/20m KATRAN"},"content":{"rendered":"<p><span>Flora je ve\u013emi jemn\u00e1, siln\u00e1, r\u00fdchlo pot\u00e1pav\u00e1 pletenka. Je zelenej farby a patr\u00ed k&nbsp;najodolnej\u0161\u00edch \u0161n\u00farkam firmy Katran. V\u010faka svoje farbe je vhodn\u00e1 do zarasten\u00fdch v\u00f4d. Flora m\u00e1 takmer nulov\u00fa prie\u0165a\u017enos\u0165 a je maxim\u00e1lne odoln\u00e1 vo\u010di oderu. Doporu\u010dujeme ju pou\u017ei\u0165 v\u0161ade tam, kde prich\u00e1dzame o&nbsp;ryby kv\u00f4li kame\u0148om, mu\u0161liam, \u0161trku, stromom a&nbsp;pod.<\/span><\/p>","protected":false},"excerpt":{"rendered":"<p><span>Flora je ve\u013emi jemn\u00e1, siln\u00e1, r\u00fdchlo pot\u00e1pav\u00e1 pletenka. Je zelenej farby a patr\u00ed k&nbsp;najodolnej\u0161\u00edch \u0161n\u00farkam firmy Katran. V\u010faka svoje farbe je vhodn\u00e1 do zarasten\u00fdch v\u00f4d. Flora m\u00e1 takmer nulov\u00fa prie\u0165a\u017enos\u0165 a je maxim\u00e1lne odoln\u00e1 vo\u010di oderu. Doporu\u010dujeme ju pou\u017ei\u0165 v\u0161ade tam, kde prich\u00e1dzame o&nbsp;ryby kv\u00f4li kame\u0148om, mu\u0161liam, \u0161trku, stromom a&nbsp;pod.<\/span><\/p>","protected":false},"featured_media":1533,"template":"","meta":{"advanced_seo_description":"","jetpack_seo_html_title":"","jetpack_seo_noindex":false},"product_brand":[],"product_cat":[64],"product_tag":[],"class_list":{"0":"post-1534","1":"product","2":"type-product","3":"status-publish","4":"has-post-thumbnail","6":"product_cat-pletenky-klaciske","8":"first","9":"instock","10":"taxable","11":"shipping-taxable","12":"purchasable","13":"product-type-simple"},"jetpack_sharing_enabled":true,"_links":{"self":[{"href":"https:\/\/speedybaits.sk\/en\/wp-json\/wp\/v2\/product\/1534","targetHints":{"allow":["GET"]}}],"collection":[{"href":"https:\/\/speedybaits.sk\/en\/wp-json\/wp\/v2\/product"}],"about":[{"href":"https:\/\/speedybaits.sk\/en\/wp-json\/wp\/v2\/types\/product"}],"version-history":[{"count":0,"href":"https:\/\/speedybaits.sk\/en\/wp-json\/wp\/v2\/product\/1534\/revisions"}],"wp:featuredmedia":[{"embeddable":true,"href":"https:\/\/speedybaits.sk\/en\/wp-json\/wp\/v2\/media\/1533"}],"wp:attachment":[{"href":"https:\/\/speedybaits.sk\/en\/wp-json\/wp\/v2\/media?parent=1534"}],"wp:term":[{"taxonomy":"product_brand","embeddable":true,"href":"https:\/\/speedybaits.sk\/en\/wp-json\/wp\/v2\/product_brand?post=1534"},{"taxonomy":"product_cat","embeddable":true,"href":"https:\/\/speedybaits.sk\/en\/wp-json\/wp\/v2\/product_cat?post=1534"},{"taxonomy":"product_tag","embeddable":true,"href":"https:\/\/speedybaits.sk\/en\/wp-json\/wp\/v2\/product_tag?post=1534"}],"curies":[{"name":"wp","href":"https:\/\/api.w.org\/{rel}","templated":true}]}}