{"id":1506,"date":"2025-06-16T14:09:02","date_gmt":"2025-06-16T14:09:02","guid":{"rendered":"https:\/\/speedybaits.sk\/produkt\/pva-organic-pva-nahradna-napln-pancucha-s-inovativnym-systemom-doplnovania-7m-24mm\/"},"modified":"2025-08-23T21:12:42","modified_gmt":"2025-08-23T21:12:42","slug":"pva-organic-pva-nahradna-napln-pancucha-s-inovativnym-systemom-doplnovania-7m-24mm","status":"publish","type":"product","link":"https:\/\/speedybaits.sk\/en\/product\/pva-organic-pva-nahradna-napln-pancucha-s-inovativnym-systemom-doplnovania-7m-24mm\/","title":{"rendered":"PVA ORGANIC PVA n\u00e1hradn\u00e1  n\u00e1pl\u0148  pan\u010ducha s inovat\u00edvnym  syst\u00e9mom dopl\u0148ovania  7m 24mm"},"content":{"rendered":"<p>PVA n\u00e1pl\u0148 s inovat\u00edvnym syst\u00e9mom dop\u013a\u0148ania. Sie\u0165ka je navle\u010den\u00e1 na papierovej r\u00farke, ktor\u00fa mo\u017eno \u013eahko vybra\u0165 z vrecka, nasadi\u0165 na syst\u00e9m a cel\u00fa sie\u0165ku stiahnu\u0165. Sme presved\u010den\u00ed, \u017ee t\u00e1to met\u00f3da sa r\u00fdchlo roz\u0161\u00edri do cel\u00e9ho odvetvia v\u00fdrobkov PVA s n\u00e1pl\u0148ou. Vrecko je tie\u017e vyroben\u00e9 z plastu na b\u00e1ze \u0161krobu a v \u017eivotnom prostred\u00ed sa rozklad\u00e1. Na zadnej strane je praktick\u00fd list, ktor\u00fd uv\u00e1dza \u010das rozpustenia sie\u0165ky pri r\u00f4znych teplot\u00e1ch vody. Pom\u00e1ha presne vedie\u0165, \u010do sa deje pod vodou. Bu\u010fte \u0161etrn\u00ed k \u017eivotn\u00e9mu prostrediu.<\/p>","protected":false},"excerpt":{"rendered":"<p>PVA n\u00e1pl\u0148 s inovat\u00edvnym syst\u00e9mom dop\u013a\u0148ania. Sie\u0165ka je navle\u010den\u00e1 na papierovej r\u00farke, ktor\u00fa mo\u017eno \u013eahko vybra\u0165 z vrecka, nasadi\u0165 na syst\u00e9m a cel\u00fa sie\u0165ku stiahnu\u0165. Sme presved\u010den\u00ed, \u017ee t\u00e1to met\u00f3da sa r\u00fdchlo roz\u0161\u00edri do cel\u00e9ho odvetvia v\u00fdrobkov PVA s n\u00e1pl\u0148ou. Vrecko je tie\u017e vyroben\u00e9 z plastu na b\u00e1ze \u0161krobu a v \u017eivotnom prostred\u00ed sa rozklad\u00e1. Na zadnej strane je praktick\u00fd list, ktor\u00fd uv\u00e1dza \u010das rozpustenia sie\u0165ky pri r\u00f4znych teplot\u00e1ch vody. Pom\u00e1ha presne vedie\u0165, \u010do sa deje pod vodou. Bu\u010fte \u0161etrn\u00ed k \u017eivotn\u00e9mu prostrediu.<\/p>","protected":false},"featured_media":1503,"template":"","meta":{"advanced_seo_description":"","jetpack_seo_html_title":"","jetpack_seo_noindex":false},"product_brand":[],"product_cat":[63],"product_tag":[],"class_list":{"0":"post-1506","1":"product","2":"type-product","3":"status-publish","4":"has-post-thumbnail","6":"product_cat-pva-program","8":"first","9":"outofstock","10":"taxable","11":"shipping-taxable","12":"purchasable","13":"product-type-simple"},"jetpack_sharing_enabled":true,"_links":{"self":[{"href":"https:\/\/speedybaits.sk\/en\/wp-json\/wp\/v2\/product\/1506","targetHints":{"allow":["GET"]}}],"collection":[{"href":"https:\/\/speedybaits.sk\/en\/wp-json\/wp\/v2\/product"}],"about":[{"href":"https:\/\/speedybaits.sk\/en\/wp-json\/wp\/v2\/types\/product"}],"version-history":[{"count":1,"href":"https:\/\/speedybaits.sk\/en\/wp-json\/wp\/v2\/product\/1506\/revisions"}],"predecessor-version":[{"id":2528,"href":"https:\/\/speedybaits.sk\/en\/wp-json\/wp\/v2\/product\/1506\/revisions\/2528"}],"wp:featuredmedia":[{"embeddable":true,"href":"https:\/\/speedybaits.sk\/en\/wp-json\/wp\/v2\/media\/1503"}],"wp:attachment":[{"href":"https:\/\/speedybaits.sk\/en\/wp-json\/wp\/v2\/media?parent=1506"}],"wp:term":[{"taxonomy":"product_brand","embeddable":true,"href":"https:\/\/speedybaits.sk\/en\/wp-json\/wp\/v2\/product_brand?post=1506"},{"taxonomy":"product_cat","embeddable":true,"href":"https:\/\/speedybaits.sk\/en\/wp-json\/wp\/v2\/product_cat?post=1506"},{"taxonomy":"product_tag","embeddable":true,"href":"https:\/\/speedybaits.sk\/en\/wp-json\/wp\/v2\/product_tag?post=1506"}],"curies":[{"name":"wp","href":"https:\/\/api.w.org\/{rel}","templated":true}]}}