{"id":1356,"date":"2025-06-15T16:46:49","date_gmt":"2025-06-15T16:46:49","guid":{"rendered":"https:\/\/speedybaits.sk\/?post_type=product&#038;p=1356"},"modified":"2025-11-15T18:53:07","modified_gmt":"2025-11-15T18:53:07","slug":"pop-up-boilies-scopex-cokolada","status":"publish","type":"product","link":"https:\/\/speedybaits.sk\/en\/product\/pop-up-boilies-scopex-cokolada\/","title":{"rendered":"Pop up boilies SCOPEX &amp; \u010cOKOL\u00c1DA"},"content":{"rendered":"<p>Scopex &amp; Biela \u010dokol\u00e1da \u2013 Neodolate\u013en\u00e1 kombin\u00e1cia sladk\u00e9ho Scopexu a jemnej bielej \u010dokol\u00e1dy. T\u00e1to kr\u00e9mov\u00e1 v\u00f4\u0148a dokonale funguje v ka\u017edom ro\u010dnom obdob\u00ed a l\u00e1ka aj opatrn\u00e9 ryby. Vhodn\u00e1 do \u010distej aj kalnej vody, skvel\u00e1 na dlhodob\u00e9 k\u0155menie aj r\u00fdchly lov.<\/p>\n<p>Ka\u017ed\u00e9 balenie obsahuje aj boostovac\u00ed sprej s rovnakou esenciou pre extra zv\u00fdraznenie!<\/p>","protected":false},"excerpt":{"rendered":"<p>Scopex &amp; Biela \u010dokol\u00e1da \u2013 Neodolate\u013en\u00e1 kombin\u00e1cia sladk\u00e9ho Scopexu a jemnej bielej \u010dokol\u00e1dy. T\u00e1to kr\u00e9mov\u00e1 v\u00f4\u0148a dokonale funguje v ka\u017edom ro\u010dnom obdob\u00ed a l\u00e1ka aj opatrn\u00e9 ryby. Vhodn\u00e1 do \u010distej aj kalnej vody, skvel\u00e1 na dlhodob\u00e9 k\u0155menie aj r\u00fdchly lov.<\/p>\n<p>Ka\u017ed\u00e9 balenie obsahuje aj boostovac\u00ed sprej s rovnakou esenciou pre extra zv\u00fdraznenie!<\/p>","protected":false},"featured_media":1354,"template":"","meta":{"advanced_seo_description":"","jetpack_seo_html_title":"","jetpack_seo_noindex":false},"product_brand":[],"product_cat":[58],"product_tag":[],"class_list":{"0":"post-1356","1":"product","2":"type-product","3":"status-publish","4":"has-post-thumbnail","6":"product_cat-pop-up","7":"pa_priemer-14mm","9":"first","10":"instock","11":"taxable","12":"shipping-taxable","13":"purchasable","14":"product-type-variable"},"jetpack_sharing_enabled":true,"_links":{"self":[{"href":"https:\/\/speedybaits.sk\/en\/wp-json\/wp\/v2\/product\/1356","targetHints":{"allow":["GET"]}}],"collection":[{"href":"https:\/\/speedybaits.sk\/en\/wp-json\/wp\/v2\/product"}],"about":[{"href":"https:\/\/speedybaits.sk\/en\/wp-json\/wp\/v2\/types\/product"}],"version-history":[{"count":1,"href":"https:\/\/speedybaits.sk\/en\/wp-json\/wp\/v2\/product\/1356\/revisions"}],"predecessor-version":[{"id":2482,"href":"https:\/\/speedybaits.sk\/en\/wp-json\/wp\/v2\/product\/1356\/revisions\/2482"}],"wp:featuredmedia":[{"embeddable":true,"href":"https:\/\/speedybaits.sk\/en\/wp-json\/wp\/v2\/media\/1354"}],"wp:attachment":[{"href":"https:\/\/speedybaits.sk\/en\/wp-json\/wp\/v2\/media?parent=1356"}],"wp:term":[{"taxonomy":"product_brand","embeddable":true,"href":"https:\/\/speedybaits.sk\/en\/wp-json\/wp\/v2\/product_brand?post=1356"},{"taxonomy":"product_cat","embeddable":true,"href":"https:\/\/speedybaits.sk\/en\/wp-json\/wp\/v2\/product_cat?post=1356"},{"taxonomy":"product_tag","embeddable":true,"href":"https:\/\/speedybaits.sk\/en\/wp-json\/wp\/v2\/product_tag?post=1356"}],"curies":[{"name":"wp","href":"https:\/\/api.w.org\/{rel}","templated":true}]}}