{"id":1239,"date":"2025-06-15T11:37:17","date_gmt":"2025-06-15T11:37:17","guid":{"rendered":"https:\/\/speedybaits.sk\/?product=obalovacia-pasta-glm-pecen-250g"},"modified":"2025-09-01T11:15:23","modified_gmt":"2025-09-01T11:15:23","slug":"obalovacia-pasta-glm-pecen-250g","status":"publish","type":"product","link":"https:\/\/speedybaits.sk\/en\/product\/obalovacia-pasta-glm-pecen-250g\/","title":{"rendered":"GLM LIVER Wrapping Paste 250g"},"content":{"rendered":"<div class=\"p-short-description\" data-testid=\"productCardShortDescr\">\n<p style=\"margin: 0px 0px 19px;\">GLM Pe\u010de\u0148 \u2013 Exkluz\u00edvna kombin\u00e1cia extraktu zo sl\u00e1vky zeleno\u00fastej (GLM) a koncentrovanej pe\u010dene. Mimoriadne \u00fa\u010dinn\u00e1 pri love ve\u013ek\u00fdch kaprov, p\u00f4sob\u00ed prirodzene a dlhodobo uvo\u013e\u0148uje pachov\u00e9 stopy.<\/p>\n<\/div>","protected":false},"excerpt":{"rendered":"<div class=\"p-short-description\" data-testid=\"productCardShortDescr\">\n<p style=\"margin: 0px 0px 19px;\">GLM Pe\u010de\u0148 \u2013 Exkluz\u00edvna kombin\u00e1cia extraktu zo sl\u00e1vky zeleno\u00fastej (GLM) a koncentrovanej pe\u010dene. Mimoriadne \u00fa\u010dinn\u00e1 pri love ve\u013ek\u00fdch kaprov, p\u00f4sob\u00ed prirodzene a dlhodobo uvo\u013e\u0148uje pachov\u00e9 stopy.<\/p>\n<\/div>","protected":false},"featured_media":1237,"template":"","meta":{"advanced_seo_description":"","jetpack_seo_html_title":"","jetpack_seo_noindex":false},"product_brand":[],"product_cat":[53],"product_tag":[],"class_list":{"0":"post-1239","1":"product","2":"type-product","3":"status-publish","4":"has-post-thumbnail","6":"product_cat-obalovacie-pasty","8":"first","9":"instock","10":"taxable","11":"shipping-taxable","12":"purchasable","13":"product-type-simple"},"jetpack_sharing_enabled":true,"_links":{"self":[{"href":"https:\/\/speedybaits.sk\/en\/wp-json\/wp\/v2\/product\/1239","targetHints":{"allow":["GET"]}}],"collection":[{"href":"https:\/\/speedybaits.sk\/en\/wp-json\/wp\/v2\/product"}],"about":[{"href":"https:\/\/speedybaits.sk\/en\/wp-json\/wp\/v2\/types\/product"}],"version-history":[{"count":1,"href":"https:\/\/speedybaits.sk\/en\/wp-json\/wp\/v2\/product\/1239\/revisions"}],"predecessor-version":[{"id":2485,"href":"https:\/\/speedybaits.sk\/en\/wp-json\/wp\/v2\/product\/1239\/revisions\/2485"}],"wp:featuredmedia":[{"embeddable":true,"href":"https:\/\/speedybaits.sk\/en\/wp-json\/wp\/v2\/media\/1237"}],"wp:attachment":[{"href":"https:\/\/speedybaits.sk\/en\/wp-json\/wp\/v2\/media?parent=1239"}],"wp:term":[{"taxonomy":"product_brand","embeddable":true,"href":"https:\/\/speedybaits.sk\/en\/wp-json\/wp\/v2\/product_brand?post=1239"},{"taxonomy":"product_cat","embeddable":true,"href":"https:\/\/speedybaits.sk\/en\/wp-json\/wp\/v2\/product_cat?post=1239"},{"taxonomy":"product_tag","embeddable":true,"href":"https:\/\/speedybaits.sk\/en\/wp-json\/wp\/v2\/product_tag?post=1239"}],"curies":[{"name":"wp","href":"https:\/\/api.w.org\/{rel}","templated":true}]}}