{"id":1225,"date":"2025-06-15T11:18:34","date_gmt":"2025-06-15T11:18:34","guid":{"rendered":"https:\/\/speedybaits.sk\/?product=obalovacia-pasta-korenista-pecen-250g"},"modified":"2025-08-23T21:15:06","modified_gmt":"2025-08-23T21:15:06","slug":"obalovacia-pasta-korenista-pecen-250g","status":"publish","type":"product","link":"https:\/\/speedybaits.sk\/en\/product\/obalovacia-pasta-korenista-pecen-250g\/","title":{"rendered":"Oba\u013eovacia pasta KORENIST\u00c1 PE\u010cE\u0147  250g"},"content":{"rendered":"<div class=\"p-short-description\" data-testid=\"productCardShortDescr\">\n<p style=\"margin: 0px 0px 19px\">Korenist\u00e1 Pe\u010de\u0148 \u2013 Siln\u00e1 pe\u010de\u0148ov\u00e1 ar\u00f3ma doplnen\u00e1 o zmes korenia zvy\u0161uje atraktivitu pasty. V\u00fdborn\u00e1 vo studenej vode a na prechytan\u00e9 rev\u00edry, kde ryby reaguj\u00fa na prirodzen\u00e9 a korenist\u00e9 chute.<\/p>\n<\/div>","protected":false},"excerpt":{"rendered":"<div class=\"p-short-description\" data-testid=\"productCardShortDescr\">\n<p style=\"margin: 0px 0px 19px\">Korenist\u00e1 Pe\u010de\u0148 \u2013 Siln\u00e1 pe\u010de\u0148ov\u00e1 ar\u00f3ma doplnen\u00e1 o zmes korenia zvy\u0161uje atraktivitu pasty. V\u00fdborn\u00e1 vo studenej vode a na prechytan\u00e9 rev\u00edry, kde ryby reaguj\u00fa na prirodzen\u00e9 a korenist\u00e9 chute.<\/p>\n<\/div>","protected":false},"featured_media":1224,"template":"","meta":{"advanced_seo_description":"","jetpack_seo_html_title":"","jetpack_seo_noindex":false},"product_brand":[],"product_cat":[53],"product_tag":[],"class_list":{"0":"post-1225","1":"product","2":"type-product","3":"status-publish","4":"has-post-thumbnail","6":"product_cat-obalovacie-pasty","8":"first","9":"instock","10":"taxable","11":"shipping-taxable","12":"purchasable","13":"product-type-simple"},"jetpack_sharing_enabled":true,"_links":{"self":[{"href":"https:\/\/speedybaits.sk\/en\/wp-json\/wp\/v2\/product\/1225","targetHints":{"allow":["GET"]}}],"collection":[{"href":"https:\/\/speedybaits.sk\/en\/wp-json\/wp\/v2\/product"}],"about":[{"href":"https:\/\/speedybaits.sk\/en\/wp-json\/wp\/v2\/types\/product"}],"version-history":[{"count":1,"href":"https:\/\/speedybaits.sk\/en\/wp-json\/wp\/v2\/product\/1225\/revisions"}],"predecessor-version":[{"id":2533,"href":"https:\/\/speedybaits.sk\/en\/wp-json\/wp\/v2\/product\/1225\/revisions\/2533"}],"wp:featuredmedia":[{"embeddable":true,"href":"https:\/\/speedybaits.sk\/en\/wp-json\/wp\/v2\/media\/1224"}],"wp:attachment":[{"href":"https:\/\/speedybaits.sk\/en\/wp-json\/wp\/v2\/media?parent=1225"}],"wp:term":[{"taxonomy":"product_brand","embeddable":true,"href":"https:\/\/speedybaits.sk\/en\/wp-json\/wp\/v2\/product_brand?post=1225"},{"taxonomy":"product_cat","embeddable":true,"href":"https:\/\/speedybaits.sk\/en\/wp-json\/wp\/v2\/product_cat?post=1225"},{"taxonomy":"product_tag","embeddable":true,"href":"https:\/\/speedybaits.sk\/en\/wp-json\/wp\/v2\/product_tag?post=1225"}],"curies":[{"name":"wp","href":"https:\/\/api.w.org\/{rel}","templated":true}]}}