{"id":1222,"date":"2025-06-15T11:15:52","date_gmt":"2025-06-15T11:15:52","guid":{"rendered":"https:\/\/speedybaits.sk\/?product=obalovacia-pasta-hawai-chilli"},"modified":"2025-11-05T10:26:57","modified_gmt":"2025-11-05T10:26:57","slug":"obalovacia-pasta-hawai-chilli","status":"publish","type":"product","link":"https:\/\/speedybaits.sk\/en\/product\/obalovacia-pasta-hawai-chilli\/","title":{"rendered":"Oba\u013eovacia pasta HAWAI CHILLI"},"content":{"rendered":"<p>Hawai Chilli \u2013 Unik\u00e1tna kombin\u00e1cia exotick\u00e9ho ovocia a p\u00e1liv\u00e9ho chilli. Vytv\u00e1ra siln\u00fd dr\u00e1\u017ediv\u00fd efekt, ktor\u00fd stimuluje chu\u0165 k prij\u00edmaniu potravy aj u opatrn\u00fdch r\u00fdb. V\u00fdborn\u00e1 na r\u00fdchle chytanie.<\/p>","protected":false},"excerpt":{"rendered":"<p>Hawai Chilli \u2013 Unik\u00e1tna kombin\u00e1cia exotick\u00e9ho ovocia a p\u00e1liv\u00e9ho chilli. Vytv\u00e1ra siln\u00fd dr\u00e1\u017ediv\u00fd efekt, ktor\u00fd stimuluje chu\u0165 k prij\u00edmaniu potravy aj u opatrn\u00fdch r\u00fdb. V\u00fdborn\u00e1 na r\u00fdchle chytanie.<\/p>","protected":false},"featured_media":1220,"template":"","meta":{"advanced_seo_description":"","jetpack_seo_html_title":"","jetpack_seo_noindex":false},"product_brand":[],"product_cat":[53],"product_tag":[],"class_list":{"0":"post-1222","1":"product","2":"type-product","3":"status-publish","4":"has-post-thumbnail","6":"product_cat-obalovacie-pasty","8":"first","9":"instock","10":"taxable","11":"shipping-taxable","12":"purchasable","13":"product-type-simple"},"jetpack_sharing_enabled":true,"_links":{"self":[{"href":"https:\/\/speedybaits.sk\/en\/wp-json\/wp\/v2\/product\/1222","targetHints":{"allow":["GET"]}}],"collection":[{"href":"https:\/\/speedybaits.sk\/en\/wp-json\/wp\/v2\/product"}],"about":[{"href":"https:\/\/speedybaits.sk\/en\/wp-json\/wp\/v2\/types\/product"}],"version-history":[{"count":1,"href":"https:\/\/speedybaits.sk\/en\/wp-json\/wp\/v2\/product\/1222\/revisions"}],"predecessor-version":[{"id":2489,"href":"https:\/\/speedybaits.sk\/en\/wp-json\/wp\/v2\/product\/1222\/revisions\/2489"}],"wp:featuredmedia":[{"embeddable":true,"href":"https:\/\/speedybaits.sk\/en\/wp-json\/wp\/v2\/media\/1220"}],"wp:attachment":[{"href":"https:\/\/speedybaits.sk\/en\/wp-json\/wp\/v2\/media?parent=1222"}],"wp:term":[{"taxonomy":"product_brand","embeddable":true,"href":"https:\/\/speedybaits.sk\/en\/wp-json\/wp\/v2\/product_brand?post=1222"},{"taxonomy":"product_cat","embeddable":true,"href":"https:\/\/speedybaits.sk\/en\/wp-json\/wp\/v2\/product_cat?post=1222"},{"taxonomy":"product_tag","embeddable":true,"href":"https:\/\/speedybaits.sk\/en\/wp-json\/wp\/v2\/product_tag?post=1222"}],"curies":[{"name":"wp","href":"https:\/\/api.w.org\/{rel}","templated":true}]}}