{"id":1124,"date":"2025-06-15T06:07:49","date_gmt":"2025-06-15T06:07:49","guid":{"rendered":"https:\/\/speedybaits.sk\/?product=km-bolonska-omacka-s-fusilli"},"modified":"2025-08-23T21:16:23","modified_gmt":"2025-08-23T21:16:23","slug":"km-bolonska-omacka-s-fusilli","status":"publish","type":"product","link":"https:\/\/speedybaits.sk\/en\/product\/km-bolonska-omacka-s-fusilli\/","title":{"rendered":"KM Bolonsk\u00e1 om\u00e1\u010dka s fusilli,1 porcia (500g)"},"content":{"rendered":"<p><span style=\"font-family: Verdana, sans-serif; font-size: 15px; font-style: normal; font-weight: 400; letter-spacing: normal; text-align: center; text-indent: 0px; text-transform: none; text-decoration: none; float: none;\">Tradi\u010dn\u00e1 talianska om\u00e1\u010dka z mlet\u00e9ho hov\u00e4dzieho, \u0161\u0165avnat\u00fdch raj\u010diniek, kore\u0148ovej zeleniny a byliniek s v\u00f4\u0148ou Stredozemia. Pr\u00edlohou s\u00fa cestovinov\u00e9 vreten\u00e1 z\u00a0ry\u017eovej m\u00faky.<\/span><\/p>\n<div class=\"shp-tabs-wrapper p-detail-tabs-wrapper\" style=\"border-top-style: none; border-top-width: 0px; clear: both; margin: 20px auto 0px; padding-top: 19px; position: relative; width: 360px; font-family: Verdana, sans-serif; font-size: 14px; font-style: normal; font-weight: 400; letter-spacing: normal; text-align: start; text-indent: 0px; text-transform: none; text-decoration: none;\">\n<div class=\"row\" style=\"margin-left: -20px; margin-right: -20px;\">\n<div class=\"col-sm-12 \" style=\"min-height: 1px; padding-left: 20px; padding-right: 20px; position: relative;\">\n<div id=\"tab-content\" class=\"tab-content\" style=\"padding-left: 20px; padding-right: 20px; max-width: 710px; margin: 0px auto;\">\n<div id=\"tab-preparation\" class=\"tab-pane fade active in\" style=\"opacity: 1;\">\n<div style=\"line-height: 40px; font-size: 20px;\">\n<p style=\"margin: 0px 0px 10px; line-height: 40px; font-size: 20px; text-align: center;\"><strong style=\"font-weight: bold; line-height: 40px; font-size: 20px;\">Zohrieva\u0165 m\u00f4\u017eete nieko\u013ek\u00fdmi sp\u00f4sobmi:<\/strong><br \/>\n1. Vlo\u017ete uzatvoren\u00e9 vrec\u00fa\u0161ko<span class=\"Apple-converted-space\">\u00a0<\/span><strong style=\"font-weight: bold; line-height: 40px; font-size: 20px;\">do hrnca s hor\u00facou vodou<\/strong>(alebo do r\u00fdchlovarnej kanvice), nechajte cca 10 min prehria\u0165 a po otvoren\u00ed<br \/>\nserv\u00edrujte priamo na tanier.<\/p>\n<p style=\"margin: 0px 0px 10px; line-height: 40px; font-size: 20px; text-align: center;\"><img data-recalc-dims=\"1\" decoding=\"async\" style=\"border: 0px; vertical-align: middle; height: auto; max-width: 100%; line-height: 40px; font-size: 20px;\" src=\"https:\/\/i0.wp.com\/cdn.myshoptet.com\/usr\/www.expresmenu.sk\/user\/documents\/upload\/priprava1.png?ssl=1\" \/><\/p>\n<p style=\"margin: 0px 0px 10px; line-height: 40px; font-size: 20px; text-align: center;\">2. Vrec\u00fa\u0161ko vypr\u00e1zdnite<span class=\"Apple-converted-space\">\u00a0<\/span><strong style=\"font-weight: bold; line-height: 40px; font-size: 20px;\">priamo do hrnca<\/strong><span class=\"Apple-converted-space\">\u00a0<\/span>(alebo na panvi\u010dku) a zohrievajte cca 5 min.<\/p>\n<p style=\"margin: 0px 0px 10px; line-height: 40px; font-size: 20px; text-align: center;\"><img data-recalc-dims=\"1\" decoding=\"async\" style=\"border: 0px; vertical-align: middle; height: auto; max-width: 100%; line-height: 40px; font-size: 20px;\" src=\"https:\/\/i0.wp.com\/cdn.myshoptet.com\/usr\/www.expresmenu.sk\/user\/documents\/upload\/priprava2.png?ssl=1\" \/><\/p>\n<p style=\"margin: 0px 0px 10px; line-height: 40px; font-size: 20px; text-align: center;\">3. Prelo\u017ete jedlo z vrec\u00fa\u0161ka do vhodnej n\u00e1doby a zohrievajte cca 3 min v<span class=\"Apple-converted-space\">\u00a0<\/span><strong style=\"font-weight: bold; line-height: 40px; font-size: 20px;\">mikrovlnnej tr\u00fabe<\/strong>.<\/p>\n<p style=\"margin: 0px 0px 10px; line-height: 40px; font-size: 20px; text-align: center;\"><img data-recalc-dims=\"1\" decoding=\"async\" style=\"border: 0px; vertical-align: middle; height: auto; max-width: 100%; line-height: 40px; font-size: 20px;\" src=\"https:\/\/i0.wp.com\/cdn.myshoptet.com\/usr\/www.expresmenu.sk\/user\/documents\/upload\/priprava3.png?ssl=1\" \/><\/p>\n<div id=\"vtPopupMenu\" style=\"line-height: 40px; font-size: 20px;\"><\/div>\n<\/div>\n<\/div>\n<\/div>\n<\/div>\n<\/div>\n<\/div>\n<div class=\"mjs-detail-anchors-wrap container\" style=\"margin: 0px auto 60px; padding-left: 20px; padding-right: 20px; flex-flow: wrap; justify-content: center; align-items: center; width: 360px; font-family: Verdana, sans-serif; font-size: 14px; font-style: normal; font-weight: 400; letter-spacing: normal; text-align: start; text-indent: 0px; text-transform: none; text-decoration: none;\">\n<div class=\"mjs-detail-anchors-item\" style=\"flex-basis: 20%; margin-top: 0px; padding: 0px 5px;\"><a style=\"background-color: transparent; color: var(--color-primary); text-decoration: none;\" href=\"https:\/\/www.expresmenu.sk\/km-bolonska-omacka-s-fusilli\/#block-without-additives\" data-target=\"block-without-additives\"><img decoding=\"async\" style=\"border: 0px; vertical-align: middle; height: 100px; max-width: 100%;\" src=\"https:\/\/www.expresmenu.sk\/user\/documents\/assets\/img\/detail\/sk\/icons\/without-additives.svg\" \/><\/a><\/div>\n<div class=\"mjs-detail-anchors-item\" style=\"flex-basis: 20%; margin-top: 0px; padding: 0px 5px;\"><a style=\"background-color: transparent; color: var(--color-primary); text-decoration: none;\" href=\"https:\/\/www.expresmenu.sk\/km-bolonska-omacka-s-fusilli\/#block-heating\" data-target=\"block-heating\"><img decoding=\"async\" style=\"border: 0px; vertical-align: middle; height: 100px; max-width: 100%;\" src=\"https:\/\/www.expresmenu.sk\/user\/documents\/assets\/img\/detail\/sk\/icons\/heating.svg\" \/><\/a><\/div>\n<div class=\"mjs-detail-anchors-item\" style=\"flex-basis: 20%; margin-top: 0px; padding: 0px 5px;\"><img decoding=\"async\" style=\"border: 0px; vertical-align: middle; height: 100px; max-width: 100%;\" src=\"https:\/\/www.expresmenu.sk\/user\/documents\/assets\/img\/detail\/sk\/icons\/lion.svg\" \/><\/div>\n<div class=\"mjs-detail-anchors-item\" style=\"flex-basis: 20%; margin-top: 0px; padding: 0px 5px;\"><a style=\"background-color: transparent; color: var(--color-primary); text-decoration: none;\" href=\"https:\/\/www.expresmenu.sk\/km-bolonska-omacka-s-fusilli\/#block-storage\" data-target=\"block-storage\"><img decoding=\"async\" style=\"border: 0px; vertical-align: middle; height: 100px; max-width: 100%;\" src=\"https:\/\/www.expresmenu.sk\/user\/documents\/assets\/img\/detail\/sk\/icons\/storage.svg\" \/><\/a><\/div>\n<div class=\"mjs-detail-anchors-item\" style=\"flex-basis: 20%; margin-top: 0px; padding: 0px 5px;\"><a style=\"background-color: transparent; color: var(--color-primary); text-decoration: none;\" href=\"https:\/\/www.expresmenu.sk\/km-bolonska-omacka-s-fusilli\/#block-gluten-free\" data-target=\"block-gluten-free\"><img decoding=\"async\" style=\"border: 0px; vertical-align: middle; height: 100px; max-width: 100%;\" src=\"https:\/\/www.expresmenu.sk\/user\/documents\/assets\/img\/detail\/sk\/icons\/gluten-free.svg\" \/><\/a><\/div>\n<div class=\"mjs-detail-anchors-item\" style=\"flex-basis: 20%; margin-top: 0px; padding: 0px 5px;\"><a style=\"background-color: transparent; color: var(--color-primary); text-decoration: none;\" href=\"https:\/\/www.expresmenu.sk\/km-bolonska-omacka-s-fusilli\/#block-quality\" data-target=\"block-quality\"><img decoding=\"async\" style=\"border: 0px; vertical-align: middle; height: 100px; max-width: 100%;\" src=\"https:\/\/www.expresmenu.sk\/user\/documents\/assets\/img\/detail\/sk\/icons\/quality.svg\" \/><\/a><\/div>\n<div class=\"mjs-detail-anchors-item\" style=\"flex-basis: 20%; margin-top: 0px; padding: 0px 5px;\"><a style=\"background-color: transparent; color: var(--color-primary); text-decoration: none;\" href=\"https:\/\/www.expresmenu.sk\/km-bolonska-omacka-s-fusilli\/#block-production\" data-target=\"block-production\"><img decoding=\"async\" style=\"border: 0px; vertical-align: middle; height: 100px; max-width: 100%;\" src=\"https:\/\/www.expresmenu.sk\/user\/documents\/assets\/img\/detail\/sk\/icons\/production.svg\" \/><\/a><\/div>\n<div class=\"mjs-detail-anchors-item\" style=\"flex-basis: 20%; margin-top: 0px; padding: 0px 5px;\"><a style=\"background-color: transparent; color: var(--color-primary); text-decoration: none;\" href=\"https:\/\/www.expresmenu.sk\/km-bolonska-omacka-s-fusilli\/#block-balance\" data-target=\"block-balance\"><img decoding=\"async\" style=\"border: 0px; vertical-align: middle; height: 100px; max-width: 100%;\" src=\"https:\/\/www.expresmenu.sk\/user\/documents\/assets\/img\/detail\/sk\/icons\/balance.svg\" \/><\/a><\/div>\n<\/div>\n<p><a style=\"background-color: transparent; color: var(--color-primary); text-decoration: none;\" href=\"https:\/\/www.expresmenu.sk\/km-bolonska-omacka-s-fusilli\/#block-salt-content\" data-target=\"block-salt-content\"><img decoding=\"async\" style=\"border: 0px; vertical-align: middle; height: 100px; max-width: 100%;\" src=\"https:\/\/www.expresmenu.sk\/user\/documents\/assets\/img\/detail\/sk\/icons\/salt-content.svg\" \/><\/a><\/p>\n<p>Zlo\u017eenie:<\/p>\n<p style=\"margin: 0px 0px 10px; line-height: 2em; text-align: center; font-family: Verdana, sans-serif; font-size: 15px; font-style: normal; font-weight: 400; letter-spacing: normal; text-indent: 0px; text-transform: none; text-decoration: none;\"><span style=\"line-height: 2em; text-align: center;\">ry\u017eov\u00e9 cestoviny (40 %) (ry\u017eov\u00e1 m\u00faka, tapiokov\u00fd \u0161krob, so\u013e, kurkuma), hov\u00e4dzie m\u00e4so predn\u00e9 (24 %), raj\u010diny sterilizovan\u00e9 (20 %) [raj\u010diny (60 %), raj\u010dinov\u00e1 \u0161\u0165ava, jedl\u00e1 so\u013e, regul\u00e1tor kyslosti: kyselina citr\u00f3nov\u00e1], raj\u010dinov\u00fd pretlak (voda, raj\u010dinov\u00fd pretlak, so\u013e), kore\u0148ov\u00e1 zelenina (mrkva,<\/span><span style=\"line-height: 2em; text-align: center;\"><span class=\"Apple-converted-space\">\u00a0<\/span><\/span><strong style=\"font-weight: bold; line-height: 2em; text-align: center;\">zeler<\/strong><span style=\"line-height: 2em; text-align: center;\">, pa\u0161trn\u00e1k, petr\u017elen), cibu\u013ea, repkov\u00fd olej, so\u013e kamenn\u00e1, cukor repn\u00fd, cesnak, oreg\u00e1no, rasca, \u010dierne korenie.<\/span><\/p>\n<p style=\"margin: 0px 0px 10px; line-height: 2em; text-align: center; font-family: Verdana, sans-serif; font-size: 15px; font-style: normal; font-weight: 400; letter-spacing: normal; text-indent: 0px; text-transform: none; text-decoration: none;\">P\u0159\u00edlohu pred pod\u00e1van\u00edm vo vrec\u00fa\u0161ku prema\u010dkajte<\/p>\n","protected":false},"excerpt":{"rendered":"<p><span style=\"font-family: Verdana, sans-serif; font-size: 15px; font-style: normal; font-weight: 400; letter-spacing: normal; text-align: center; text-indent: 0px; text-transform: none; text-decoration: none; float: none;\">Tradi\u010dn\u00e1 talianska om\u00e1\u010dka z mlet\u00e9ho hov\u00e4dzieho, \u0161\u0165avnat\u00fdch raj\u010diniek, kore\u0148ovej zeleniny a byliniek s v\u00f4\u0148ou Stredozemia. Pr\u00edlohou s\u00fa cestovinov\u00e9 vreten\u00e1 z\u00a0ry\u017eovej m\u00faky.<\/span><\/p>\n<p>Zlo\u017eenie<span style=\"font-family: Verdana, sans-serif; font-size: 15px; font-style: normal; font-weight: 400; letter-spacing: normal; text-align: center; text-indent: 0px; text-transform: none; text-decoration: none; float: none;\">:<\/span><span style=\"line-height: 2em; text-align: center;\">ry\u017eov\u00e9 cestoviny (40 %) (ry\u017eov\u00e1 m\u00faka, tapiokov\u00fd \u0161krob, so\u013e, kurkuma), hov\u00e4dzie m\u00e4so predn\u00e9 (24 %), raj\u010diny sterilizovan\u00e9 (20 %) [raj\u010diny (60 %), raj\u010dinov\u00e1 \u0161\u0165ava, jedl\u00e1 so\u013e, regul\u00e1tor kyslosti: kyselina citr\u00f3nov\u00e1], raj\u010dinov\u00fd pretlak (voda, raj\u010dinov\u00fd pretlak, so\u013e), kore\u0148ov\u00e1 zelenina (mrkva,<\/span><span style=\"line-height: 2em; text-align: center;\"><span class=\"Apple-converted-space\">\u00a0<\/span><\/span><strong style=\"font-weight: bold; line-height: 2em; text-align: center;\">zeler<\/strong><span style=\"line-height: 2em; text-align: center;\">, pa\u0161trn\u00e1k, petr\u017elen), cibu\u013ea, repkov\u00fd olej, so\u013e kamenn\u00e1, cukor repn\u00fd, cesnak, oreg\u00e1no, rasca, \u010dierne korenie.<\/span><\/p>\n<p style=\"margin: 0px 0px 10px; line-height: 2em; text-align: center; font-family: Verdana, sans-serif; font-size: 15px; font-style: normal; font-weight: 400; letter-spacing: normal; text-indent: 0px; text-transform: none; text-decoration: none;\">P\u0159\u00edlohu pred pod\u00e1van\u00edm vo vrec\u00fa\u0161ku prema\u010dkajte<\/p>\n<div class=\"shp-tabs-wrapper p-detail-tabs-wrapper\" style=\"border-top-style: none; border-top-width: 0px; clear: both; margin: 20px auto 0px; padding-top: 19px; position: relative; width: 360px; font-family: Verdana, sans-serif; font-size: 14px; font-style: normal; font-weight: 400; letter-spacing: normal; text-align: start; text-indent: 0px; text-transform: none; text-decoration: none;\">\n<div class=\"row\" style=\"margin-left: -20px; margin-right: -20px;\">\n<div class=\"col-sm-12 \" style=\"min-height: 1px; padding-left: 20px; padding-right: 20px; position: relative;\">\n<div id=\"tab-content\" class=\"tab-content\" style=\"padding-left: 20px; padding-right: 20px; max-width: 710px; margin: 0px auto;\">\n<div id=\"tab-preparation\" class=\"tab-pane fade active in\" style=\"opacity: 1;\">\n<div style=\"line-height: 40px; font-size: 20px;\">\n<p style=\"margin: 0px 0px 10px; line-height: 40px; font-size: 20px; text-align: center;\"><strong style=\"font-weight: bold; line-height: 40px; font-size: 20px;\">Zohrieva\u0165 m\u00f4\u017eete nieko\u013ek\u00fdmi sp\u00f4sobmi:<\/strong><br \/>\n1. Vlo\u017ete uzatvoren\u00e9 vrec\u00fa\u0161ko<span class=\"Apple-converted-space\">\u00a0<\/span><strong style=\"font-weight: bold; line-height: 40px; font-size: 20px;\">do hrnca s hor\u00facou vodou<\/strong>(alebo do r\u00fdchlovarnej kanvice), nechajte cca 10 min prehria\u0165 a po otvoren\u00ed<br \/>\nserv\u00edrujte priamo na tanier.<\/p>\n<p style=\"margin: 0px 0px 10px; line-height: 40px; font-size: 20px; text-align: center;\"><img decoding=\"async\" style=\"border: 0px; vertical-align: middle; height: auto; max-width: 100%; line-height: 40px; font-size: 20px;\" src=\"https:\/\/cdn.myshoptet.com\/usr\/www.expresmenu.sk\/user\/documents\/upload\/priprava1.png?1713970806\" \/><\/p>\n<p style=\"margin: 0px 0px 10px; line-height: 40px; font-size: 20px; text-align: center;\">2. Vrec\u00fa\u0161ko vypr\u00e1zdnite<span class=\"Apple-converted-space\">\u00a0<\/span><strong style=\"font-weight: bold; line-height: 40px; font-size: 20px;\">priamo do hrnca<\/strong><span class=\"Apple-converted-space\">\u00a0<\/span>(alebo na panvi\u010dku) a zohrievajte cca 5 min.<\/p>\n<p style=\"margin: 0px 0px 10px; line-height: 40px; font-size: 20px; text-align: center;\"><img decoding=\"async\" style=\"border: 0px; vertical-align: middle; height: auto; max-width: 100%; line-height: 40px; font-size: 20px;\" src=\"https:\/\/cdn.myshoptet.com\/usr\/www.expresmenu.sk\/user\/documents\/upload\/priprava2.png?1713970813\" \/><\/p>\n<p style=\"margin: 0px 0px 10px; line-height: 40px; font-size: 20px; text-align: center;\">3. Prelo\u017ete jedlo z vrec\u00fa\u0161ka do vhodnej n\u00e1doby a zohrievajte cca 3 min v<span class=\"Apple-converted-space\">\u00a0<\/span><strong style=\"font-weight: bold; line-height: 40px; font-size: 20px;\">mikrovlnnej tr\u00fabe<\/strong>.<\/p>\n<p style=\"margin: 0px 0px 10px; line-height: 40px; font-size: 20px; text-align: center;\"><img decoding=\"async\" style=\"border: 0px; vertical-align: middle; height: auto; max-width: 100%; line-height: 40px; font-size: 20px;\" src=\"https:\/\/cdn.myshoptet.com\/usr\/www.expresmenu.sk\/user\/documents\/upload\/priprava3.png?1713970813\" \/><\/p>\n<div id=\"vtPopupMenu\" style=\"line-height: 40px; font-size: 20px;\"><\/div>\n<\/div>\n<\/div>\n<\/div>\n<\/div>\n<\/div>\n<\/div>\n<div class=\"mjs-detail-anchors-wrap container\" style=\"margin: 0px auto 60px; padding-left: 20px; padding-right: 20px; flex-flow: wrap; justify-content: center; align-items: center; width: 360px; font-family: Verdana, sans-serif; font-size: 14px; font-style: normal; font-weight: 400; letter-spacing: normal; text-align: start; text-indent: 0px; text-transform: none; text-decoration: none;\">\n<div class=\"mjs-detail-anchors-item\" style=\"flex-basis: 20%; margin-top: 0px; padding: 0px 5px;\"><a style=\"background-color: transparent; color: var(--color-primary); text-decoration: none;\" href=\"https:\/\/www.expresmenu.sk\/km-bolonska-omacka-s-fusilli\/#block-without-additives\" data-target=\"block-without-additives\"><img decoding=\"async\" style=\"border: 0px; vertical-align: middle; height: 100px; max-width: 100%;\" src=\"https:\/\/www.expresmenu.sk\/user\/documents\/assets\/img\/detail\/sk\/icons\/without-additives.svg\" \/><\/a><\/div>\n<div class=\"mjs-detail-anchors-item\" style=\"flex-basis: 20%; margin-top: 0px; padding: 0px 5px;\"><a style=\"background-color: transparent; color: var(--color-primary); text-decoration: none;\" href=\"https:\/\/www.expresmenu.sk\/km-bolonska-omacka-s-fusilli\/#block-heating\" data-target=\"block-heating\"><img decoding=\"async\" style=\"border: 0px; vertical-align: middle; height: 100px; max-width: 100%;\" src=\"https:\/\/www.expresmenu.sk\/user\/documents\/assets\/img\/detail\/sk\/icons\/heating.svg\" \/><\/a><\/div>\n<div class=\"mjs-detail-anchors-item\" style=\"flex-basis: 20%; margin-top: 0px; padding: 0px 5px;\"><img decoding=\"async\" style=\"border: 0px; vertical-align: middle; height: 100px; max-width: 100%;\" src=\"https:\/\/www.expresmenu.sk\/user\/documents\/assets\/img\/detail\/sk\/icons\/lion.svg\" \/><\/div>\n<div class=\"mjs-detail-anchors-item\" style=\"flex-basis: 20%; margin-top: 0px; padding: 0px 5px;\"><a style=\"background-color: transparent; color: var(--color-primary); text-decoration: none;\" href=\"https:\/\/www.expresmenu.sk\/km-bolonska-omacka-s-fusilli\/#block-storage\" data-target=\"block-storage\"><img decoding=\"async\" style=\"border: 0px; vertical-align: middle; height: 100px; max-width: 100%;\" src=\"https:\/\/www.expresmenu.sk\/user\/documents\/assets\/img\/detail\/sk\/icons\/storage.svg\" \/><\/a><\/div>\n<div class=\"mjs-detail-anchors-item\" style=\"flex-basis: 20%; margin-top: 0px; padding: 0px 5px;\"><a style=\"background-color: transparent; color: var(--color-primary); text-decoration: none;\" href=\"https:\/\/www.expresmenu.sk\/km-bolonska-omacka-s-fusilli\/#block-gluten-free\" data-target=\"block-gluten-free\"><img decoding=\"async\" style=\"border: 0px; vertical-align: middle; height: 100px; max-width: 100%;\" src=\"https:\/\/www.expresmenu.sk\/user\/documents\/assets\/img\/detail\/sk\/icons\/gluten-free.svg\" \/><\/a><\/div>\n<div class=\"mjs-detail-anchors-item\" style=\"flex-basis: 20%; margin-top: 0px; padding: 0px 5px;\"><a style=\"background-color: transparent; color: var(--color-primary); text-decoration: none;\" href=\"https:\/\/www.expresmenu.sk\/km-bolonska-omacka-s-fusilli\/#block-quality\" data-target=\"block-quality\"><img decoding=\"async\" style=\"border: 0px; vertical-align: middle; height: 100px; max-width: 100%;\" src=\"https:\/\/www.expresmenu.sk\/user\/documents\/assets\/img\/detail\/sk\/icons\/quality.svg\" \/><\/a><\/div>\n<div class=\"mjs-detail-anchors-item\" style=\"flex-basis: 20%; margin-top: 0px; padding: 0px 5px;\"><a style=\"background-color: transparent; color: var(--color-primary); text-decoration: none;\" href=\"https:\/\/www.expresmenu.sk\/km-bolonska-omacka-s-fusilli\/#block-production\" data-target=\"block-production\"><img decoding=\"async\" style=\"border: 0px; vertical-align: middle; height: 100px; max-width: 100%;\" src=\"https:\/\/www.expresmenu.sk\/user\/documents\/assets\/img\/detail\/sk\/icons\/production.svg\" \/><\/a><\/div>\n<div class=\"mjs-detail-anchors-item\" style=\"flex-basis: 20%; margin-top: 0px; padding: 0px 5px;\"><a style=\"background-color: transparent; color: var(--color-primary); text-decoration: none;\" href=\"https:\/\/www.expresmenu.sk\/km-bolonska-omacka-s-fusilli\/#block-balance\" data-target=\"block-balance\"><img decoding=\"async\" style=\"border: 0px; vertical-align: middle; height: 100px; max-width: 100%;\" src=\"https:\/\/www.expresmenu.sk\/user\/documents\/assets\/img\/detail\/sk\/icons\/balance.svg\" \/><\/a><\/div>\n<\/div>\n","protected":false},"featured_media":1122,"template":"","meta":{"advanced_seo_description":"","jetpack_seo_html_title":"","jetpack_seo_noindex":false},"product_brand":[],"product_cat":[91],"product_tag":[],"class_list":{"0":"post-1124","1":"product","2":"type-product","3":"status-publish","4":"has-post-thumbnail","6":"product_cat-jedla-s-prilohou","8":"first","9":"instock","10":"taxable","11":"shipping-taxable","12":"purchasable","13":"product-type-simple"},"jetpack_sharing_enabled":true,"_links":{"self":[{"href":"https:\/\/speedybaits.sk\/en\/wp-json\/wp\/v2\/product\/1124","targetHints":{"allow":["GET"]}}],"collection":[{"href":"https:\/\/speedybaits.sk\/en\/wp-json\/wp\/v2\/product"}],"about":[{"href":"https:\/\/speedybaits.sk\/en\/wp-json\/wp\/v2\/types\/product"}],"version-history":[{"count":1,"href":"https:\/\/speedybaits.sk\/en\/wp-json\/wp\/v2\/product\/1124\/revisions"}],"predecessor-version":[{"id":2512,"href":"https:\/\/speedybaits.sk\/en\/wp-json\/wp\/v2\/product\/1124\/revisions\/2512"}],"wp:featuredmedia":[{"embeddable":true,"href":"https:\/\/speedybaits.sk\/en\/wp-json\/wp\/v2\/media\/1122"}],"wp:attachment":[{"href":"https:\/\/speedybaits.sk\/en\/wp-json\/wp\/v2\/media?parent=1124"}],"wp:term":[{"taxonomy":"product_brand","embeddable":true,"href":"https:\/\/speedybaits.sk\/en\/wp-json\/wp\/v2\/product_brand?post=1124"},{"taxonomy":"product_cat","embeddable":true,"href":"https:\/\/speedybaits.sk\/en\/wp-json\/wp\/v2\/product_cat?post=1124"},{"taxonomy":"product_tag","embeddable":true,"href":"https:\/\/speedybaits.sk\/en\/wp-json\/wp\/v2\/product_tag?post=1124"}],"curies":[{"name":"wp","href":"https:\/\/api.w.org\/{rel}","templated":true}]}}