{"id":1120,"date":"2025-06-15T06:00:27","date_gmt":"2025-06-15T06:00:27","guid":{"rendered":"https:\/\/speedybaits.sk\/?product=km-butter-chicken-basmati-ryza-500g"},"modified":"2025-08-23T21:16:26","modified_gmt":"2025-08-23T21:16:26","slug":"km-butter-chicken-basmati-ryza-500g","status":"publish","type":"product","link":"https:\/\/speedybaits.sk\/en\/product\/km-butter-chicken-basmati-ryza-500g\/","title":{"rendered":"KM Butter chicken, basmati ry\u017ea,1 porcia (500g)"},"content":{"rendered":"<p><span style=\"font-family: Verdana, sans-serif; font-size: 15px; font-style: normal; font-weight: 400; letter-spacing: normal; text-align: center; text-indent: 0px; text-transform: none; text-decoration: none; float: none;\">Jemn\u00e1 smotanov\u00e1 indick\u00e1 om\u00e1\u010dka s k\u00faskami pe\u010den\u00fdch kurac\u00edch p\u0155s, ochuten\u00e1 origin\u00e1lnym koren\u00edm garam masala, z\u00e1zvorom, kurkumou a koriandrom. Pr\u00edlohou je pr\u00e9miov\u00e1 ry\u017ea basmati.<\/span><\/p>\n<div class=\"shp-tabs-wrapper p-detail-tabs-wrapper\" style=\"border-top-style: none; border-top-width: 0px; clear: both; margin: 20px auto 0px; padding-top: 19px; position: relative; width: 360px; font-family: Verdana, sans-serif; font-size: 14px; font-style: normal; font-weight: 400; letter-spacing: normal; text-align: start; text-indent: 0px; text-transform: none; text-decoration: none;\">\n<div class=\"row\" style=\"margin-left: -20px; margin-right: -20px;\">\n<div class=\"col-sm-12\" style=\"min-height: 1px; padding-left: 20px; padding-right: 20px; position: relative;\">\n<div id=\"tab-content\" class=\"tab-content\" style=\"padding-left: 20px; padding-right: 20px; max-width: 710px; margin: 0px auto;\">\n<div id=\"tab-preparation\" class=\"tab-pane fade active in\" style=\"opacity: 1;\">\n<div style=\"line-height: 40px; font-size: 20px;\">\n<p style=\"margin: 0px 0px 10px; line-height: 40px; font-size: 20px; text-align: center;\"><strong style=\"font-weight: bold; line-height: 40px; font-size: 20px;\">Zohrieva\u0165 m\u00f4\u017eete nieko\u013ek\u00fdmi sp\u00f4sobmi:<\/strong><br \/>\n1. Vlo\u017ete uzatvoren\u00e9 vrec\u00fa\u0161ko<span class=\"Apple-converted-space\">\u00a0<\/span><strong style=\"font-weight: bold; line-height: 40px; font-size: 20px;\">do hrnca s hor\u00facou vodou<\/strong>(alebo do r\u00fdchlovarnej kanvice), nechajte cca 10 min prehria\u0165 a po otvoren\u00ed<br \/>\nserv\u00edrujte priamo na tanier.<\/p>\n<p style=\"margin: 0px 0px 10px; line-height: 40px; font-size: 20px; text-align: center;\"><img data-recalc-dims=\"1\" decoding=\"async\" style=\"border: 0px; vertical-align: middle; height: auto; max-width: 100%; line-height: 40px; font-size: 20px;\" src=\"https:\/\/i0.wp.com\/cdn.myshoptet.com\/usr\/www.expresmenu.sk\/user\/documents\/upload\/priprava1.png?ssl=1\" \/><\/p>\n<p style=\"margin: 0px 0px 10px; line-height: 40px; font-size: 20px; text-align: center;\">2. Vrec\u00fa\u0161ko vypr\u00e1zdnite<span class=\"Apple-converted-space\">\u00a0<\/span><strong style=\"font-weight: bold; line-height: 40px; font-size: 20px;\">priamo do hrnca<\/strong><span class=\"Apple-converted-space\">\u00a0<\/span>(alebo na panvi\u010dku) a zohrievajte cca 5 min.<\/p>\n<p style=\"margin: 0px 0px 10px; line-height: 40px; font-size: 20px; text-align: center;\"><img data-recalc-dims=\"1\" decoding=\"async\" style=\"border: 0px; vertical-align: middle; height: auto; max-width: 100%; line-height: 40px; font-size: 20px;\" src=\"https:\/\/i0.wp.com\/cdn.myshoptet.com\/usr\/www.expresmenu.sk\/user\/documents\/upload\/priprava2.png?ssl=1\" \/><\/p>\n<p style=\"margin: 0px 0px 10px; line-height: 40px; font-size: 20px; text-align: center;\">3. Prelo\u017ete jedlo z vrec\u00fa\u0161ka do vhodnej n\u00e1doby a zohrievajte cca 3 min v<span class=\"Apple-converted-space\">\u00a0<\/span><strong style=\"font-weight: bold; line-height: 40px; font-size: 20px;\">mikrovlnnej tr\u00fabe<\/strong>.<\/p>\n<p style=\"margin: 0px 0px 10px; line-height: 40px; font-size: 20px; text-align: center;\"><img data-recalc-dims=\"1\" decoding=\"async\" style=\"border: 0px; vertical-align: middle; height: auto; max-width: 100%; line-height: 40px; font-size: 20px;\" src=\"https:\/\/i0.wp.com\/cdn.myshoptet.com\/usr\/www.expresmenu.sk\/user\/documents\/upload\/priprava3.png?ssl=1\" \/><\/p>\n<div id=\"vtPopupMenu\" style=\"line-height: 40px; font-size: 20px;\"><\/div>\n<\/div>\n<\/div>\n<\/div>\n<\/div>\n<\/div>\n<\/div>\n<div class=\"mjs-detail-anchors-wrap container\" style=\"margin: 0px auto 60px; padding-left: 20px; padding-right: 20px; flex-flow: wrap; justify-content: center; align-items: center; width: 360px; font-family: Verdana, sans-serif; font-size: 14px; font-style: normal; font-weight: 400; letter-spacing: normal; text-align: start; text-indent: 0px; text-transform: none; text-decoration: none;\">\n<div class=\"mjs-detail-anchors-item\" style=\"flex-basis: 20%; margin-top: 0px; padding: 0px 5px;\"><a style=\"background-color: transparent; color: var(--color-primary); text-decoration: none;\" href=\"https:\/\/www.expresmenu.sk\/km-butter-chicken--basmati-ryza\/#block-without-additives\" data-target=\"block-without-additives\"><img decoding=\"async\" style=\"border: 0px; vertical-align: middle; height: 100px; max-width: 100%;\" src=\"https:\/\/www.expresmenu.sk\/user\/documents\/assets\/img\/detail\/sk\/icons\/without-additives.svg\" \/><\/a><\/div>\n<div class=\"mjs-detail-anchors-item\" style=\"flex-basis: 20%; margin-top: 0px; padding: 0px 5px;\"><a style=\"background-color: transparent; color: var(--color-primary); text-decoration: none;\" href=\"https:\/\/www.expresmenu.sk\/km-butter-chicken--basmati-ryza\/#block-heating\" data-target=\"block-heating\"><img decoding=\"async\" style=\"border: 0px; vertical-align: middle; height: 100px; max-width: 100%;\" src=\"https:\/\/www.expresmenu.sk\/user\/documents\/assets\/img\/detail\/sk\/icons\/heating.svg\" \/><\/a><\/div>\n<div class=\"mjs-detail-anchors-item\" style=\"flex-basis: 20%; margin-top: 0px; padding: 0px 5px;\"><img decoding=\"async\" style=\"border: 0px; vertical-align: middle; height: 100px; max-width: 100%;\" src=\"https:\/\/www.expresmenu.sk\/user\/documents\/assets\/img\/detail\/sk\/icons\/lion.svg\" \/><\/div>\n<div class=\"mjs-detail-anchors-item\" style=\"flex-basis: 20%; margin-top: 0px; padding: 0px 5px;\"><a style=\"background-color: transparent; color: var(--color-primary); text-decoration: none;\" href=\"https:\/\/www.expresmenu.sk\/km-butter-chicken--basmati-ryza\/#block-storage\" data-target=\"block-storage\"><img decoding=\"async\" style=\"border: 0px; vertical-align: middle; height: 100px; max-width: 100%;\" src=\"https:\/\/www.expresmenu.sk\/user\/documents\/assets\/img\/detail\/sk\/icons\/storage.svg\" \/><\/a><\/div>\n<div class=\"mjs-detail-anchors-item\" style=\"flex-basis: 20%; margin-top: 0px; padding: 0px 5px;\"><a style=\"background-color: transparent; color: var(--color-primary); text-decoration: none;\" href=\"https:\/\/www.expresmenu.sk\/km-butter-chicken--basmati-ryza\/#block-gluten-free\" data-target=\"block-gluten-free\"><img decoding=\"async\" style=\"border: 0px; vertical-align: middle; height: 100px; max-width: 100%;\" src=\"https:\/\/www.expresmenu.sk\/user\/documents\/assets\/img\/detail\/sk\/icons\/gluten-free.svg\" \/><\/a><\/div>\n<div class=\"mjs-detail-anchors-item\" style=\"flex-basis: 20%; margin-top: 0px; padding: 0px 5px;\"><a style=\"background-color: transparent; color: var(--color-primary); text-decoration: none;\" href=\"https:\/\/www.expresmenu.sk\/km-butter-chicken--basmati-ryza\/#block-quality\" data-target=\"block-quality\"><img decoding=\"async\" style=\"border: 0px; vertical-align: middle; height: 100px; max-width: 100%;\" src=\"https:\/\/www.expresmenu.sk\/user\/documents\/assets\/img\/detail\/sk\/icons\/quality.svg\" \/><\/a><\/div>\n<div class=\"mjs-detail-anchors-item\" style=\"flex-basis: 20%; margin-top: 0px; padding: 0px 5px;\"><a style=\"background-color: transparent; color: var(--color-primary); text-decoration: none;\" href=\"https:\/\/www.expresmenu.sk\/km-butter-chicken--basmati-ryza\/#block-production\" data-target=\"block-production\"><img decoding=\"async\" style=\"border: 0px; vertical-align: middle; height: 100px; max-width: 100%;\" src=\"https:\/\/www.expresmenu.sk\/user\/documents\/assets\/img\/detail\/sk\/icons\/production.svg\" \/><\/a><\/div>\n<div class=\"mjs-detail-anchors-item\" style=\"flex-basis: 20%; margin-top: 0px; padding: 0px 5px;\"><a style=\"background-color: transparent; color: var(--color-primary); text-decoration: none;\" href=\"https:\/\/www.expresmenu.sk\/km-butter-chicken--basmati-ryza\/#block-balance\" data-target=\"block-balance\"><img decoding=\"async\" style=\"border: 0px; vertical-align: middle; height: 100px; max-width: 100%;\" src=\"https:\/\/www.expresmenu.sk\/user\/documents\/assets\/img\/detail\/sk\/icons\/balance.svg\" \/><\/a><\/div>\n<div class=\"mjs-detail-anchors-item\" style=\"flex-basis: 20%; margin-top: 0px; padding: 0px 5px;\"><a style=\"background-color: transparent; color: var(--color-primary); text-decoration: none;\" href=\"https:\/\/www.expresmenu.sk\/km-butter-chicken--basmati-ryza\/#block-salt-content\" data-target=\"block-salt-content\"><img decoding=\"async\" style=\"border: 0px; vertical-align: middle; height: 100px; max-width: 100%;\" src=\"https:\/\/www.expresmenu.sk\/user\/documents\/assets\/img\/detail\/sk\/icons\/salt-content.svg\" \/><\/a><\/div>\n<\/div>","protected":false},"excerpt":{"rendered":"<p><span style=\"font-family: Verdana, sans-serif; font-size: 15px; font-style: normal; font-weight: 400; letter-spacing: normal; text-align: center; text-indent: 0px; text-transform: none; text-decoration: none; float: none;\">Jemn\u00e1 smotanov\u00e1 indick\u00e1 om\u00e1\u010dka s k\u00faskami pe\u010den\u00fdch kurac\u00edch p\u0155s, ochuten\u00e1 origin\u00e1lnym koren\u00edm garam masala, z\u00e1zvorom, kurkumou a koriandrom. Pr\u00edlohou je pr\u00e9miov\u00e1 ry\u017ea basmati.<\/span><\/p>\n<p style=\"margin: 0px 0px 10px; line-height: 2em; text-align: center; font-family: Verdana, sans-serif; font-size: 15px; font-style: normal; font-weight: 400; letter-spacing: normal; text-indent: 0px; text-transform: none; text-decoration: none;\"><span style=\"line-height: 2em; text-align: center;\">jazm\u00ednov\u00e1 ry\u017ea (40 %), kuracie prsia (24 %), cibu\u013ea, kokosov\u00e9 mlieko su\u0161en\u00e9 (dehydratovan\u00fd extrakt z du\u017einy BIO kokosov\u00fdch orechov 97,5 %, BIO maltodextr\u00edn 2 %, BIO arabsk\u00e1 guma 0,5 %), trstinov\u00fd cukor, kari pasta \u010derven\u00e1 (2 %) (su\u0161en\u00e9 \u010derven\u00e9 \u010dili 28 %, citr\u00f3nov\u00e1 tr\u00e1va, cesnak, so\u013e, \u0161alotka, kaf\u00edrov\u00e1 limetka, galanga, koriander, r\u00edmska rasca), limetkov\u00e1 \u0161\u0165ava,<\/span><span style=\"line-height: 2em; text-align: center;\"><span class=\"Apple-converted-space\">\u00a0<\/span><\/span><span style=\"line-height: 2em; text-align: center;\"><strong style=\"font-weight: bold; line-height: 2em; text-align: center;\">sezamov\u00fd<\/strong><\/span><span style=\"line-height: 2em; text-align: center;\"><span class=\"Apple-converted-space\">\u00a0<\/span><\/span><span style=\"line-height: 2em; text-align: center;\"><strong style=\"font-weight: bold; line-height: 2em; text-align: center;\">olej<\/strong><\/span><span style=\"line-height: 2em; text-align: center;\">,<\/span><span style=\"line-height: 2em; text-align: center;\"><span class=\"Apple-converted-space\">\u00a0<\/span><\/span><span style=\"line-height: 2em; text-align: center;\"><strong style=\"font-weight: bold; line-height: 2em; text-align: center;\">rybia<\/strong><\/span><span style=\"line-height: 2em; text-align: center;\"><span class=\"Apple-converted-space\">\u00a0<\/span><\/span><span style=\"line-height: 2em; text-align: center;\"><strong style=\"font-weight: bold; line-height: 2em; text-align: center;\">om\u00e1\u010dka<\/strong><\/span><span style=\"line-height: 2em; text-align: center;\"><span class=\"Apple-converted-space\">\u00a0<\/span><\/span><span style=\"line-height: 2em; text-align: center;\">(extrakt z<\/span><span style=\"line-height: 2em; text-align: center;\"><span class=\"Apple-converted-space\">\u00a0<\/span><\/span><span style=\"line-height: 2em; text-align: center;\"><strong style=\"font-weight: bold; line-height: 2em; text-align: center;\">an\u010dovi\u010diek<\/strong><\/span><span style=\"line-height: 2em; text-align: center;\"><span class=\"Apple-converted-space\">\u00a0<\/span><\/span><span style=\"line-height: 2em; text-align: center;\">63 %, voda, so\u013e, cukor), so\u013e kamenn\u00e1, ry\u017eov\u00e1 m\u00faka, kukuri\u010dn\u00e1 m\u00faka, koriander, bazalka.<\/span><\/p>\n<p style=\"margin: 0px 0px 10px; line-height: 2em; text-align: center; font-family: Verdana, sans-serif; font-size: 15px; font-style: normal; font-weight: 400; letter-spacing: normal; text-indent: 0px; text-transform: none; text-decoration: none;\">\n<p style=\"margin: 0px 0px 10px; line-height: 2em; text-align: center; font-family: Verdana, sans-serif; font-size: 15px; font-style: normal; font-weight: 400; letter-spacing: normal; text-indent: 0px; text-transform: none; text-decoration: none;\"><strong style=\"font-weight: bold; line-height: 2em; text-align: center;\">Sp\u00f4sob pr\u00edpravy:<\/strong><span class=\"Apple-converted-space\">\u00a0<\/span>1) Vlo\u017ete krabi\u010dku do mikrovlnnej r\u00fary a zohrievajte cca 2 min\u00faty (700 W) alebo dok\u00fdm nebude jedlo tepl\u00e9. Obal v\u00fdrobku sa m\u00f4\u017ee teplom deformova\u0165. 2) Jedlo vyberte z vrec\u00fa\u0161ka na tanier a ohrievajte v mikrovlnnej r\u00fare cca 2 min\u00faty. 3) Vyberte vrec\u00fa\u0161ka z papierov\u00e9ho obalu a obe uzatvoren\u00e9 vrec\u00fa\u0161ka vlo\u017ete do hrnca (\u010di r\u00fdchlovarnej kanvice) s vriacou vodou na cca 10 min\u00fat.<\/p>\n<p style=\"margin: 0px 0px 10px; line-height: 2em; text-align: center; font-family: Verdana, sans-serif; font-size: 15px; font-style: normal; font-weight: 400; letter-spacing: normal; text-indent: 0px; text-transform: none; text-decoration: none;\">P\u0159\u00edlohu pred pod\u00e1van\u00edm vo vrec\u00fa\u0161ku prema\u010dkajte.<\/p>\n<p style=\"margin: 0px 0px 10px; line-height: 2em; text-align: center; font-family: Verdana, sans-serif; font-size: 15px; font-style: normal; font-weight: 400; letter-spacing: normal; text-indent: 0px; text-transform: none; text-decoration: none;\">\n<p style=\"margin: 0px 0px 10px; line-height: 2em; text-align: center; font-family: Verdana, sans-serif; font-size: 15px; font-style: normal; font-weight: 400; letter-spacing: normal; text-indent: 0px; text-transform: none; text-decoration: none;\"><strong style=\"font-weight: bold; line-height: 2em; text-align: center;\">Skladovanie<\/strong>: Skladujte pri teplote od + 1 \u00b0C do + 30 \u00b0C. Otvoren\u00fd v\u00fdrobok uskladnite v chladni\u010dke a spotrebujte do 48 hod\u00edn.<br \/>\n<strong style=\"font-weight: bold; line-height: 2em; text-align: center;\">Minim\u00e1lna trvanlivos\u0165 do:<\/strong><span class=\"Apple-converted-space\">\u00a0<\/span>vi\u010f obal.<\/p>\n<p style=\"margin: 0px 0px 10px; line-height: 2em; text-align: center; font-family: Verdana, sans-serif; font-size: 15px; font-style: normal; font-weight: 400; letter-spacing: normal; text-indent: 0px; text-transform: none; text-decoration: none;\"><strong style=\"font-weight: bold; line-height: 2em; text-align: center;\">Doba spotreby:<\/strong><span class=\"Apple-converted-space\">\u00a0<\/span>2 roky<\/p>\n<p style=\"margin: 0px 0px 10px; line-height: 2em; text-align: center; font-family: Verdana, sans-serif; font-size: 15px; font-style: normal; font-weight: 400; letter-spacing: normal; text-indent: 0px; text-transform: none; text-decoration: none;\">\n<div class=\"shp-tabs-wrapper p-detail-tabs-wrapper\" style=\"border-top-style: none; border-top-width: 0px; clear: both; margin: 20px auto 0px; padding-top: 19px; position: relative; width: 360px; font-family: Verdana, sans-serif; font-size: 14px; font-style: normal; font-weight: 400; letter-spacing: normal; text-align: start; text-indent: 0px; text-transform: none; text-decoration: none;\">\n<div class=\"row\" style=\"margin-left: -20px; margin-right: -20px;\">\n<div class=\"col-sm-12\" style=\"min-height: 1px; padding-left: 20px; padding-right: 20px; position: relative;\">\n<div id=\"tab-content\" class=\"tab-content\" style=\"padding-left: 20px; padding-right: 20px; max-width: 710px; margin: 0px auto;\">\n<div id=\"tab-preparation\" class=\"tab-pane fade active in\" style=\"opacity: 1;\">\n<div style=\"line-height: 40px; font-size: 20px;\">\n<p style=\"margin: 0px 0px 10px; line-height: 40px; font-size: 20px; text-align: center;\">\n<\/div>\n<\/div>\n<\/div>\n<\/div>\n<\/div>\n<\/div>","protected":false},"featured_media":1118,"template":"","meta":{"advanced_seo_description":"","jetpack_seo_html_title":"","jetpack_seo_noindex":false},"product_brand":[],"product_cat":[91],"product_tag":[],"class_list":{"0":"post-1120","1":"product","2":"type-product","3":"status-publish","4":"has-post-thumbnail","6":"product_cat-jedla-s-prilohou","8":"first","9":"instock","10":"taxable","11":"shipping-taxable","12":"purchasable","13":"product-type-simple"},"jetpack_sharing_enabled":true,"_links":{"self":[{"href":"https:\/\/speedybaits.sk\/en\/wp-json\/wp\/v2\/product\/1120","targetHints":{"allow":["GET"]}}],"collection":[{"href":"https:\/\/speedybaits.sk\/en\/wp-json\/wp\/v2\/product"}],"about":[{"href":"https:\/\/speedybaits.sk\/en\/wp-json\/wp\/v2\/types\/product"}],"version-history":[{"count":1,"href":"https:\/\/speedybaits.sk\/en\/wp-json\/wp\/v2\/product\/1120\/revisions"}],"predecessor-version":[{"id":2513,"href":"https:\/\/speedybaits.sk\/en\/wp-json\/wp\/v2\/product\/1120\/revisions\/2513"}],"wp:featuredmedia":[{"embeddable":true,"href":"https:\/\/speedybaits.sk\/en\/wp-json\/wp\/v2\/media\/1118"}],"wp:attachment":[{"href":"https:\/\/speedybaits.sk\/en\/wp-json\/wp\/v2\/media?parent=1120"}],"wp:term":[{"taxonomy":"product_brand","embeddable":true,"href":"https:\/\/speedybaits.sk\/en\/wp-json\/wp\/v2\/product_brand?post=1120"},{"taxonomy":"product_cat","embeddable":true,"href":"https:\/\/speedybaits.sk\/en\/wp-json\/wp\/v2\/product_cat?post=1120"},{"taxonomy":"product_tag","embeddable":true,"href":"https:\/\/speedybaits.sk\/en\/wp-json\/wp\/v2\/product_tag?post=1120"}],"curies":[{"name":"wp","href":"https:\/\/api.w.org\/{rel}","templated":true}]}}