{"id":1006,"date":"2025-06-11T03:33:14","date_gmt":"2025-06-11T03:33:14","guid":{"rendered":"https:\/\/speedybaits.sk\/?product=bolies-v-dipe-squid"},"modified":"2026-04-01T13:52:11","modified_gmt":"2026-04-01T13:52:11","slug":"bolies-v-dipe-squid","status":"publish","type":"product","link":"https:\/\/speedybaits.sk\/en\/product\/bolies-v-dipe-squid\/","title":{"rendered":"Boilies v dipe SQUID 250ml"},"content":{"rendered":"<div class=\"p-short-description\" data-testid=\"productCardShortDescr\">\n<p class=\"p1\" style=\"margin: 0px 0px 19px;\">Na\u0161u\u00a0Excellent radu roz\u0161irujeme o chytacie boilies v praktickom balen\u00ed.<\/p>\n<p class=\"p1\" style=\"margin: 0px 0px 19px;\">Nie s\u00fa to v\u0161ak len boilies zaliate boostrom. S\u00fa nasiaknut\u00e9 najlep\u0161\u00edmi tekut\u00fdmi potravami, rozpustn\u00fdmi pr\u00e1\u0161kov\u00fdmi extraktmi, esenciami a chu\u0165ov\u00fdmi atraktormi.<\/p>\n<p class=\"p1\" style=\"margin: 0px 0px 19px;\">Ide\u00e1lne v situ\u00e1ci\u00e1ch, ke\u010f potrebujete odl\u00ed\u0161i\u0165 n\u00e1strahu od n\u00e1vnady, na preteky, pri n\u00edzkej aktivite, alebo na kr\u00e1tke vych\u00e1dzky. Skvel\u00e9 aj na bahnit\u00e9 dno.<\/p>\n<\/div>","protected":false},"excerpt":{"rendered":"<div class=\"p-short-description\" data-testid=\"productCardShortDescr\">\n<p class=\"p1\" style=\"margin: 0px 0px 19px;\">Na\u0161u\u00a0Excellent radu roz\u0161irujeme o chytacie boilies v praktickom balen\u00ed.<\/p>\n<p class=\"p1\" style=\"margin: 0px 0px 19px;\">Nie s\u00fa to v\u0161ak len boilies zaliate boostrom. S\u00fa nasiaknut\u00e9 najlep\u0161\u00edmi tekut\u00fdmi potravami, rozpustn\u00fdmi pr\u00e1\u0161kov\u00fdmi extraktmi, esenciami a chu\u0165ov\u00fdmi atraktormi.<\/p>\n<p class=\"p1\" style=\"margin: 0px 0px 19px;\">Ide\u00e1lne v situ\u00e1ci\u00e1ch, ke\u010f potrebujete odl\u00ed\u0161i\u0165 n\u00e1strahu od n\u00e1vnady, na preteky, pri n\u00edzkej aktivite, alebo na kr\u00e1tke vych\u00e1dzky. Skvel\u00e9 aj na bahnit\u00e9 dno.<\/p>\n<\/div>","protected":false},"featured_media":1005,"template":"","meta":{"advanced_seo_description":"","jetpack_seo_html_title":"","jetpack_seo_noindex":false},"product_brand":[],"product_cat":[56],"product_tag":[],"class_list":{"0":"post-1006","1":"product","2":"type-product","3":"status-publish","4":"has-post-thumbnail","6":"product_cat-boilies-v-dipe","7":"pa_priemer-20mm","9":"first","10":"instock","11":"taxable","12":"shipping-taxable","13":"purchasable","14":"product-type-variable"},"jetpack_sharing_enabled":true,"_links":{"self":[{"href":"https:\/\/speedybaits.sk\/en\/wp-json\/wp\/v2\/product\/1006","targetHints":{"allow":["GET"]}}],"collection":[{"href":"https:\/\/speedybaits.sk\/en\/wp-json\/wp\/v2\/product"}],"about":[{"href":"https:\/\/speedybaits.sk\/en\/wp-json\/wp\/v2\/types\/product"}],"version-history":[{"count":1,"href":"https:\/\/speedybaits.sk\/en\/wp-json\/wp\/v2\/product\/1006\/revisions"}],"predecessor-version":[{"id":2526,"href":"https:\/\/speedybaits.sk\/en\/wp-json\/wp\/v2\/product\/1006\/revisions\/2526"}],"wp:featuredmedia":[{"embeddable":true,"href":"https:\/\/speedybaits.sk\/en\/wp-json\/wp\/v2\/media\/1005"}],"wp:attachment":[{"href":"https:\/\/speedybaits.sk\/en\/wp-json\/wp\/v2\/media?parent=1006"}],"wp:term":[{"taxonomy":"product_brand","embeddable":true,"href":"https:\/\/speedybaits.sk\/en\/wp-json\/wp\/v2\/product_brand?post=1006"},{"taxonomy":"product_cat","embeddable":true,"href":"https:\/\/speedybaits.sk\/en\/wp-json\/wp\/v2\/product_cat?post=1006"},{"taxonomy":"product_tag","embeddable":true,"href":"https:\/\/speedybaits.sk\/en\/wp-json\/wp\/v2\/product_tag?post=1006"}],"curies":[{"name":"wp","href":"https:\/\/api.w.org\/{rel}","templated":true}]}}