{"id":2792,"date":"2025-10-28T07:08:35","date_gmt":"2025-10-28T07:08:35","guid":{"rendered":"https:\/\/speedybaits.sk\/produkt\/tycova-boja-so-stmievacim-senzorom-6-m-cervena\/"},"modified":"2025-11-25T10:20:23","modified_gmt":"2025-11-25T10:20:23","slug":"tycova-boja-so-stmievacim-senzorom-6-m-cervena","status":"publish","type":"product","link":"https:\/\/speedybaits.sk\/cs\/produkt\/tycova-boja-so-stmievacim-senzorom-6-m-cervena\/","title":{"rendered":"Ty\u010dov\u00e1 b\u00f3je se stm\u00edvac\u00edm senzorem 6 m \u010derven\u00e1"},"content":{"rendered":"<p class=\"\" data-start=\"0\" data-end=\"106\"><strong style=\"font-weight: bold;\" data-start=\"0\" data-end=\"9\">D\u013a\u017eka<\/strong><span class=\"Apple-converted-space\">\u00a0<\/span>\u2013 6 metrov \u2013 p\u00e4\u0165 sekci\u00ed po 1 m a dva hroty po 50 cm, vr\u00e1tane jedn\u00e9ho so s\u00famrakov\u00fdm LED senzorom.<\/p>\n<p class=\"\" data-start=\"108\" data-end=\"170\"><strong style=\"font-weight: bold;\" data-start=\"108\" data-end=\"117\">Dosah<\/strong><span class=\"Apple-converted-space\">\u00a0<\/span>\u2013 Marker je vidite\u013en\u00fd zo vzdialenosti a\u017e 500 metrov.<\/p>\n<p class=\"\" data-start=\"172\" data-end=\"252\"><strong style=\"font-weight: bold;\" data-start=\"172\" data-end=\"190\">Doba svietenia<\/strong><span class=\"Apple-converted-space\">\u00a0<\/span>\u2013 Marker svieti od 14 do 60 dn\u00ed pri pou\u017eit\u00ed dvoch AA bat\u00e9ri\u00ed.<\/p>\n<p class=\"\" data-start=\"254\" data-end=\"350\"><strong style=\"font-weight: bold;\" data-start=\"254\" data-end=\"273\">Syst\u00e9m spojenia<\/strong><span class=\"Apple-converted-space\">\u00a0<\/span>\u2013 Jednoduch\u00fd syst\u00e9m nacvak\u00e1vania \u2013 mo\u017enos\u0165 nastavi\u0165 \u013eubovo\u013en\u00fa d\u013a\u017eku markera.<\/p>\n<p class=\"\" data-start=\"352\" data-end=\"438\"><strong style=\"font-weight: bold;\" data-start=\"352\" data-end=\"377\">Zap\u00ednanie a vyp\u00ednanie<\/strong><span class=\"Apple-converted-space\">\u00a0<\/span>\u2013 Dotiahnut\u00edm LED hlavy sa marker zapne, povolen\u00edm sa vypne.<\/p>","protected":false},"excerpt":{"rendered":"<p class=\"\" data-start=\"0\" data-end=\"353\">S\u00faprava pre ozna\u010dovanie lovn\u00e9ho miesta pre kapra \u2013 6 metrov \u2013 p\u00e4\u0165 \u010dast\u00ed po 1 m a dva hroty po 50 cm, vr\u00e1tane jedn\u00e9ho so s\u00famrakov\u00fdm LED senzorom a pr\u00edrodn\u00fdm z\u00e1va\u017e\u00edm. Marker je vybaven\u00fd LED di\u00f3dou nap\u00e1janou dvoma AA bat\u00e9riami. Vhodn\u00e1 kon\u0161trukcia syst\u00e9mu zabezpe\u010duje v\u00fddr\u017e svietenia od 40 do 60 dn\u00ed, \u010do zodpoved\u00e1 960 a\u017e 1440 hodin\u00e1m nepretr\u017eitej prev\u00e1dzky.<\/p>\n<p class=\"\" data-start=\"355\" data-end=\"726\">Dosiahnutie takejto dlhej doby prev\u00e1dzky len na dve bat\u00e9rie rob\u00ed n\u00e1kup produktu so s\u00famrakov\u00fdm senzorom zbyto\u010dn\u00fdm. Samozrejme, rozdiely vo v\u00fddr\u017ei s\u00fa sp\u00f4soben\u00e9 kvalitou pou\u017eit\u00fdch bat\u00e9ri\u00ed. Preto odpor\u00fa\u010dame pou\u017e\u00edva\u0165 alkalick\u00e9 bat\u00e9rie, v\u010faka ktor\u00fdm bude n\u00e1\u0161 marker svieti\u0165 podstatne dlh\u0161ie. Navy\u0161e horn\u00e1, 0,5 m dlh\u00e1 \u010das\u0165 ty\u010de m\u00e1 dva odrazov\u00e9 prvky, ktor\u00e9 zlep\u0161uj\u00fa vidite\u013enos\u0165.<\/p>\n<p class=\"\" data-start=\"0\" data-end=\"274\">Sekcie markera s\u00fa spojen\u00e9 ve\u013emi jednoduch\u00fdm Klick syst\u00e9mom. Princ\u00edp je \u00faplne jednoduch\u00fd: sta\u010d\u00ed stla\u010di\u0165 tla\u010didlo v strede a nasadi\u0165 \u010fal\u0161iu \u010das\u0165 \u2013 t\u00fdm z\u00edskame pred\u013a\u017een\u00fa b\u00f3jku. Prvok Klick syst\u00e9mu je vyroben\u00fd z nehrdzavej\u00facej ocele, tak\u017ee sa nemus\u00edme ob\u00e1va\u0165 hrdzavenia vo vode.<\/p>\n<p class=\"\" data-start=\"276\" data-end=\"701\">V sade sa nach\u00e1dza aj odn\u00edmate\u013en\u00e9 pr\u00edrodn\u00e9 z\u00e1va\u017eie so syst\u00e9mom uchytenia vo vn\u00fatri trubky, \u010do \u00faplne eliminuje mo\u017enos\u0165 zamotania vlasca. Je to ve\u013emi praktick\u00e9 rie\u0161enie, preto\u017ee po skon\u010den\u00ed rybolovu nemus\u00edme marker nosi\u0165 st\u00e1le so z\u00e1va\u017e\u00edm. Trubky, z ktor\u00fdch je marker vyroben\u00fd, maj\u00fa priemer 22 mm, v\u010faka \u010domu s\u00fa ove\u013ea pevnej\u0161ie a tuh\u0161ie. Ich \u010dierna farba z\u00e1rove\u0148 poskytuje perfektn\u00e9 maskovanie vo vode a neodr\u00e1\u017ea slne\u010dn\u00e9 svetlo.<\/p>\n<p class=\"\" data-start=\"0\" data-end=\"219\">Dosah markera za priazniv\u00fdch poveternostn\u00fdch podmienok je a\u017e 500 metrov. Tak\u00fato vidite\u013enos\u0165 sa n\u00e1m podarilo dosiahnu\u0165 v\u010faka \u0161peci\u00e1lne navrhnut\u00e9mu tienidlu s nepravideln\u00fdm tvarom, ktor\u00e9 dodato\u010dne rozpty\u013euje zdroj svetla.<\/p>\n<p class=\"\" data-start=\"221\" data-end=\"344\">Ve\u013emi jednoduch\u00fd syst\u00e9m zap\u00ednania a vyp\u00ednania di\u00f3dy \u2013 sta\u010d\u00ed oto\u010di\u0165 tienidlo doprava pre zapnutie alebo do\u013eava pre vypnutie.<\/p>\n<p class=\"\" data-start=\"346\" data-end=\"681\">Produkt je zabalen\u00fd v pevnej kart\u00f3novej krabici, ktor\u00e1 sl\u00fa\u017ei aj ako \u00falo\u017en\u00fd priestor a z\u00e1rove\u0148 chr\u00e1ni ty\u010d po\u010das prepravy. Fishing Carp Marker Pole je skvel\u00fd produkt vyn\u00e1jden\u00fd Angli\u010danmi, ktor\u00fd v\u00fdrazne u\u013eah\u010duje kapr\u00e1rinu z \u010dlna. \u010eal\u0161ou ve\u013ekou v\u00fdhodou je mo\u017enos\u0165 pred\u013a\u017eenia markera na \u013eubovo\u013en\u00fa d\u013a\u017eku dok\u00fapen\u00edm \u010fal\u0161\u00edch 1-metrov\u00fdch sekci\u00ed.<\/p>","protected":false},"featured_media":2798,"template":"","meta":{"advanced_seo_description":"","jetpack_seo_html_title":"","jetpack_seo_noindex":false},"product_brand":[],"product_cat":[136],"product_tag":[],"class_list":{"0":"post-2792","1":"product","2":"type-product","3":"status-publish","4":"has-post-thumbnail","6":"product_cat-tycova-boja-so-stmievacim-senzorom-6-m","8":"first","9":"instock","10":"taxable","11":"shipping-taxable","12":"purchasable","13":"product-type-simple"},"jetpack_sharing_enabled":true,"_links":{"self":[{"href":"https:\/\/speedybaits.sk\/cs\/wp-json\/wp\/v2\/product\/2792","targetHints":{"allow":["GET"]}}],"collection":[{"href":"https:\/\/speedybaits.sk\/cs\/wp-json\/wp\/v2\/product"}],"about":[{"href":"https:\/\/speedybaits.sk\/cs\/wp-json\/wp\/v2\/types\/product"}],"version-history":[{"count":2,"href":"https:\/\/speedybaits.sk\/cs\/wp-json\/wp\/v2\/product\/2792\/revisions"}],"predecessor-version":[{"id":2824,"href":"https:\/\/speedybaits.sk\/cs\/wp-json\/wp\/v2\/product\/2792\/revisions\/2824"}],"wp:featuredmedia":[{"embeddable":true,"href":"https:\/\/speedybaits.sk\/cs\/wp-json\/wp\/v2\/media\/2798"}],"wp:attachment":[{"href":"https:\/\/speedybaits.sk\/cs\/wp-json\/wp\/v2\/media?parent=2792"}],"wp:term":[{"taxonomy":"product_brand","embeddable":true,"href":"https:\/\/speedybaits.sk\/cs\/wp-json\/wp\/v2\/product_brand?post=2792"},{"taxonomy":"product_cat","embeddable":true,"href":"https:\/\/speedybaits.sk\/cs\/wp-json\/wp\/v2\/product_cat?post=2792"},{"taxonomy":"product_tag","embeddable":true,"href":"https:\/\/speedybaits.sk\/cs\/wp-json\/wp\/v2\/product_tag?post=2792"}],"curies":[{"name":"wp","href":"https:\/\/api.w.org\/{rel}","templated":true}]}}