{"id":2646,"date":"2025-08-04T17:31:48","date_gmt":"2025-08-04T17:31:48","guid":{"rendered":"https:\/\/speedybaits.sk\/?post_type=product&#038;p=2646"},"modified":"2025-08-23T21:04:19","modified_gmt":"2025-08-23T21:04:19","slug":"hawai-chilli-3","status":"publish","type":"product","link":"https:\/\/speedybaits.sk\/cs\/produkt\/hawai-chilli-3\/","title":{"rendered":"Hawai chilli"},"content":{"rendered":"<p>BOILIES VEDIERKO COMBO \u2013 Kompletn\u00fd bal\u00edk pre \u00faspe\u0161n\u00fd lov! \ud83c\udfa3<\/p>\n<p>H\u013ead\u00e1\u0161 v\u0161etko v jednom? Tento praktick\u00fd combo bal\u00edk ti pon\u00faka presne to, \u010do potrebuje\u0161 na v\u00fdpravu k vode:<\/p>\n<p>2,5 kg krmn\u00fdch boilies \u2013 ide\u00e1lne na zakrmovanie a pril\u00e1kanie r\u00fdb<\/p>\n<p>1x dipovan\u00e9 boilies \u2013 extra atrakt\u00edvne pre r\u00fdchle z\u00e1bery<\/p>\n<p>1x esenciu v spreji \u2013 okam\u017eit\u00e9 zatrakt\u00edvnenie n\u00e1strah<\/p>\n<p>\u0160t\u00fdlov\u00e9 vedierko \u2013 odoln\u00e9, praktick\u00e9 a opakovane pou\u017eite\u013en\u00e9<\/p>\n<p>\ud83d\udca5 Perfektn\u00e9 pre ryb\u00e1rov, ktor\u00ed chc\u00fa kvalitu, jednoduchos\u0165 a efektivitu v jednom balen\u00ed.<\/p>","protected":false},"excerpt":{"rendered":"<p>BOILIES VEDIERKO COMBO \u2013 Kompletn\u00fd bal\u00edk pre \u00faspe\u0161n\u00fd lov! \ud83c\udfa3<\/p>\n<p>H\u013ead\u00e1\u0161 v\u0161etko v jednom? Tento praktick\u00fd combo bal\u00edk ti pon\u00faka presne to, \u010do potrebuje\u0161 na v\u00fdpravu k vode:<\/p>\n<p>2,5 kg krmn\u00fdch boilies \u2013 ide\u00e1lne na zakrmovanie a pril\u00e1kanie r\u00fdb<\/p>\n<p>1x dipovan\u00e9 boilies \u2013 extra atrakt\u00edvne pre r\u00fdchle z\u00e1bery<\/p>\n<p>1x esenciu v spreji \u2013 okam\u017eit\u00e9 zatrakt\u00edvnenie n\u00e1strah<\/p>\n<p>\u0160t\u00fdlov\u00e9 vedierko \u2013 odoln\u00e9, praktick\u00e9 a opakovane pou\u017eite\u013en\u00e9<\/p>\n<p>\ud83d\udca5 Perfektn\u00e9 pre ryb\u00e1rov, ktor\u00ed chc\u00fa kvalitu, jednoduchos\u0165 a efektivitu v jednom balen\u00ed.<\/p>","protected":false},"featured_media":2633,"template":"","meta":{"advanced_seo_description":"","jetpack_seo_html_title":"","jetpack_seo_noindex":false},"product_brand":[],"product_cat":[134],"product_tag":[],"class_list":{"0":"post-2646","1":"product","2":"type-product","3":"status-publish","4":"has-post-thumbnail","6":"product_cat-boilies-vedierko-combo","7":"pa_priemer-20mm","8":"pa_priemer-24mm","10":"first","11":"instock","12":"taxable","13":"shipping-taxable","14":"purchasable","15":"product-type-variable"},"jetpack_sharing_enabled":true,"_links":{"self":[{"href":"https:\/\/speedybaits.sk\/cs\/wp-json\/wp\/v2\/product\/2646","targetHints":{"allow":["GET"]}}],"collection":[{"href":"https:\/\/speedybaits.sk\/cs\/wp-json\/wp\/v2\/product"}],"about":[{"href":"https:\/\/speedybaits.sk\/cs\/wp-json\/wp\/v2\/types\/product"}],"version-history":[{"count":1,"href":"https:\/\/speedybaits.sk\/cs\/wp-json\/wp\/v2\/product\/2646\/revisions"}],"predecessor-version":[{"id":2649,"href":"https:\/\/speedybaits.sk\/cs\/wp-json\/wp\/v2\/product\/2646\/revisions\/2649"}],"wp:featuredmedia":[{"embeddable":true,"href":"https:\/\/speedybaits.sk\/cs\/wp-json\/wp\/v2\/media\/2633"}],"wp:attachment":[{"href":"https:\/\/speedybaits.sk\/cs\/wp-json\/wp\/v2\/media?parent=2646"}],"wp:term":[{"taxonomy":"product_brand","embeddable":true,"href":"https:\/\/speedybaits.sk\/cs\/wp-json\/wp\/v2\/product_brand?post=2646"},{"taxonomy":"product_cat","embeddable":true,"href":"https:\/\/speedybaits.sk\/cs\/wp-json\/wp\/v2\/product_cat?post=2646"},{"taxonomy":"product_tag","embeddable":true,"href":"https:\/\/speedybaits.sk\/cs\/wp-json\/wp\/v2\/product_tag?post=2646"}],"curies":[{"name":"wp","href":"https:\/\/api.w.org\/{rel}","templated":true}]}}