{"id":2602,"date":"2025-08-04T16:33:32","date_gmt":"2025-08-04T16:33:32","guid":{"rendered":"https:\/\/speedybaits.sk\/?post_type=product&#038;p=2602"},"modified":"2026-02-24T14:17:12","modified_gmt":"2026-02-24T14:17:12","slug":"krmne-boilies-losos-broskyna-5kg","status":"publish","type":"product","link":"https:\/\/speedybaits.sk\/cs\/produkt\/krmne-boilies-losos-broskyna-5kg\/","title":{"rendered":"K\u0155mne Boilies LOSOS BROSKY\u0147A 5kg"},"content":{"rendered":"<p>Krmn\u00e9 boilies 5 kg + booster<\/p>\n<p>Siln\u00e9 kombo pre mas\u00edvne zakrmovanie!<\/p>\n<p>\u27a1\ufe0f 5 kg krmnych boilies (vyber si ve\u013ekos\u0165 20 mm alebo 24 mm)<\/p>\n<p>\u27a1\ufe0f Booster rovnakej pr\u00edchute \u2013 pre e\u0161te silnej\u0161\u00ed sign\u00e1l pod vodou<\/p>\n<p>\u27a1\ufe0f V\u0161etko zabalen\u00e9 v odolnom 10L vedre, ktor\u00e9 vyu\u017eije\u0161 aj nabud\u00face<\/p>\n<p>Toto balenie je ide\u00e1lne pre dlh\u0161ie v\u00fdpravy alebo intenz\u00edvne zakrmovanie. R\u00fdchly \u00fa\u010dinok, v\u00fdrazn\u00e1 ar\u00f3ma a praktick\u00e9 balenie \u2013 presne to, \u010do potrebuje\u0161 k vode.<\/p>","protected":false},"excerpt":{"rendered":"<p>Krmn\u00e9 boilies 5 kg + booster<\/p>\n<p>Siln\u00e9 kombo pre mas\u00edvne zakrmovanie!<\/p>\n<p>\u27a1\ufe0f 5 kg krmnych boilies (vyber si ve\u013ekos\u0165 20 mm alebo 24 mm)<\/p>\n<p>\u27a1\ufe0f Booster rovnakej pr\u00edchute \u2013 pre e\u0161te silnej\u0161\u00ed sign\u00e1l pod vodou<\/p>\n<p>\u27a1\ufe0f V\u0161etko zabalen\u00e9 v odolnom 10L vedre, ktor\u00e9 vyu\u017eije\u0161 aj nabud\u00face<\/p>\n<p>Toto balenie je ide\u00e1lne pre dlh\u0161ie v\u00fdpravy alebo intenz\u00edvne zakrmovanie. R\u00fdchly \u00fa\u010dinok, v\u00fdrazn\u00e1 ar\u00f3ma a praktick\u00e9 balenie \u2013 presne to, \u010do potrebuje\u0161 k vode.<\/p>","protected":false},"featured_media":2599,"template":"","meta":{"advanced_seo_description":"","jetpack_seo_html_title":"","jetpack_seo_noindex":false},"product_brand":[],"product_cat":[59],"product_tag":[],"class_list":{"0":"post-2602","1":"product","2":"type-product","3":"status-publish","4":"has-post-thumbnail","6":"product_cat-krmene-boilies","7":"pa_priemer-20mm","8":"pa_priemer-24mm","10":"first","11":"outofstock","12":"taxable","13":"shipping-taxable","14":"purchasable","15":"product-type-variable"},"jetpack_sharing_enabled":true,"_links":{"self":[{"href":"https:\/\/speedybaits.sk\/cs\/wp-json\/wp\/v2\/product\/2602","targetHints":{"allow":["GET"]}}],"collection":[{"href":"https:\/\/speedybaits.sk\/cs\/wp-json\/wp\/v2\/product"}],"about":[{"href":"https:\/\/speedybaits.sk\/cs\/wp-json\/wp\/v2\/types\/product"}],"version-history":[{"count":1,"href":"https:\/\/speedybaits.sk\/cs\/wp-json\/wp\/v2\/product\/2602\/revisions"}],"predecessor-version":[{"id":2605,"href":"https:\/\/speedybaits.sk\/cs\/wp-json\/wp\/v2\/product\/2602\/revisions\/2605"}],"wp:featuredmedia":[{"embeddable":true,"href":"https:\/\/speedybaits.sk\/cs\/wp-json\/wp\/v2\/media\/2599"}],"wp:attachment":[{"href":"https:\/\/speedybaits.sk\/cs\/wp-json\/wp\/v2\/media?parent=2602"}],"wp:term":[{"taxonomy":"product_brand","embeddable":true,"href":"https:\/\/speedybaits.sk\/cs\/wp-json\/wp\/v2\/product_brand?post=2602"},{"taxonomy":"product_cat","embeddable":true,"href":"https:\/\/speedybaits.sk\/cs\/wp-json\/wp\/v2\/product_cat?post=2602"},{"taxonomy":"product_tag","embeddable":true,"href":"https:\/\/speedybaits.sk\/cs\/wp-json\/wp\/v2\/product_tag?post=2602"}],"curies":[{"name":"wp","href":"https:\/\/api.w.org\/{rel}","templated":true}]}}