{"id":1993,"date":"2025-06-17T17:18:35","date_gmt":"2025-06-17T17:18:35","guid":{"rendered":"https:\/\/speedybaits.sk\/produkt\/cierna-mikina-s-kapucnou-unisex\/"},"modified":"2025-08-23T21:09:14","modified_gmt":"2025-08-23T21:09:14","slug":"cierna-mikina-s-kapucnou-unisex","status":"publish","type":"product","link":"https:\/\/speedybaits.sk\/cs\/produkt\/cierna-mikina-s-kapucnou-unisex\/","title":{"rendered":"\u010cierna mikina s kapuc\u0148ou unisex"},"content":{"rendered":"<p style=\"margin: 0px 0px 19px;font-family\"><span>Vyroben\u00e1 z vysoko kvalitn\u00e9ho materi\u00e1lu pod\u013ea najnov\u0161\u00edch m\u00f3dnych trendov, v ktorej vyniknete.<\/span><\/p>\n<p style=\"margin: 0px 0px 19px;font-family\"><span><\/span><\/p>\n<pre id=\"tw-target-text\" class=\"tw-data-text tw-text-large tw-ta\" dir=\"ltr\" data-placeholder=\"Preklad\" style=\"overflow: auto;font-family: sans-serif;font-size: 14px;font-style: normal;font-weight: 400;letter-spacing: normal;text-align: start;text-indent: 0px;text-transform: none;text-decoration: none\"><span class=\"Y2IQFc\" lang=\"sk\">Kvalitn\u00e1 mikina s kapuc\u0148ou<\/span>\u2029<span class=\"Y2IQFc\" lang=\"sk\">rovn\u00fd strih s bo\u010dn\u00fdmi \u0161vami<\/span>\u2029<span class=\"Y2IQFc\" lang=\"sk\">kapuc\u0148a s pod\u0161\u00edvkou, na stiahnutie \u0161n\u00farkou<\/span>\u2029<span class=\"Y2IQFc\" lang=\"sk\">vn\u00fatorn\u00e1 \u010das\u0165 priekr\u010dn\u00edka za\u010disten\u00e1 p\u00e1skou vo farbe povrchov\u00e9ho materi\u00e1lu<\/span>\u2029<span class=\"Y2IQFc\" lang=\"sk\">nakladan\u00e9 vrecko v \u0161t\u00fdle klokanky<\/span>\u2029<span class=\"Y2IQFc\" lang=\"sk\">doln\u00fd lem a man\u017eety ruk\u00e1vov z rebrov\u00e9ho \u00fapletu 2:2 s 5% elastanu<\/span>\u2029<span class=\"Y2IQFc\" lang=\"sk\">vn\u00fatorn\u00e1 strana po\u010desan\u00e1<\/span>\u2029<span class=\"Y2IQFc\" lang=\"sk\">\u010dierna mikina<\/span>\u2029\u2029<span class=\"Y2IQFc\" lang=\"sk\">Materi\u00e1l:<\/span>\u2029<span class=\"Y2IQFc\" lang=\"sk\">65% bavlna, 35% polyester<\/span>\u2029<span class=\"Y2IQFc\" lang=\"sk\">hmotnos\u0165 320g\/m2<\/span><\/pre>","protected":false},"excerpt":{"rendered":"<p><span>Vyroben\u00e1 z vysoko kvalitn\u00e9ho materi\u00e1lu pod\u013ea najnov\u0161\u00edch m\u00f3dnych trendov, v ktorej vyniknete.<\/span><\/p>\n<p><span><\/span><\/p>\n<pre id=\"tw-target-text\" class=\"tw-data-text tw-text-large tw-ta\" dir=\"ltr\" data-placeholder=\"Preklad\" style=\"overflow: auto;font-family: sans-serif;font-size: 14px;font-style: normal;font-weight: 400;letter-spacing: normal;text-align: start;text-indent: 0px;text-transform: none;text-decoration: none\"><span class=\"Y2IQFc\" lang=\"sk\">Kvalitn\u00e1 mikina s kapuc\u0148ou<\/span>\u2029<span class=\"Y2IQFc\" lang=\"sk\">rovn\u00fd strih s bo\u010dn\u00fdmi \u0161vami<\/span>\u2029<span class=\"Y2IQFc\" lang=\"sk\">kapuc\u0148a s pod\u0161\u00edvkou, na stiahnutie \u0161n\u00farkou<\/span>\u2029<span class=\"Y2IQFc\" lang=\"sk\">vn\u00fatorn\u00e1 \u010das\u0165 priekr\u010dn\u00edka za\u010disten\u00e1 p\u00e1skou vo farbe povrchov\u00e9ho materi\u00e1lu<\/span>\u2029<span class=\"Y2IQFc\" lang=\"sk\">nakladan\u00e9 vrecko v \u0161t\u00fdle klokanky<\/span>\u2029<span class=\"Y2IQFc\" lang=\"sk\">doln\u00fd lem a man\u017eety ruk\u00e1vov z rebrov\u00e9ho \u00fapletu 2:2 s 5% elastanu<\/span>\u2029<span class=\"Y2IQFc\" lang=\"sk\">vn\u00fatorn\u00e1 strana po\u010desan\u00e1<\/span>\u2029<span class=\"Y2IQFc\" lang=\"sk\">\u010dierna mikina\n<\/span>\u2029<span class=\"Y2IQFc\" lang=\"sk\">Materi\u00e1l:<\/span>\u2029<span class=\"Y2IQFc\" lang=\"sk\">65% bavlna, 35% polyester<\/span>\u2029<span class=\"Y2IQFc\" lang=\"sk\">hmotnos\u0165 320g\/m2<\/span><\/pre>","protected":false},"featured_media":1988,"template":"","meta":{"advanced_seo_description":"","jetpack_seo_html_title":"","jetpack_seo_noindex":false},"product_brand":[],"product_cat":[93],"product_tag":[],"class_list":{"0":"post-1993","1":"product","2":"type-product","3":"status-publish","4":"has-post-thumbnail","6":"product_cat-mikiny","8":"first","9":"instock","10":"taxable","11":"shipping-taxable","12":"purchasable","13":"product-type-variable"},"jetpack_sharing_enabled":true,"_links":{"self":[{"href":"https:\/\/speedybaits.sk\/cs\/wp-json\/wp\/v2\/product\/1993","targetHints":{"allow":["GET"]}}],"collection":[{"href":"https:\/\/speedybaits.sk\/cs\/wp-json\/wp\/v2\/product"}],"about":[{"href":"https:\/\/speedybaits.sk\/cs\/wp-json\/wp\/v2\/types\/product"}],"version-history":[{"count":0,"href":"https:\/\/speedybaits.sk\/cs\/wp-json\/wp\/v2\/product\/1993\/revisions"}],"wp:featuredmedia":[{"embeddable":true,"href":"https:\/\/speedybaits.sk\/cs\/wp-json\/wp\/v2\/media\/1988"}],"wp:attachment":[{"href":"https:\/\/speedybaits.sk\/cs\/wp-json\/wp\/v2\/media?parent=1993"}],"wp:term":[{"taxonomy":"product_brand","embeddable":true,"href":"https:\/\/speedybaits.sk\/cs\/wp-json\/wp\/v2\/product_brand?post=1993"},{"taxonomy":"product_cat","embeddable":true,"href":"https:\/\/speedybaits.sk\/cs\/wp-json\/wp\/v2\/product_cat?post=1993"},{"taxonomy":"product_tag","embeddable":true,"href":"https:\/\/speedybaits.sk\/cs\/wp-json\/wp\/v2\/product_tag?post=1993"}],"curies":[{"name":"wp","href":"https:\/\/api.w.org\/{rel}","templated":true}]}}