{"id":1771,"date":"2025-06-16T21:09:11","date_gmt":"2025-06-16T21:09:11","guid":{"rendered":"https:\/\/speedybaits.sk\/produkt\/dezinfekcia-ran-pre-ryby-kapre-50-ml\/"},"modified":"2026-04-28T05:07:59","modified_gmt":"2026-04-28T05:07:59","slug":"dezinfekcia-ran-pre-ryby-kapre-50-ml","status":"publish","type":"product","link":"https:\/\/speedybaits.sk\/cs\/produkt\/dezinfekcia-ran-pre-ryby-kapre-50-ml\/","title":{"rendered":"Dezinfekcia r\u00e1n pre ryby kapre 50 ml"},"content":{"rendered":"<p>\u0160pecializovan\u00fd dezinfek\u010dn\u00fd prostriedok na rany od kaprov, ktor\u00fd je nenahradite\u013en\u00fd na ka\u017edom kapr\u00e1rskom v\u00fdlete. Dezinfek\u010dn\u00fd prostriedok na rany zabra\u0148uje infekci\u00e1m v ran\u00e1ch r\u00fdb a ur\u00fdch\u013euje proces hojenia. V\u010faka starostlivo vybran\u00e9mu zlo\u017eeniu ho mo\u017eno pou\u017ei\u0165 pre v\u0161etky druhy r\u00fdb. Praktick\u00e9 a jednoduch\u00e9 pou\u017eitie v\u010faka f\u013ea\u0161ti\u010dke s rozpra\u0161ova\u010dom. Sta\u010d\u00ed ho nastrieka\u0165 na ranu ryby.<\/p>\n<p><strong style=\"font-weight: 700\">F\u013ea\u0161a s rozpra\u0161ova\u010dom 50 ml<\/strong><\/p>","protected":false},"excerpt":{"rendered":"<p>\u0160pecializovan\u00fd dezinfek\u010dn\u00fd prostriedok na rany od kaprov, ktor\u00fd je nenahradite\u013en\u00fd na ka\u017edom kapr\u00e1rskom v\u00fdlete. Dezinfek\u010dn\u00fd prostriedok na rany zabra\u0148uje infekci\u00e1m v ran\u00e1ch r\u00fdb a ur\u00fdch\u013euje proces hojenia. V\u010faka starostlivo vybran\u00e9mu zlo\u017eeniu ho mo\u017eno pou\u017ei\u0165 pre v\u0161etky druhy r\u00fdb. Praktick\u00e9 a jednoduch\u00e9 pou\u017eitie v\u010faka f\u013ea\u0161ti\u010dke s rozpra\u0161ova\u010dom. Sta\u010d\u00ed ho nastrieka\u0165 na ranu ryby.<\/p>\n<p><strong style=\"font-weight: 700\">F\u013ea\u0161a s rozpra\u0161ova\u010dom 50 ml<\/strong><\/p>","protected":false},"featured_media":1770,"template":"","meta":{"advanced_seo_description":"","jetpack_seo_html_title":"","jetpack_seo_noindex":false},"product_brand":[],"product_cat":[42],"product_tag":[],"class_list":{"0":"post-1771","1":"product","2":"type-product","3":"status-publish","4":"has-post-thumbnail","6":"product_cat-starostlivost-o-ulovok","8":"first","9":"instock","10":"taxable","11":"shipping-taxable","12":"purchasable","13":"product-type-simple"},"jetpack_sharing_enabled":true,"_links":{"self":[{"href":"https:\/\/speedybaits.sk\/cs\/wp-json\/wp\/v2\/product\/1771","targetHints":{"allow":["GET"]}}],"collection":[{"href":"https:\/\/speedybaits.sk\/cs\/wp-json\/wp\/v2\/product"}],"about":[{"href":"https:\/\/speedybaits.sk\/cs\/wp-json\/wp\/v2\/types\/product"}],"version-history":[{"count":0,"href":"https:\/\/speedybaits.sk\/cs\/wp-json\/wp\/v2\/product\/1771\/revisions"}],"wp:featuredmedia":[{"embeddable":true,"href":"https:\/\/speedybaits.sk\/cs\/wp-json\/wp\/v2\/media\/1770"}],"wp:attachment":[{"href":"https:\/\/speedybaits.sk\/cs\/wp-json\/wp\/v2\/media?parent=1771"}],"wp:term":[{"taxonomy":"product_brand","embeddable":true,"href":"https:\/\/speedybaits.sk\/cs\/wp-json\/wp\/v2\/product_brand?post=1771"},{"taxonomy":"product_cat","embeddable":true,"href":"https:\/\/speedybaits.sk\/cs\/wp-json\/wp\/v2\/product_cat?post=1771"},{"taxonomy":"product_tag","embeddable":true,"href":"https:\/\/speedybaits.sk\/cs\/wp-json\/wp\/v2\/product_tag?post=1771"}],"curies":[{"name":"wp","href":"https:\/\/api.w.org\/{rel}","templated":true}]}}