{"id":1763,"date":"2025-06-16T21:03:02","date_gmt":"2025-06-16T21:03:02","guid":{"rendered":"https:\/\/speedybaits.sk\/produkt\/montaz-leadcore-helicopter-leader-45-lbs-100-cm-hneda\/"},"modified":"2025-08-23T21:10:08","modified_gmt":"2025-08-23T21:10:08","slug":"montaz-leadcore-helicopter-leader-45-lbs-100-cm-hneda","status":"publish","type":"product","link":"https:\/\/speedybaits.sk\/cs\/produkt\/montaz-leadcore-helicopter-leader-45-lbs-100-cm-hneda\/","title":{"rendered":"Mont\u00e1\u017e Leadcore Helicopter Leader 45 lbs \/ 100 cm hned\u00e1"},"content":{"rendered":"<p class=\"\" data-start=\"35\" data-end=\"444\">Hotov\u00e1 kapr\u00e1rska helikopt\u00e9rov\u00e1 zostava vyroben\u00e1 z olovenky s nosnos\u0165ou 45 lb. Jeden koniec je zakon\u010den\u00fd slu\u010dkou, ku ktorej sa pripev\u0148uje hlavn\u00fd vlasec, zatia\u013e \u010do druh\u00fd koniec olovenky je vybaven\u00fd univerz\u00e1lnym klipom na uchytenie olova. Tento hotov\u00fd set je ide\u00e1lny pre kapr\u00e1rske zostavy na dlh\u00e9 hody. N\u00e1v\u00e4zec sa pripev\u0148uje k obratl\u00edku s kr\u00fa\u017ekom, ktor\u00fd je s\u00fa\u010das\u0165ou zostavy, a mo\u017eno ho ihne\u010f nahodi\u0165 do vody.<\/p>\n<p class=\"\" data-start=\"446\" data-end=\"505\"><strong data-start=\"446\" data-end=\"458\" style=\"font-weight: 700\">Nosnos\u0165:<\/strong><span class=\"Apple-converted-space\">&nbsp;<\/span>45 lb<br \/>\n<strong data-start=\"467\" data-end=\"477\" style=\"font-weight: 700\">D\u013a\u017eka:<\/strong><span class=\"Apple-converted-space\">&nbsp;<\/span>100 cm<br \/>\n<strong data-start=\"487\" data-end=\"497\" style=\"font-weight: 700\">Farba:<\/strong><span class=\"Apple-converted-space\">&nbsp;<\/span>Hned\u00e1<\/p>","protected":false},"excerpt":{"rendered":"<p class=\"\" data-start=\"35\" data-end=\"444\">Hotov\u00e1 kapr\u00e1rska helikopt\u00e9rov\u00e1 zostava vyroben\u00e1 z olovenky s nosnos\u0165ou 45 lb. Jeden koniec je zakon\u010den\u00fd slu\u010dkou, ku ktorej sa pripev\u0148uje hlavn\u00fd vlasec, zatia\u013e \u010do druh\u00fd koniec olovenky je vybaven\u00fd univerz\u00e1lnym klipom na uchytenie olova. Tento hotov\u00fd set je ide\u00e1lny pre kapr\u00e1rske zostavy na dlh\u00e9 hody. N\u00e1v\u00e4zec sa pripev\u0148uje k obratl\u00edku s kr\u00fa\u017ekom, ktor\u00fd je s\u00fa\u010das\u0165ou zostavy, a mo\u017eno ho ihne\u010f nahodi\u0165 do vody.<\/p>\n<p class=\"\" data-start=\"446\" data-end=\"505\"><strong data-start=\"446\" data-end=\"458\" style=\"font-weight: 700\">Nosnos\u0165:<\/strong><span class=\"Apple-converted-space\">&nbsp;<\/span>45 lb<br \/>\n<strong data-start=\"467\" data-end=\"477\" style=\"font-weight: 700\">D\u013a\u017eka:<\/strong><span class=\"Apple-converted-space\">&nbsp;<\/span>100 cm<br \/>\n<strong data-start=\"487\" data-end=\"497\" style=\"font-weight: 700\">Farba:<\/strong><span class=\"Apple-converted-space\">&nbsp;<\/span>Hned\u00e1<\/p>","protected":false},"featured_media":1761,"template":"","meta":{"advanced_seo_description":"","jetpack_seo_html_title":"","jetpack_seo_noindex":false},"product_brand":[],"product_cat":[81],"product_tag":[],"class_list":{"0":"post-1763","1":"product","2":"type-product","3":"status-publish","4":"has-post-thumbnail","6":"product_cat-montaze","8":"first","9":"instock","10":"taxable","11":"shipping-taxable","12":"purchasable","13":"product-type-simple"},"jetpack_sharing_enabled":true,"_links":{"self":[{"href":"https:\/\/speedybaits.sk\/cs\/wp-json\/wp\/v2\/product\/1763","targetHints":{"allow":["GET"]}}],"collection":[{"href":"https:\/\/speedybaits.sk\/cs\/wp-json\/wp\/v2\/product"}],"about":[{"href":"https:\/\/speedybaits.sk\/cs\/wp-json\/wp\/v2\/types\/product"}],"version-history":[{"count":0,"href":"https:\/\/speedybaits.sk\/cs\/wp-json\/wp\/v2\/product\/1763\/revisions"}],"wp:featuredmedia":[{"embeddable":true,"href":"https:\/\/speedybaits.sk\/cs\/wp-json\/wp\/v2\/media\/1761"}],"wp:attachment":[{"href":"https:\/\/speedybaits.sk\/cs\/wp-json\/wp\/v2\/media?parent=1763"}],"wp:term":[{"taxonomy":"product_brand","embeddable":true,"href":"https:\/\/speedybaits.sk\/cs\/wp-json\/wp\/v2\/product_brand?post=1763"},{"taxonomy":"product_cat","embeddable":true,"href":"https:\/\/speedybaits.sk\/cs\/wp-json\/wp\/v2\/product_cat?post=1763"},{"taxonomy":"product_tag","embeddable":true,"href":"https:\/\/speedybaits.sk\/cs\/wp-json\/wp\/v2\/product_tag?post=1763"}],"curies":[{"name":"wp","href":"https:\/\/api.w.org\/{rel}","templated":true}]}}